{"id":795,"date":"2018-05-10T06:22:06","date_gmt":"2018-05-10T06:22:06","guid":{"rendered":"http:\/\/keenitsolutions.com\/products\/wordpress\/rsconstruction\/?page_id=795"},"modified":"2022-12-17T19:06:37","modified_gmt":"2022-12-17T19:06:37","slug":"about-us","status":"publish","type":"page","link":"https:\/\/ouropretoturismo.com.br\/about-us\/","title":{"rendered":"Sobre n\u00f3s"},"content":{"rendered":"<p>[vc_row full_width=&#8221;stretch_row&#8221; css=&#8221;.vc_custom_1525933786777{padding-top: 65px !important;padding-bottom: 65px !important;background-color: #f0f0f0 !important;}&#8221; el_id=&#8221;rscontact-pages&#8221;][vc_column]\r\n        <div class=\"rs-heading   \">\r\n        \t<div class=\"title-inner\">\r\n\t            <span class=\"sub-text\">OURO PRETO TURISMO<\/span>\r\n\t            \r\n\t        <\/div><div class=\"description\"><p><\/p>\n<blockquote><p>Atuamos no segmento de receptivo tur\u00edstico h\u00e1 mais de 35 anos.<\/p><\/blockquote>\n<p>Bem-vindo! Aqui voc\u00ea pode conhecer as Cidades Coloniais de Minas Gerais, com todos os seus atrativos e escolher os melhores roteiros para o seu passeio.<\/p>\n<p>Al\u00e9m das Vilas Coloniais, voc\u00ea tamb\u00e9m pode visitar o Inhotim, o Museu de Arte Contempor\u00e2nea e a cidade de Belo Horizonte, capital de Minas Gerais.<\/p>\n<p>Navegue pelo menu e conte conosco para informa\u00e7\u00f5es sobre roteiros, pousadas e passeios.<\/p><\/div><\/div>[vc_row_inner css=&#8221;.vc_custom_1525933782969{padding-top: 0px !important;}&#8221;][vc_column_inner el_class=&#8221;contact-details&#8221; width=&#8221;1\/3&#8243;][vc_icon icon_fontawesome=&#8221;fa fa-map-marker&#8221; color=&#8221;black&#8221; background_style=&#8221;rounded&#8221; background_color=&#8221;orange&#8221; size=&#8221;sm&#8221; align=&#8221;center&#8221;][vc_column_text]<\/p>\n<p style=\"text-align: center;\">Av. Afonso Pena 4.273 | 302<br \/>\nCEP 30.130-008 | Belo Horizonte &#8211; MG | Brazil<\/p>\n<p>[\/vc_column_text][\/vc_column_inner][vc_column_inner el_class=&#8221;contact-details&#8221; width=&#8221;1\/3&#8243;][vc_icon icon_fontawesome=&#8221;fa fa-phone&#8221; color=&#8221;black&#8221; background_style=&#8221;rounded&#8221; background_color=&#8221;orange&#8221; size=&#8221;sm&#8221; align=&#8221;center&#8221;][vc_column_text]<\/p>\n<p style=\"text-align: center;\">Whatsapp: 55-31-98802-9997<\/p>\n<p>[\/vc_column_text][\/vc_column_inner][vc_column_inner el_class=&#8221;contact-details&#8221; width=&#8221;1\/3&#8243;][vc_icon icon_fontawesome=&#8221;fa fa-envelope&#8221; color=&#8221;black&#8221; background_style=&#8221;rounded&#8221; background_color=&#8221;orange&#8221; size=&#8221;sm&#8221; align=&#8221;center&#8221;][vc_column_text]<\/p>\n<p style=\"text-align: center;\">Email: <a href=\"mailto:op@ouropretoturismo.com.br\">op@ouropretoturismo.com.br<\/a><br \/>\nWeb:&nbsp;<a href=\"http:\/\/ouropretoturismo.com.br\">www.ouropretoturismo.com.br<\/a><\/p>\n<p>[\/vc_column_text][\/vc_column_inner][\/vc_row_inner][vc_row_inner css=&#8221;.vc_custom_1529485550804{padding-top: 60px !important;}&#8221;][vc_column_inner width=&#8221;1\/2&#8243;][vc_gmaps link=&#8221;#E-8_JTNDaWZyYW1lJTIwc3JjJTNEJTIyaHR0cHMlM0ElMkYlMkZ3d3cuZ29vZ2xlLmNvbSUyRm1hcHMlMkZlbWJlZCUzRnBiJTNEJTIxMW0xOCUyMTFtMTIlMjExbTMlMjExZDM3NTAuNDU4NzA0Nzg5OTM1NCUyMTJkLTQzLjkyMzAwNjk0ODk5NTIzJTIxM2QtMTkuOTQ3MjAyNTQzOTMxMTElMjEybTMlMjExZjAlMjEyZjAlMjEzZjAlMjEzbTIlMjExaTEwMjQlMjEyaTc2OCUyMTRmMTMuMSUyMTNtMyUyMTFtMiUyMTFzMHhhNjk5YjZjMmUwYWQxZiUyNTNBMHhjZWQxMTE4NjM2NmQyODE0JTIxMnNBdi4lMjUyMEFmb25zbyUyNTIwUGVuYSUyNTJDJTI1MjA0MjczJTI1MjAtJTI1MjBDZW50cm8lMjUyQyUyNTIwQmVsbyUyNTIwSG9yaXpvbnRlJTI1MjAtJTI1MjBNRyUyNTJDJTI1MjAzMDEzMC0wMDglMjE1ZTAlMjEzbTIlMjExc3B0LUJSJTIxMnNiciUyMTR2MTYxMzU4NzkxNDAyOSUyMTVtMiUyMTFzcHQtQlIlMjEyc2JyJTIyJTIwd2lkdGglM0QlMjI2MDAlMjIlMjBoZWlnaHQlM0QlMjI0MjYlMjIlMjBmcmFtZWJvcmRlciUzRCUyMjAlMjIlMjBzdHlsZSUzRCUyMmJvcmRlciUzQTAlM0IlMjIlMjBhbGxvd2Z1bGxzY3JlZW4lM0QlMjIlMjIlMjBhcmlhLWhpZGRlbiUzRCUyMmZhbHNlJTIyJTIwdGFiaW5kZXglM0QlMjIwJTIyJTNFJTNDJTJGaWZyYW1lJTNF&#8221;][\/vc_column_inner][vc_column_inner el_class=&#8221;pages-contact-form&#8221; width=&#8221;1\/2&#8243;]<div role=\"form\" class=\"wpcf7\" id=\"wpcf7-f3592-o1\" lang=\"en-US\" dir=\"ltr\">\n<div class=\"screen-reader-response\"><p role=\"status\" aria-live=\"polite\" aria-atomic=\"true\"><\/p> <ul><\/ul><\/div>\n<form action=\"\/pt\/wp-json\/wp\/v2\/pages\/795#wpcf7-f3592-o1\" method=\"post\" class=\"wpcf7-form init\" novalidate=\"novalidate\" data-status=\"init\">\n<div style=\"display: none;\">\n<input type=\"hidden\" name=\"_wpcf7\" value=\"3592\" \/>\n<input type=\"hidden\" name=\"_wpcf7_version\" value=\"5.5.6.1\" \/>\n<input type=\"hidden\" name=\"_wpcf7_locale\" value=\"en_US\" \/>\n<input type=\"hidden\" name=\"_wpcf7_unit_tag\" value=\"wpcf7-f3592-o1\" \/>\n<input type=\"hidden\" name=\"_wpcf7_container_post\" value=\"0\" \/>\n<input type=\"hidden\" name=\"_wpcf7_posted_data_hash\" value=\"\" \/>\n<\/div>\n<div class=\"form-row contact-form-area\">\n<div class=\"col-sm-6 first-col\">\n                      <span class=\"wpcf7-form-control-wrap your-name\"><input type=\"text\" name=\"your-name\" value=\"\" size=\"40\" class=\"wpcf7-form-control wpcf7-text wpcf7-validates-as-required\" aria-required=\"true\" aria-invalid=\"false\" placeholder=\"Nome*\" \/><\/span>\n\t\t<\/div>\n<div class=\"col-sm-6 last-col\">\n                    <span class=\"wpcf7-form-control-wrap your-email\"><input type=\"email\" name=\"your-email\" value=\"\" size=\"40\" class=\"wpcf7-form-control wpcf7-text wpcf7-email wpcf7-validates-as-required wpcf7-validates-as-email\" aria-required=\"true\" aria-invalid=\"false\" placeholder=\"E-Mail*\" \/><\/span>\n\t\t<\/div>\n<div class=\"col-sm-6\">\n                     <span class=\"wpcf7-form-control-wrap your-phone\"><input type=\"text\" name=\"your-phone\" value=\"\" size=\"40\" class=\"wpcf7-form-control wpcf7-text\" aria-invalid=\"false\" placeholder=\"Telefone\" \/><\/span>\n\t\t<\/div>\n<div class=\"col-sm-6\">\n                      <span class=\"wpcf7-form-control-wrap your-website\"><input type=\"text\" name=\"your-website\" value=\"\" size=\"40\" class=\"wpcf7-form-control wpcf7-text\" aria-invalid=\"false\" placeholder=\"\u00c9 Whatsapp?\" \/><\/span>\n\t\t<\/div>\n<div class=\"col-sm-12\">\n\t\t\t<span class=\"wpcf7-form-control-wrap your-message\"><textarea name=\"your-message\" cols=\"40\" rows=\"10\" class=\"wpcf7-form-control wpcf7-textarea\" aria-invalid=\"false\" placeholder=\"Sua mensagem*\"><\/textarea><\/span>\n\t\t<\/div>\n<div class=\"col-sm-12\">\n<div class=\"submit-center\"><input type=\"submit\" value=\"Enviar\" class=\"wpcf7-form-control has-spinner wpcf7-submit\" \/><\/div>\n<\/div>\n<\/div>\n<div class=\"wpcf7-response-output\" aria-hidden=\"true\"><\/div><\/form><\/div>[\/vc_column_inner][\/vc_row_inner][\/vc_column][\/vc_row][vc_row][vc_column][\/vc_column][\/vc_row]<\/p>\n","protected":false},"excerpt":{"rendered":"<p>[vc_row full_width=&#8221;stretch_row&#8221; css=&#8221;.vc_custom_1525933786777{padding-top: 65px !important;padding-bottom: 65px !important;background-color: #f0f0f0 !important;}&#8221; el_id=&#8221;rscontact-pages&#8221;][vc_column] OURO PRETO TURISMO Atuamos no segmento de receptivo tur\u00edstico h\u00e1&#8230;<\/p>\n","protected":false},"author":2,"featured_media":0,"parent":0,"menu_order":0,"comment_status":"closed","ping_status":"closed","template":"","meta":[],"_links":{"self":[{"href":"https:\/\/ouropretoturismo.com.br\/wp-json\/wp\/v2\/pages\/795"}],"collection":[{"href":"https:\/\/ouropretoturismo.com.br\/wp-json\/wp\/v2\/pages"}],"about":[{"href":"https:\/\/ouropretoturismo.com.br\/wp-json\/wp\/v2\/types\/page"}],"author":[{"embeddable":true,"href":"https:\/\/ouropretoturismo.com.br\/wp-json\/wp\/v2\/users\/2"}],"replies":[{"embeddable":true,"href":"https:\/\/ouropretoturismo.com.br\/wp-json\/wp\/v2\/comments?post=795"}],"version-history":[{"count":27,"href":"https:\/\/ouropretoturismo.com.br\/wp-json\/wp\/v2\/pages\/795\/revisions"}],"predecessor-version":[{"id":4791,"href":"https:\/\/ouropretoturismo.com.br\/wp-json\/wp\/v2\/pages\/795\/revisions\/4791"}],"wp:attachment":[{"href":"https:\/\/ouropretoturismo.com.br\/wp-json\/wp\/v2\/media?parent=795"}],"curies":[{"name":"wp","href":"https:\/\/api.w.org\/{rel}","templated":true}]}}