{"id":4419,"date":"2021-02-26T22:28:23","date_gmt":"2021-02-26T22:28:23","guid":{"rendered":"https:\/\/ouropretoturismo.com.br\/en\/?page_id=4419"},"modified":"2021-04-07T22:23:44","modified_gmt":"2021-04-07T22:23:44","slug":"belo-horizonte","status":"publish","type":"page","link":"https:\/\/ouropretoturismo.com.br\/belo-horizonte\/","title":{"rendered":"Belo Horizonte"},"content":{"rendered":"<p>[vc_row][vc_column][vc_column_text]<\/p>\n<h3 style=\"text-align: center;\">BELO HORIZONTE<\/h3>\n<p>[\/vc_column_text][\/vc_column][\/vc_row][vc_row][vc_column width=&#8221;1\/2&#8243;][vc_single_image image=&#8221;4734&#8243; img_size=&#8221;full&#8221;][\/vc_column][vc_column width=&#8221;1\/2&#8243;][vc_column_text]<\/p>\n<p>Fundada em 1897, Belo Horizonte \u00e9 hoje a terceira maior cidade do Brasil e um importante polo industrial.<br \/>A principal atra\u00e7\u00e3o tur\u00edstica da cidade \u00e9 a Pampulha, bairro planejado ao redor de um lago artificial e que emoldura um conjunto arquitet\u00f4nico projetado pelo mundialmente famoso Oscar Niemeyer.<br \/>\u00c9 neste bairro que se podem ver as primeiras obras do arquiteto Niemeyer, projetos paisag\u00edsticos de Burle Marx e as pinturas de C\u00e2ndido Portinari.<br \/>A localidade \u00e9 considerada como um dos primeiros exemplos da arquitetura contempor\u00e2nea no Brasil, que atingiu seu cl\u00edmax em Bras\u00edlia.<br \/>O complexo \u00e9 composto pela Igreja S\u00e3o Francisco de Assis, um elegante sal\u00e3o de festas conhecido como \u201cCasa do Baile\u201d, o Iate Clube e o antigo Cassino, transformado no atual Museu de Arte Contempor\u00e2nea.<\/p>\n<p>[\/vc_column_text][\/vc_column][\/vc_row][vc_row][vc_column width=&#8221;1\/2&#8243;][vc_single_image image=&#8221;4736&#8243; img_size=&#8221;full&#8221;][\/vc_column][vc_column width=&#8221;1\/2&#8243;][vc_column_text]<\/p>\n<p>A cidade possui um calend\u00e1rio cultural animado, especialmente no Pal\u00e1cio das Artes (um multi-teatro). A vida noturna tamb\u00e9m \u00e9 animada e o bairro Savassi oferece muitas possibilidades de entretenimento em suas muitas casas noturnas, bares e restaurantes.<\/p>\n<p><strong>Virtual Tour<\/strong> &#8211;<a href=\"http:\/\/visitas.minasgerais.com.br\/bh\/index.htm\" target=\"_blank\" rel=\"noopener\"> Belo Horizonte <\/a> &#8211; <a href=\"http:\/\/visitas.minasgerais.com.br\/bhpampulha\/index01.htm\" target=\"_blank\" rel=\"noopener\">Pampulha &#8211; 01 <\/a> &#8211;\u00a0<a href=\"http:\/\/visitas.minasgerais.com.br\/bh\/index.htm\" target=\"_blank\" rel=\"noopener\">Pampulha &#8211; 02 <\/a> &#8211;\u00a0 <a href=\"http:\/\/visitas.minasgerais.com.br\/bhliberdade\/index35.htm\" target=\"_blank\" rel=\"noopener\">Circuito Pra\u00e7a da Liberdade &#8211; 01 <\/a> &#8211;<a href=\"http:\/\/visitas.minasgerais.com.br\/bhliberdade\/index.htm\" target=\"_blank\" rel=\"noopener\"> Circuito Pra\u00e7a da Liberdade &#8211; 02<\/a>[\/vc_column_text][\/vc_column][\/vc_row]<\/p>\n","protected":false},"excerpt":{"rendered":"<p>[vc_row][vc_column][vc_column_text] BELO HORIZONTE [\/vc_column_text][\/vc_column][\/vc_row][vc_row][vc_column width=&#8221;1\/2&#8243;][vc_single_image image=&#8221;4734&#8243; img_size=&#8221;full&#8221;][\/vc_column][vc_column width=&#8221;1\/2&#8243;][vc_column_text] Fundada em 1897, Belo Horizonte \u00e9 hoje a terceira maior cidade do&#8230;<\/p>\n","protected":false},"author":2,"featured_media":0,"parent":0,"menu_order":0,"comment_status":"closed","ping_status":"closed","template":"","meta":[],"_links":{"self":[{"href":"https:\/\/ouropretoturismo.com.br\/wp-json\/wp\/v2\/pages\/4419"}],"collection":[{"href":"https:\/\/ouropretoturismo.com.br\/wp-json\/wp\/v2\/pages"}],"about":[{"href":"https:\/\/ouropretoturismo.com.br\/wp-json\/wp\/v2\/types\/page"}],"author":[{"embeddable":true,"href":"https:\/\/ouropretoturismo.com.br\/wp-json\/wp\/v2\/users\/2"}],"replies":[{"embeddable":true,"href":"https:\/\/ouropretoturismo.com.br\/wp-json\/wp\/v2\/comments?post=4419"}],"version-history":[{"count":21,"href":"https:\/\/ouropretoturismo.com.br\/wp-json\/wp\/v2\/pages\/4419\/revisions"}],"predecessor-version":[{"id":4739,"href":"https:\/\/ouropretoturismo.com.br\/wp-json\/wp\/v2\/pages\/4419\/revisions\/4739"}],"wp:attachment":[{"href":"https:\/\/ouropretoturismo.com.br\/wp-json\/wp\/v2\/media?parent=4419"}],"curies":[{"name":"wp","href":"https:\/\/api.w.org\/{rel}","templated":true}]}}