{"id":4407,"date":"2021-02-26T22:22:07","date_gmt":"2021-02-26T22:22:07","guid":{"rendered":"https:\/\/ouropretoturismo.com.br\/en\/?page_id=4407"},"modified":"2021-03-11T19:41:57","modified_gmt":"2021-03-11T19:41:57","slug":"inhotim","status":"publish","type":"page","link":"https:\/\/ouropretoturismo.com.br\/inhotim\/","title":{"rendered":"Inhotim"},"content":{"rendered":"<p>[vc_row][vc_column][vc_column_text]<\/p>\n<h3 style=\"text-align: center;\">INHOTIM<\/h3>\n<p>[\/vc_column_text][\/vc_column][\/vc_row][vc_row][vc_column width=&#8221;1\/4&#8243;][vc_single_image image=&#8221;4414&#8243; img_size=&#8221;full&#8221;][\/vc_column][vc_column width=&#8221;3\/4&#8243;][vc_column_text]Parque localizado em Brumadinho \u2013 a 60km de Belo Horizonte, o Inhotim ocupa uma \u00e1rea de 87 hectares de belos jardins \u2013 parte criada pelo renomado paisagista Roberto Burle Marx \u2013 uma ampla biblioteca viva de esp\u00e9cies de plantas tropicais, al\u00e9m de um not\u00e1vel acervo de arte contempor\u00e2nea. Ultrapassando as claras limita\u00e7\u00f5es espaciais e arquitet\u00f4nicas dos museus e parques de esculturas convencionais, o Inhotim oferece aos artistas a oportunidade de sonhar e produzir pe\u00e7as complexas e inovadoras.&nbsp;&nbsp;<a href=\"https:\/\/artsandculture.google.com\/streetview\/inhotim\/ugEcCOCZkq1_4A?sv_lng=-44.2188001394141&amp;sv_lat=-20.12396623579023&amp;sv_h=330&amp;sv_p=0&amp;sv_pid=6O6d8dFawd97EwRBp2oGWQ&amp;sv_z=1.0000000000000002\" target=\"_blank\" rel=\"noopener\"><strong>Tour Virtual <\/strong><\/a><\/p>\n<p><strong>Nota<\/strong>:<br \/>\nHor\u00e1rio: Ter-Qui 9h30-16h30, Sab-Dom 9h30-15h30<br \/>\nFechado aos domingos[\/vc_column_text][\/vc_column][\/vc_row][vc_row][vc_column width=&#8221;1\/4&#8243;][vc_single_image image=&#8221;4413&#8243; img_size=&#8221;full&#8221;][\/vc_column][vc_column width=&#8221;1\/4&#8243;][vc_single_image image=&#8221;4415&#8243; img_size=&#8221;full&#8221;][\/vc_column][vc_column width=&#8221;1\/4&#8243;][vc_single_image image=&#8221;4416&#8243; img_size=&#8221;full&#8221;][\/vc_column][vc_column width=&#8221;1\/4&#8243;][vc_single_image image=&#8221;4417&#8243; img_size=&#8221;full&#8221;][\/vc_column][\/vc_row]<\/p>\n","protected":false},"excerpt":{"rendered":"<p>[vc_row][vc_column][vc_column_text] INHOTIM [\/vc_column_text][\/vc_column][\/vc_row][vc_row][vc_column width=&#8221;1\/4&#8243;][vc_single_image image=&#8221;4414&#8243; img_size=&#8221;full&#8221;][\/vc_column][vc_column width=&#8221;3\/4&#8243;][vc_column_text]Parque localizado em Brumadinho \u2013 a 60km de Belo Horizonte, o Inhotim ocupa uma&#8230;<\/p>\n","protected":false},"author":2,"featured_media":0,"parent":0,"menu_order":0,"comment_status":"closed","ping_status":"closed","template":"","meta":[],"_links":{"self":[{"href":"https:\/\/ouropretoturismo.com.br\/wp-json\/wp\/v2\/pages\/4407"}],"collection":[{"href":"https:\/\/ouropretoturismo.com.br\/wp-json\/wp\/v2\/pages"}],"about":[{"href":"https:\/\/ouropretoturismo.com.br\/wp-json\/wp\/v2\/types\/page"}],"author":[{"embeddable":true,"href":"https:\/\/ouropretoturismo.com.br\/wp-json\/wp\/v2\/users\/2"}],"replies":[{"embeddable":true,"href":"https:\/\/ouropretoturismo.com.br\/wp-json\/wp\/v2\/comments?post=4407"}],"version-history":[{"count":5,"href":"https:\/\/ouropretoturismo.com.br\/wp-json\/wp\/v2\/pages\/4407\/revisions"}],"predecessor-version":[{"id":4515,"href":"https:\/\/ouropretoturismo.com.br\/wp-json\/wp\/v2\/pages\/4407\/revisions\/4515"}],"wp:attachment":[{"href":"https:\/\/ouropretoturismo.com.br\/wp-json\/wp\/v2\/media?parent=4407"}],"curies":[{"name":"wp","href":"https:\/\/api.w.org\/{rel}","templated":true}]}}