{"id":4396,"date":"2021-02-26T22:16:35","date_gmt":"2021-02-26T22:16:35","guid":{"rendered":"https:\/\/ouropretoturismo.com.br\/en\/?page_id=4396"},"modified":"2021-03-11T19:43:26","modified_gmt":"2021-03-11T19:43:26","slug":"sabara","status":"publish","type":"page","link":"https:\/\/ouropretoturismo.com.br\/sabara\/","title":{"rendered":"Sabar\u00e1"},"content":{"rendered":"<p>[vc_row][vc_column][vc_column_text]<\/p>\n<h3 style=\"text-align: center;\">SABAR\u00c1<\/h3>\n<p>[\/vc_column_text][\/vc_column][\/vc_row][vc_row][vc_column width=&#8221;1\/4&#8243;][vc_single_image image=&#8221;4401&#8243; img_size=&#8221;full&#8221;][\/vc_column][vc_column width=&#8221;3\/4&#8243;][vc_column_text]Sabar\u00e1 \u00e9 particularmente rica em formas arquitet\u00f4nicas e ornamentais que tra\u00e7am a evolu\u00e7\u00e3o da arte sacra em Minas.<br \/>\nAqui est\u00e1 o legado barroco no seu melhor estilo. Algumas das melhores esculturas barrocas de Minas podem ser encontradas bem no centro da cidade.<br \/>\nAs atra\u00e7\u00f5es s\u00e3o muitas, incluindo belas constru\u00e7\u00f5es e monumentos do s\u00e9culo XVIII, como o Teatro Imperial e as graciosas fontes.<br \/>\nA Igreja Matriz de Nossa Senhora da Concei\u00e7\u00e3o e a Capela de Nossa Senhora do \u00d3 s\u00e3o exemplos espetaculares da influ\u00eancia barroca no per\u00edodo colonial.[\/vc_column_text][\/vc_column][\/vc_row][vc_row][vc_column width=&#8221;1\/2&#8243;][vc_single_image image=&#8221;4403&#8243; img_size=&#8221;full&#8221; alignment=&#8221;center&#8221;][\/vc_column][vc_column width=&#8221;1\/2&#8243;][vc_single_image image=&#8221;4404&#8243; img_size=&#8221;full&#8221;][\/vc_column][\/vc_row]<\/p>\n","protected":false},"excerpt":{"rendered":"<p>[vc_row][vc_column][vc_column_text] SABAR\u00c1 [\/vc_column_text][\/vc_column][\/vc_row][vc_row][vc_column width=&#8221;1\/4&#8243;][vc_single_image image=&#8221;4401&#8243; img_size=&#8221;full&#8221;][\/vc_column][vc_column width=&#8221;3\/4&#8243;][vc_column_text]Sabar\u00e1 \u00e9 particularmente rica em formas arquitet\u00f4nicas e ornamentais que tra\u00e7am a evolu\u00e7\u00e3o da&#8230;<\/p>\n","protected":false},"author":2,"featured_media":0,"parent":0,"menu_order":0,"comment_status":"closed","ping_status":"closed","template":"","meta":[],"_links":{"self":[{"href":"https:\/\/ouropretoturismo.com.br\/wp-json\/wp\/v2\/pages\/4396"}],"collection":[{"href":"https:\/\/ouropretoturismo.com.br\/wp-json\/wp\/v2\/pages"}],"about":[{"href":"https:\/\/ouropretoturismo.com.br\/wp-json\/wp\/v2\/types\/page"}],"author":[{"embeddable":true,"href":"https:\/\/ouropretoturismo.com.br\/wp-json\/wp\/v2\/users\/2"}],"replies":[{"embeddable":true,"href":"https:\/\/ouropretoturismo.com.br\/wp-json\/wp\/v2\/comments?post=4396"}],"version-history":[{"count":6,"href":"https:\/\/ouropretoturismo.com.br\/wp-json\/wp\/v2\/pages\/4396\/revisions"}],"predecessor-version":[{"id":4402,"href":"https:\/\/ouropretoturismo.com.br\/wp-json\/wp\/v2\/pages\/4396\/revisions\/4402"}],"wp:attachment":[{"href":"https:\/\/ouropretoturismo.com.br\/wp-json\/wp\/v2\/media?parent=4396"}],"curies":[{"name":"wp","href":"https:\/\/api.w.org\/{rel}","templated":true}]}}