{"id":4385,"date":"2021-02-26T22:10:50","date_gmt":"2021-02-26T22:10:50","guid":{"rendered":"https:\/\/ouropretoturismo.com.br\/en\/?page_id=4385"},"modified":"2021-04-08T12:28:41","modified_gmt":"2021-04-08T12:28:41","slug":"diamantina","status":"publish","type":"page","link":"https:\/\/ouropretoturismo.com.br\/diamantina\/","title":{"rendered":"Diamantina"},"content":{"rendered":"<p>[vc_row][vc_column][vc_column_text]<\/p>\n<h3 style=\"text-align: center;\">DIAMANTINA<\/h3>\n<p>[\/vc_column_text][\/vc_column][\/vc_row][vc_row][vc_column width=&#8221;1\/2&#8243;][vc_single_image image=&#8221;4749&#8243; img_size=&#8221;full&#8221;][\/vc_column][vc_column width=&#8221;1\/2&#8243;][vc_column_text]<br \/>\nUma visita a S\u00e3o Jo\u00e3o del Rei \u00e9 imperd\u00edvel. Aqui as tradi\u00e7\u00f5es religiosas dos tempos coloniais vivem nas igrejas, prociss\u00f5es e h\u00e1bitos dos fi\u00e9is.<br \/>\n[\/vc_column_text][\/vc_column][\/vc_row][vc_row][vc_column width=&#8221;1\/3&#8243;][vc_single_image image=&#8221;4393&#8243; img_size=&#8221;300&#215;200&#8243;][\/vc_column][vc_column width=&#8221;1\/3&#8243;][vc_column_text]O pr\u00f3prio ar de suas ruas sinuosas est\u00e1 carregado de fervor religioso enquanto os sinos da igreja tocam seus diversos an\u00fancios. [\/vc_column_text][\/vc_column][vc_column width=&#8221;1\/3&#8243;][vc_column_text]<a href=\"https:\/\/artsandculture.google.com\/streetview\/centro-hist%C3%B3rico-da-cidade-de-diamantina\/igFkwLkkKP-E9A?sv_lng=-43.59823024110557&amp;sv_lat=-18.24400037537023&amp;sv_h=132.03&amp;sv_p=13.969999999999999&amp;sv_pid=iyf9x_wQQccgyeAx5q5h3w&amp;sv_z=1\" target=\"_blank\" rel=\"noopener\"><b><span style=\"color: #0000ff;\">Virtual Tour<\/span><\/b><\/a>[\/vc_column_text][\/vc_column][\/vc_row][vc_row][vc_column width=&#8221;1\/3&#8243;][vc_single_image image=&#8221;4750&#8243; img_size=&#8221;300&#215;200&#8243;][\/vc_column][vc_column width=&#8221;1\/3&#8243;][vc_single_image image=&#8221;4394&#8243; img_size=&#8221;full&#8221;][\/vc_column][vc_column width=&#8221;1\/3&#8243;][vc_single_image image=&#8221;4392&#8243; img_size=&#8221;full&#8221;][\/vc_column][\/vc_row]<\/p>\n","protected":false},"excerpt":{"rendered":"<p>[vc_row][vc_column][vc_column_text] DIAMANTINA [\/vc_column_text][\/vc_column][\/vc_row][vc_row][vc_column width=&#8221;1\/2&#8243;][vc_single_image image=&#8221;4749&#8243; img_size=&#8221;full&#8221;][\/vc_column][vc_column width=&#8221;1\/2&#8243;][vc_column_text] Uma visita a S\u00e3o Jo\u00e3o del Rei \u00e9 imperd\u00edvel. Aqui as tradi\u00e7\u00f5es religiosas&#8230;<\/p>\n","protected":false},"author":2,"featured_media":0,"parent":0,"menu_order":0,"comment_status":"closed","ping_status":"closed","template":"","meta":[],"_links":{"self":[{"href":"https:\/\/ouropretoturismo.com.br\/wp-json\/wp\/v2\/pages\/4385"}],"collection":[{"href":"https:\/\/ouropretoturismo.com.br\/wp-json\/wp\/v2\/pages"}],"about":[{"href":"https:\/\/ouropretoturismo.com.br\/wp-json\/wp\/v2\/types\/page"}],"author":[{"embeddable":true,"href":"https:\/\/ouropretoturismo.com.br\/wp-json\/wp\/v2\/users\/2"}],"replies":[{"embeddable":true,"href":"https:\/\/ouropretoturismo.com.br\/wp-json\/wp\/v2\/comments?post=4385"}],"version-history":[{"count":14,"href":"https:\/\/ouropretoturismo.com.br\/wp-json\/wp\/v2\/pages\/4385\/revisions"}],"predecessor-version":[{"id":4757,"href":"https:\/\/ouropretoturismo.com.br\/wp-json\/wp\/v2\/pages\/4385\/revisions\/4757"}],"wp:attachment":[{"href":"https:\/\/ouropretoturismo.com.br\/wp-json\/wp\/v2\/media?parent=4385"}],"curies":[{"name":"wp","href":"https:\/\/api.w.org\/{rel}","templated":true}]}}