{"id":4373,"date":"2021-02-26T21:56:42","date_gmt":"2021-02-26T21:56:42","guid":{"rendered":"https:\/\/ouropretoturismo.com.br\/en\/?page_id=4373"},"modified":"2021-04-30T15:12:42","modified_gmt":"2021-04-30T15:12:42","slug":"tiradentes","status":"publish","type":"page","link":"https:\/\/ouropretoturismo.com.br\/tiradentes\/","title":{"rendered":"Tiradentes"},"content":{"rendered":"<p>[vc_row][vc_column][vc_column_text]<\/p>\n<h3 style=\"text-align: center;\">TIRADENTES<\/h3>\n<p>[\/vc_column_text][\/vc_column][\/vc_row][vc_row][vc_column width=&#8221;1\/2&#8243;][vc_single_image image=&#8221;4668&#8243; img_size=&#8221;full&#8221;][\/vc_column][vc_column width=&#8221;1\/2&#8243;][vc_column_text]Conforto, sofistica\u00e7\u00e3o e estilo fazem de Tiradentes uma das cidades mais sedutoras de Minas. Suas lojas s\u00e3o convidativas, o artesanato da melhor qualidade, as pousadas e restaurantes encantadores. Tudo muito rom\u00e2ntico.<br \/>\nA reprodu\u00e7\u00e3o realista de figuras populares t\u00e3o comuns na arte brasileira foi fruto de contribui\u00e7\u00f5es vindas de todas as ra\u00e7as que compunham a sociedade colonial. E foi isso que distinguiu o barroco brasileiro do modelo europeu.<br \/>\nUm dos \u00faltimos projetos de Aleijadinho, a Igreja de Santo Ant\u00f4nio, em Tiradentes, abrigava um sofisticado \u00f3rg\u00e3o setecentista, ainda utilizado na celebra\u00e7\u00e3o de missas. Emoldurada pela espl\u00eandida serra de S\u00e3o Jos\u00e9, esta cidade realiza anualmente um festival de cinema e um festival gastron\u00f4mico de n\u00edvel mundial.<br \/>\n\u00a0Uma das cidades mais charmosas de Minas, Tiradentes tem pousadas encantadoras, restaurantes conceituados, lojas tentadoras e um ambiente geralmente sofisticado. Um lugar a n\u00e3o perder.<b><\/b>[\/vc_column_text][\/vc_column][\/vc_row][vc_row][vc_column width=&#8221;1\/2&#8243;][vc_column_text]<strong>Atrac\u00f5es principais:<br \/>\n<\/strong>Igreja de Santo Antonio (1710)<br \/>\nMuseu do Padre Toledo<br \/>\nFonte de S\u00e3o Jos\u00e9 das Botas (1749)<a href=\"https:\/\/museudesantana.org.br\" target=\"_blank\" rel=\"noopener\"><br \/>\nMuseu de Santana \u2013 museudesantana.org.br<\/a><br \/>\n<a href=\"https:\/\/museudaliturgia.com.br\" target=\"_blank\" rel=\"noopener\">Museu da Liturgia \u2013 museudaliturgia.com.br<\/a><\/p>\n<p>&nbsp;<\/p>\n<p><a href=\"http:\/\/visitas.minasgerais.com.br\/tiradentes\/index.htm\" target=\"_blank\" rel=\"noopener\"><b><span style=\"color: #0000ff;\">Virtual Tour<\/span><\/b><\/a>[\/vc_column_text][\/vc_column][vc_column width=&#8221;1\/2&#8243;][vc_single_image image=&#8221;4588&#8243; img_size=&#8221;medium&#8221;][\/vc_column][\/vc_row][vc_row][vc_column width=&#8221;1\/3&#8243;][vc_single_image image=&#8221;4604&#8243; img_size=&#8221;360\u00d7242.3&#8243;][\/vc_column][vc_column width=&#8221;1\/3&#8243;][vc_single_image image=&#8221;4607&#8243; img_size=&#8221;360\u00d7242&#8243;][\/vc_column][vc_column width=&#8221;1\/3&#8243;][vc_single_image image=&#8221;4382&#8243; img_size=&#8221;360\u00d7242&#8243;][\/vc_column][\/vc_row][vc_row][vc_column][vc_column_text]<\/p>\n<blockquote><p><strong><span style=\"color: #3366ff;\">Destilaria de Cacha\u00e7a e Degusta\u00e7\u00e3o de Cacha\u00e7a<\/span> <\/strong><\/p><\/blockquote>\n<p><strong> \u2013 <\/strong>Foi o primeiro assentamento na regi\u00e3o do Rio das Mortes quando o ouro foi encontrado em 1702. Tiradentes, que aqui nasceu, tornou-se nosso her\u00f3i nacional ao participar da Inconfid\u00eancia Mineira (1789), movimento republicano de liberta\u00e7\u00e3o de Minas Gerais que foi reprimido pela Coroa portuguesa.[\/vc_column_text][\/vc_column][\/vc_row][vc_row][vc_column width=&#8221;1\/3&#8243;][vc_single_image image=&#8221;4765&#8243; img_size=&#8221;300&#215;200&#8243;][\/vc_column][vc_column width=&#8221;1\/3&#8243;][vc_single_image image=&#8221;4766&#8243; img_size=&#8221;300&#215;200&#8243;][\/vc_column][vc_column width=&#8221;1\/3&#8243;][vc_single_image image=&#8221;4767&#8243; img_size=&#8221;300&#215;200&#8243;][\/vc_column][\/vc_row]<\/p>\n","protected":false},"excerpt":{"rendered":"<p>[vc_row][vc_column][vc_column_text] TIRADENTES [\/vc_column_text][\/vc_column][\/vc_row][vc_row][vc_column width=&#8221;1\/2&#8243;][vc_single_image image=&#8221;4668&#8243; img_size=&#8221;full&#8221;][\/vc_column][vc_column width=&#8221;1\/2&#8243;][vc_column_text]Conforto, sofistica\u00e7\u00e3o e estilo fazem de Tiradentes uma das cidades mais sedutoras de Minas&#8230;.<\/p>\n","protected":false},"author":2,"featured_media":0,"parent":0,"menu_order":0,"comment_status":"closed","ping_status":"closed","template":"","meta":[],"_links":{"self":[{"href":"https:\/\/ouropretoturismo.com.br\/wp-json\/wp\/v2\/pages\/4373"}],"collection":[{"href":"https:\/\/ouropretoturismo.com.br\/wp-json\/wp\/v2\/pages"}],"about":[{"href":"https:\/\/ouropretoturismo.com.br\/wp-json\/wp\/v2\/types\/page"}],"author":[{"embeddable":true,"href":"https:\/\/ouropretoturismo.com.br\/wp-json\/wp\/v2\/users\/2"}],"replies":[{"embeddable":true,"href":"https:\/\/ouropretoturismo.com.br\/wp-json\/wp\/v2\/comments?post=4373"}],"version-history":[{"count":52,"href":"https:\/\/ouropretoturismo.com.br\/wp-json\/wp\/v2\/pages\/4373\/revisions"}],"predecessor-version":[{"id":4783,"href":"https:\/\/ouropretoturismo.com.br\/wp-json\/wp\/v2\/pages\/4373\/revisions\/4783"}],"wp:attachment":[{"href":"https:\/\/ouropretoturismo.com.br\/wp-json\/wp\/v2\/media?parent=4373"}],"curies":[{"name":"wp","href":"https:\/\/api.w.org\/{rel}","templated":true}]}}