{"id":4350,"date":"2021-02-26T21:32:54","date_gmt":"2021-02-26T21:32:54","guid":{"rendered":"https:\/\/ouropretoturismo.com.br\/en\/?page_id=4350"},"modified":"2021-04-30T15:14:12","modified_gmt":"2021-04-30T15:14:12","slug":"sao-joao-del-rey","status":"publish","type":"page","link":"https:\/\/ouropretoturismo.com.br\/sao-joao-del-rey\/","title":{"rendered":"S\u00e3o Jo\u00e3o del Rei"},"content":{"rendered":"<p>[vc_row][vc_column][vc_column_text]<\/p>\n<h3 style=\"text-align: center;\">S\u00c3O JO\u00c3O DEL REI<\/h3>\n<p>[\/vc_column_text][\/vc_column][\/vc_row][vc_row][vc_column width=&#8221;1\/2&#8243;][vc_single_image image=&#8221;4675&#8243; img_size=&#8221;full&#8221;][\/vc_column][vc_column width=&#8221;1\/2&#8243;][vc_column_text]Uma visita a S\u00e3o Jo\u00e3o del Rei \u00e9 imperd\u00edvel. Aqui as tradi\u00e7\u00f5es religiosas dos tempos coloniais vivem nas igrejas, prociss\u00f5es e h\u00e1bitos dos fi\u00e9is. O pr\u00f3prio ar de suas ruas sinuosas est\u00e1 carregado de fervor religioso enquanto os sinos da igreja tocam seus diversos an\u00fancios. Tamb\u00e9m merecem ser admirados os objetos decorativos feitos em estanho \u2013 uma tradi\u00e7\u00e3o local recentemente resgatada.<\/p>\n<p>Principais atra\u00e7\u00f5es:[\/vc_column_text][vc_column_text]<strong>&nbsp;&nbsp;&nbsp; Mains <\/strong><strong>attractions:<\/strong><\/p>\n<p>\u2013 Igreja de Nossa Senhora do Pilar<br \/>\n&#8211; Igreja S\u00e3o Francisco de Assis<br \/>\n&#8211; Igreja Nossa Senhora do Carmo<br \/>\n\u2013 Museu Ferrovi\u00e1rio<br \/>\n<a href=\"http:\/\/visitas.minasgerais.com.br\/sjdr\/index74.htm\" target=\"_blank\" rel=\"noopener\"><span style=\"font-family: Century Gothic;\"><b><span style=\"color: #0000ff;\">Virtual Tour<\/span><\/b><\/span><\/a>[\/vc_column_text][\/vc_column][\/vc_row][vc_row][vc_column][vc_column_text]<\/p>\n<blockquote><p><span style=\"color: #3366ff;\"><strong>Passeio de trem de S\u00e3o Jo\u00e3o del Rei \/ Tiradentes<\/strong><\/span><\/p><\/blockquote>\n<p>Um passeio de S\u00e3o Jo\u00e3o del Rei a Tiradentes no trem de bitola estreita puxado por uma locomotiva a vapor do s\u00e9culo XIX leva voc\u00ea de volta a um passado h\u00e1 muito perdido e a alguns dos mist\u00e9rios encantadores de Minas Gerais.<br \/>\nA viagem dura trinta minutos e funciona \u00e0s sextas, s\u00e1bados e domingos.<br \/>\n[\/vc_column_text][\/vc_column][\/vc_row][vc_row][vc_column width=&#8221;1\/3&#8243;][vc_column_text]As sa\u00eddas de S\u00e3o Jo\u00e3o del Rei s\u00e3o \u00e0s 10h00 e 14h30, de Tiradentes \u00e0s 13h00 e 17h00.[\/vc_column_text][\/vc_column][vc_column width=&#8221;1\/3&#8243;][vc_single_image image=&#8221;4359&#8243; img_size=&#8221;full&#8221;][\/vc_column][vc_column width=&#8221;1\/3&#8243;][vc_single_image image=&#8221;4371&#8243; img_size=&#8221;full&#8221;][\/vc_column][\/vc_row][vc_row][vc_column width=&#8221;2\/3&#8243;][vc_single_image image=&#8221;4367&#8243; img_size=&#8221;full&#8221;][\/vc_column][vc_column width=&#8221;1\/3&#8243;][vc_single_image image=&#8221;4596&#8243; img_size=&#8221;full&#8221;][\/vc_column][\/vc_row]<\/p>\n","protected":false},"excerpt":{"rendered":"<p>[vc_row][vc_column][vc_column_text] S\u00c3O JO\u00c3O DEL REI [\/vc_column_text][\/vc_column][\/vc_row][vc_row][vc_column width=&#8221;1\/2&#8243;][vc_single_image image=&#8221;4675&#8243; img_size=&#8221;full&#8221;][\/vc_column][vc_column width=&#8221;1\/2&#8243;][vc_column_text]Uma visita a S\u00e3o Jo\u00e3o del Rei \u00e9 imperd\u00edvel. Aqui as&#8230;<\/p>\n","protected":false},"author":2,"featured_media":0,"parent":0,"menu_order":0,"comment_status":"closed","ping_status":"closed","template":"","meta":[],"_links":{"self":[{"href":"https:\/\/ouropretoturismo.com.br\/wp-json\/wp\/v2\/pages\/4350"}],"collection":[{"href":"https:\/\/ouropretoturismo.com.br\/wp-json\/wp\/v2\/pages"}],"about":[{"href":"https:\/\/ouropretoturismo.com.br\/wp-json\/wp\/v2\/types\/page"}],"author":[{"embeddable":true,"href":"https:\/\/ouropretoturismo.com.br\/wp-json\/wp\/v2\/users\/2"}],"replies":[{"embeddable":true,"href":"https:\/\/ouropretoturismo.com.br\/wp-json\/wp\/v2\/comments?post=4350"}],"version-history":[{"count":45,"href":"https:\/\/ouropretoturismo.com.br\/wp-json\/wp\/v2\/pages\/4350\/revisions"}],"predecessor-version":[{"id":4784,"href":"https:\/\/ouropretoturismo.com.br\/wp-json\/wp\/v2\/pages\/4350\/revisions\/4784"}],"wp:attachment":[{"href":"https:\/\/ouropretoturismo.com.br\/wp-json\/wp\/v2\/media?parent=4350"}],"curies":[{"name":"wp","href":"https:\/\/api.w.org\/{rel}","templated":true}]}}