{"id":4286,"date":"2021-02-18T01:57:26","date_gmt":"2021-02-18T01:57:26","guid":{"rendered":"https:\/\/ouropretoturismo.com.br\/en\/?page_id=4286"},"modified":"2021-04-05T19:25:59","modified_gmt":"2021-04-05T19:25:59","slug":"congonhas","status":"publish","type":"page","link":"https:\/\/ouropretoturismo.com.br\/congonhas\/","title":{"rendered":"Congonhas"},"content":{"rendered":"<p>[vc_row][vc_column][vc_column_text]<\/p>\n<h3 style=\"text-align: center;\">CONGONHAS<\/h3>\n<p>[\/vc_column_text][\/vc_column][\/vc_row][vc_row][vc_column width=&#8221;1\/2&#8243;][vc_single_image image=&#8221;4237&#8243; img_size=&#8221;full&#8221;][\/vc_column][vc_column width=&#8221;1\/2&#8243;][vc_column_text]<\/p>\n<div class=\"wp-block-column\">\n<p>As esculturas de Aleijadinho que decoram o Santu\u00e1rio do Bom Jesus dos Matozinhos expressam a paix\u00e3o e a piedade deste grande artista no auge de seu humanismo e criatividade.<br \/>\nO estilo barroco era caracterizado por formas lit\u00fargicas exuberantes e pompa ornamental.<br \/>\nOs anjinhos mulatos e os motivos buc\u00f3licos que abundam nas obras de Ant\u00f4nio Francisco Lisboa, o Aleijadinho, foram as marcas que definiram um estilo barroco decididamente de identidade brasileira.<br \/>\nO antigo centro mineirador de Congonhas \u00e9 aben\u00e7oado com um grande agrupamento das obras deste brilhante escultor: os doze profetas esculpidos em pedra-sab\u00e3o e as figuras da Via Sacra, conclu\u00eddas de 1796 a 1799. As esculturas em tamanho natural constituem o mais importante acervo art\u00edstico do Brasil.<\/p>\n<p><span style=\"color: #0000ff;\"><a style=\"color: #0000ff;\" href=\"https:\/\/artsandculture.google.com\/streetview\/santu%C3%A1rio-de-bom-jesus-de-congonhas\/MwGTltMfXQigaQ?sv_lng=-43.86091160699232&amp;sv_lat=-20.50764132347302&amp;sv_h=144.75684248704727&amp;sv_p=-3.5021434070478534&amp;sv_pid=mowh8kenUtPJxXZtHu4ICg&amp;sv_z=1\" target=\"_blank\" rel=\"noreferrer noopener\"><strong>Tour Virtual<\/strong><\/a><\/span><\/p>\n<\/div>\n<p>[\/vc_column_text][\/vc_column][\/vc_row][vc_row][vc_column width=&#8221;1\/4&#8243;][\/vc_column][vc_column width=&#8221;3\/4&#8243;][\/vc_column][\/vc_row][vc_row][vc_column width=&#8221;1\/3&#8243;][vc_single_image image=&#8221;4287&#8243; img_size=&#8221;full&#8221;][\/vc_column][vc_column width=&#8221;1\/3&#8243;][vc_single_image image=&#8221;4534&#8243; img_size=&#8221;medium&#8221;][\/vc_column][vc_column width=&#8221;1\/3&#8243;][vc_single_image image=&#8221;4288&#8243; img_size=&#8221;full&#8221;][\/vc_column][\/vc_row]<\/p>\n","protected":false},"excerpt":{"rendered":"<p>[vc_row][vc_column][vc_column_text] CONGONHAS [\/vc_column_text][\/vc_column][\/vc_row][vc_row][vc_column width=&#8221;1\/2&#8243;][vc_single_image image=&#8221;4237&#8243; img_size=&#8221;full&#8221;][\/vc_column][vc_column width=&#8221;1\/2&#8243;][vc_column_text] As esculturas de Aleijadinho que decoram o Santu\u00e1rio do Bom Jesus dos Matozinhos&#8230;<\/p>\n","protected":false},"author":2,"featured_media":0,"parent":0,"menu_order":0,"comment_status":"closed","ping_status":"closed","template":"","meta":[],"_links":{"self":[{"href":"https:\/\/ouropretoturismo.com.br\/wp-json\/wp\/v2\/pages\/4286"}],"collection":[{"href":"https:\/\/ouropretoturismo.com.br\/wp-json\/wp\/v2\/pages"}],"about":[{"href":"https:\/\/ouropretoturismo.com.br\/wp-json\/wp\/v2\/types\/page"}],"author":[{"embeddable":true,"href":"https:\/\/ouropretoturismo.com.br\/wp-json\/wp\/v2\/users\/2"}],"replies":[{"embeddable":true,"href":"https:\/\/ouropretoturismo.com.br\/wp-json\/wp\/v2\/comments?post=4286"}],"version-history":[{"count":25,"href":"https:\/\/ouropretoturismo.com.br\/wp-json\/wp\/v2\/pages\/4286\/revisions"}],"predecessor-version":[{"id":4659,"href":"https:\/\/ouropretoturismo.com.br\/wp-json\/wp\/v2\/pages\/4286\/revisions\/4659"}],"wp:attachment":[{"href":"https:\/\/ouropretoturismo.com.br\/wp-json\/wp\/v2\/media?parent=4286"}],"curies":[{"name":"wp","href":"https:\/\/api.w.org\/{rel}","templated":true}]}}