{"id":4271,"date":"2021-02-18T01:39:43","date_gmt":"2021-02-18T01:39:43","guid":{"rendered":"https:\/\/ouropretoturismo.com.br\/en\/?page_id=4271"},"modified":"2021-04-09T14:01:50","modified_gmt":"2021-04-09T14:01:50","slug":"mariana","status":"publish","type":"page","link":"https:\/\/ouropretoturismo.com.br\/mariana\/","title":{"rendered":"Mariana"},"content":{"rendered":"<p>[vc_row][vc_column][vc_column_text]<\/p>\n<h3 style=\"text-align: center;\">MARIANA<\/h3>\n<p>[\/vc_column_text][\/vc_column][\/vc_row][vc_row][vc_column width=&#8221;1\/2&#8243;][vc_single_image image=&#8221;4228&#8243; img_size=&#8221;full&#8221;][\/vc_column][vc_column width=&#8221;1\/2&#8243;][vc_column_text]<\/p>\n<div class=\"wp-block-column\">\n<p>Cidade encantadora, fundada em 1696, e por pouco tempo, foi a capital do Estado de Minas Gerais. Era originalmente chamado de Aldeia Real de Nossa Senhora do Carmo. Em 1745 recebeu o nome atual em homenagem \u00e0 Rainha de Portugal, Dona Maria Ana d\u2019A\u00fastria.<br \/>\nSede da primeira capital e diocese de Minas, Mariana mant\u00e9m uma aura distinta do s\u00e9culo XVIII, refletida em sua arquitetura, paisagens urbanas, monumentos e ritmo de vida tranquilo.<\/p>\n<\/div>\n<p>[\/vc_column_text][\/vc_column][\/vc_row][vc_row][vc_column width=&#8221;1\/2&#8243;][vc_single_image image=&#8221;4742&#8243; img_size=&#8221;full&#8221;][\/vc_column][vc_column width=&#8221;1\/2&#8243;][vc_column_text]Os amantes da m\u00fasica n\u00e3o v\u00e3o querer perder os concertos realizados no \u00f3rg\u00e3o Arp Schnitger da Catedral, fabricado em 1701, que s\u00e3o realizados \u00e0s sextas-feiras \u00e0s 11h00 e aos domingos \u00e0s 12h15.<br \/>\nHist\u00f3ria.<br \/>\nEm Minas, o projeto de igrejas marcou o in\u00edcio de mais de um s\u00e9culo de constru\u00e7\u00e3o, durante o qual os projetos se restringiram aos limites restritos da tradi\u00e7\u00e3o jesu\u00edtica. Os resultados foram templos com exteriores simples, mas interiores ricamente decorados.<br \/>\n<strong>Atra\u00e7\u00f5es principais<br \/>\n<\/strong>\u2013 Museu Arquidiocesano.<br \/>\n\u2013 As igrejas Nossa Senhora do Carmo,  S\u00e3o Francisco de Assis e a Catedral da S\u00e9.<br \/>\n\u2013 Na estrada entre Ouro Preto e Mariana fica a antiga Mina de Ouro da Passagem que oferece passeios aos visitantes.<br \/>\nEntrando na mina em vag\u00f5es que seguem os veios dourados at\u00e9 os holofotes cristalinos, no final do passeio  \u00e9 oferecido uma demonstra\u00e7\u00e3o de t\u00e9cnicas de garimpo com a bateia.<br \/>\nUm carrinho nos leva \u00e0s galerias subterr\u00e2neas, que chegam a 315 metros de comprimento e 120 metros de profundidade.[\/vc_column_text][vc_single_image image=&#8221;4284&#8243; img_size=&#8221;full&#8221;][\/vc_column][\/vc_row][vc_row][vc_column width=&#8221;1\/4&#8243;][\/vc_column][vc_column width=&#8221;3\/4&#8243;][\/vc_column][\/vc_row]<\/p>\n","protected":false},"excerpt":{"rendered":"<p>[vc_row][vc_column][vc_column_text] MARIANA [\/vc_column_text][\/vc_column][\/vc_row][vc_row][vc_column width=&#8221;1\/2&#8243;][vc_single_image image=&#8221;4228&#8243; img_size=&#8221;full&#8221;][\/vc_column][vc_column width=&#8221;1\/2&#8243;][vc_column_text] Cidade encantadora, fundada em 1696, e por pouco tempo, foi a capital do&#8230;<\/p>\n","protected":false},"author":2,"featured_media":0,"parent":0,"menu_order":0,"comment_status":"closed","ping_status":"closed","template":"","meta":[],"_links":{"self":[{"href":"https:\/\/ouropretoturismo.com.br\/wp-json\/wp\/v2\/pages\/4271"}],"collection":[{"href":"https:\/\/ouropretoturismo.com.br\/wp-json\/wp\/v2\/pages"}],"about":[{"href":"https:\/\/ouropretoturismo.com.br\/wp-json\/wp\/v2\/types\/page"}],"author":[{"embeddable":true,"href":"https:\/\/ouropretoturismo.com.br\/wp-json\/wp\/v2\/users\/2"}],"replies":[{"embeddable":true,"href":"https:\/\/ouropretoturismo.com.br\/wp-json\/wp\/v2\/comments?post=4271"}],"version-history":[{"count":23,"href":"https:\/\/ouropretoturismo.com.br\/wp-json\/wp\/v2\/pages\/4271\/revisions"}],"predecessor-version":[{"id":4763,"href":"https:\/\/ouropretoturismo.com.br\/wp-json\/wp\/v2\/pages\/4271\/revisions\/4763"}],"wp:attachment":[{"href":"https:\/\/ouropretoturismo.com.br\/wp-json\/wp\/v2\/media?parent=4271"}],"curies":[{"name":"wp","href":"https:\/\/api.w.org\/{rel}","templated":true}]}}