{"id":3762,"date":"2020-12-14T19:58:13","date_gmt":"2020-12-14T19:58:13","guid":{"rendered":"http:\/\/ouropretoturismo.com.br\/?page_id=3762"},"modified":"2021-04-27T20:13:27","modified_gmt":"2021-04-27T20:13:27","slug":"ouropreto","status":"publish","type":"page","link":"https:\/\/ouropretoturismo.com.br\/ouropreto\/","title":{"rendered":"Ouro Preto"},"content":{"rendered":"<p>[vc_row][vc_column][vc_column_text]<\/p>\n<h3 style=\"text-align: center;\">OURO PRETO<\/h3>\n<p>[\/vc_column_text][\/vc_column][\/vc_row][vc_row][vc_column width=&#8221;1\/2&#8243;][vc_single_image image=&#8221;4707&#8243; img_size=&#8221;full&#8221;][\/vc_column][vc_column width=&#8221;1\/2&#8243;][vc_column_text]<strong>Fundada no in\u00edcio do s\u00e9culo XVIII, Ouro Preto \u00e9 uma obra-prima da arquitetura e da arte colonial brasileira. De fato, a UNESCO a declarou Patrim\u00f4nio da Humanidade por essas raz\u00f5es.<\/strong> Uma visita a Ouro Preto \u00e9 uma volta no tempo hist\u00f3rico e nas realiza\u00e7\u00f5es humanas do passado. A cidade tem treze grandes igrejas e numerosos monumentos e edif\u00edcios p\u00fablicos. As mais espetaculares das igrejas s\u00e3o S\u00e3o Francisco de Assis, Nossa Senhora do Carmo, Nossa Senhora do Ros\u00e1rio, Nossa Senhora do Pilar e Nossa Senhora da Concei\u00e7\u00e3o do Ant\u00f4nio Dias.[\/vc_column_text][vc_column_text]Outros locais importantes incluem a Casa dos Contos (antiga casa de fundi\u00e7\u00e3o), o Museu da Inconfid\u00eancia (que documenta o primeiro movimento de independ\u00eancia do Brasil), o Museu Mineral\u00f3gico e o Museu do Orat\u00f3rio de classe mundial (com sua magn\u00edfica cole\u00e7\u00e3o de orat\u00f3rios e arte sacra).[\/vc_column_text][\/vc_column][\/vc_row][vc_row][vc_column width=&#8221;1\/3&#8243;][vc_column_text]Uma grande s\u00edntese de hist\u00f3ria e arte. Eventos culturais, populares e religiosos s\u00e3o mais um motivo para visitar Ouro Preto. A feira de artesanato na pra\u00e7a da Igreja de S\u00e3o Francisco, os Festivais de Inverno, Jazz e Gastronomia, as prociss\u00f5es da Semana Santa e a Festa de Nossa Senhora do Ros\u00e1rio est\u00e3o entre essas atra\u00e7\u00f5es especiais. Por \u00faltimo, mas n\u00e3o menos importante, a maioria dos restaurantes locais serve excelentes refei\u00e7\u00f5es baseadas em tradi\u00e7\u00f5es culin\u00e1rias regionais que refletem suas origens brasileiras, europeias e africanas.[\/vc_column_text][\/vc_column]<\/p>\n<p>Aqui os intrincados detalhes das constru\u00e7\u00f5es e obras de arte refletem claramente a originalidade e autonomia dos artes\u00e3os e artistas que criaram este monumento de estilo barroco brasileiro. A pintura de Manuel da Costa Atha\u00edde e as esculturas de Ant\u00f4nio Francisco Lisboa, o Aleijadinho, s\u00e3o exemplos vivos desse per\u00edodo de enorme inspira\u00e7\u00e3o criativa.<\/p>\n<p>[vc_column width=&#8221;1\/3&#8243;][vc_single_image image=&#8221;4626&#8243; img_size=&#8221;full&#8221;][\/vc_column][vc_column width=&#8221;1\/3&#8243;][vc_single_image image=&#8221;4579&#8243; img_size=&#8221;full&#8221;][\/vc_column][\/vc_row][vc_row][vc_column][\/vc_column][\/vc_row][vc_row][vc_column][vc_column_text] [\/vc_column_text][\/vc_column][\/vc_row][vc_row][vc_column][vc_column_text][\/vc_column_text][\/vc_column][\/vc_row][vc_row][vc_column width=&#8221;1\/3&#8243;][vc_column_text]<strong>Atrac\u00f5es principais <\/strong>Igreja de S\u00e3o Francisco de Assis Igreja de Nossa Senhora do Pilar Museu do Orat\u00f3rio Museu de Mineralogia Casa da \u00d3pera Museu Bolieu[\/vc_column_text][\/vc_column][vc_column width=&#8221;1\/3&#8243;][vc_column_text]<strong>Virtual Tour <span style=\"color: #0000ff;\">&#8211; <a style=\"color: #0000ff;\" href=\"http:\/\/www.eravirtual.org\/op_eng\/\" target=\"_blank\" rel=\"noopener\">Ouro Preto<\/a><\/span> <span style=\"color: #0000ff;\">&#8211;<\/span><\/strong><span style=\"color: #0000ff;\"><strong> <a style=\"color: #0000ff;\" href=\"http:\/\/visitas.minasgerais.com.br\/ouropreto\/index57.htm\" target=\"_blank\" rel=\"noopener\">Church of Our Lay of Pilar<\/a> <\/strong><strong>&#8211;<\/strong> <\/span><a href=\"http:\/\/visitas.minasgerais.com.br\/ouropreto\/index91.htm\" target=\"_blank\" rel=\"noopener\"><strong><span style=\"color: #0000ff;\">Church of Saint Francis of Assissi<\/span><\/strong><\/a>[\/vc_column_text][\/vc_column][vc_column width=&#8221;1\/3&#8243;][vc_single_image image=&#8221;4212&#8243; img_size=&#8221;full&#8221;][\/vc_column][\/vc_row][vc_row][vc_column width=&#8221;1\/4&#8243;][\/vc_column][vc_column width=&#8221;1\/4&#8243;][\/vc_column][vc_column width=&#8221;1\/4&#8243;][\/vc_column][vc_column width=&#8221;1\/4&#8243;][\/vc_column][\/vc_row][vc_row][vc_column][vc_column_text]<\/p>\n<blockquote><p><span style=\"color: #3366ff;\"><strong>A antiga mina de ouro do pal\u00e1cio<\/strong><\/span><\/p><\/blockquote>\n<p>[\/vc_column_text][\/vc_column][\/vc_row][vc_row][vc_column width=&#8221;2\/3&#8243;][vc_column_text] A Mina do Pal\u00e1cio Velho, faz parte de um dos mais antigos e produtivos complexos aur\u00edferos do s\u00e9culo XVIII em Minas Gerais. Fica sob as ru\u00ednas do antigo Pal\u00e1cio do Governador. As estruturas utilizadas no passado por esta ind\u00fastria ainda est\u00e3o intactas, existem t\u00faneis, galerias, sal\u00f5es, lavabos, moinhos, escoramento. As escava\u00e7\u00f5es percorrem as paredes e tetos de suas galerias. Trabalhado pelos milhares de africanos escravizados que trouxeram essas t\u00e9cnicas de sua terra natal, criando assim as maiores produ\u00e7\u00f5es de ouro do Brasil, que transformaram Portugal na mais importante economia europeia, naquele per\u00edodo. [\/vc_column_text][\/vc_column][vc_column width=&#8221;1\/3&#8243;][vc_single_image image=&#8221;4719&#8243; img_size=&#8221;full&#8221;][\/vc_column][\/vc_row][vc_row][vc_column][vc_column_text]<\/p>\n<blockquote><p><strong><span style=\"color: #3366ff;\">Passeio de trem de Ouro Preto a Mariana<\/span> <\/strong><\/p><\/blockquote>\n<p>[\/vc_column_text][\/vc_column][\/vc_row][vc_row][vc_column width=&#8221;1\/3&#8243;][vc_column_text] Composto por uma locomotiva a diesel e cinco vag\u00f5es de passageiros, o trem tem capacidade para transportar 360 pessoas por viagem. Entre os vag\u00f5es de passageiros \u2013 que mant\u00eam o mesmo desenho dos trens originais, com interiores em madeira \u2013 o vag\u00e3o panor\u00e2mico se destaca especialmente por sua estrutura transparente, que permite uma vis\u00e3o completa do cen\u00e1rio que passa. A viagem dura uma hora e meia e funciona \u00e0s sextas, s\u00e1bados e domingos. [\/vc_column_text][\/vc_column][vc_column width=&#8221;1\/3&#8243;][vc_single_image image=&#8221;4206&#8243; img_size=&#8221;full&#8221;][\/vc_column][vc_column width=&#8221;1\/3&#8243;][vc_single_image image=&#8221;4207&#8243; img_size=&#8221;full&#8221;][\/vc_column][\/vc_row]<\/p>\n","protected":false},"excerpt":{"rendered":"<p>[vc_row][vc_column][vc_column_text] OURO PRETO [\/vc_column_text][\/vc_column][\/vc_row][vc_row][vc_column width=&#8221;1\/2&#8243;][vc_single_image image=&#8221;4707&#8243; img_size=&#8221;full&#8221;][\/vc_column][vc_column width=&#8221;1\/2&#8243;][vc_column_text]Fundada no in\u00edcio do s\u00e9culo XVIII, Ouro Preto \u00e9 uma obra-prima da arquitetura&#8230;<\/p>\n","protected":false},"author":2,"featured_media":4503,"parent":0,"menu_order":0,"comment_status":"closed","ping_status":"closed","template":"","meta":[],"_links":{"self":[{"href":"https:\/\/ouropretoturismo.com.br\/wp-json\/wp\/v2\/pages\/3762"}],"collection":[{"href":"https:\/\/ouropretoturismo.com.br\/wp-json\/wp\/v2\/pages"}],"about":[{"href":"https:\/\/ouropretoturismo.com.br\/wp-json\/wp\/v2\/types\/page"}],"author":[{"embeddable":true,"href":"https:\/\/ouropretoturismo.com.br\/wp-json\/wp\/v2\/users\/2"}],"replies":[{"embeddable":true,"href":"https:\/\/ouropretoturismo.com.br\/wp-json\/wp\/v2\/comments?post=3762"}],"version-history":[{"count":118,"href":"https:\/\/ouropretoturismo.com.br\/wp-json\/wp\/v2\/pages\/3762\/revisions"}],"predecessor-version":[{"id":4782,"href":"https:\/\/ouropretoturismo.com.br\/wp-json\/wp\/v2\/pages\/3762\/revisions\/4782"}],"wp:featuredmedia":[{"embeddable":true,"href":"https:\/\/ouropretoturismo.com.br\/wp-json\/wp\/v2\/media\/4503"}],"wp:attachment":[{"href":"https:\/\/ouropretoturismo.com.br\/wp-json\/wp\/v2\/media?parent=3762"}],"curies":[{"name":"wp","href":"https:\/\/api.w.org\/{rel}","templated":true}]}}