{"id":3586,"date":"2019-04-23T10:15:27","date_gmt":"2019-04-23T10:15:27","guid":{"rendered":"http:\/\/keenitsolutions.com\/products\/wordpress\/batiment\/?page_id=3467"},"modified":"2021-04-09T14:01:14","modified_gmt":"2021-04-09T14:01:14","slug":"cleaning-onepage","status":"publish","type":"page","link":"https:\/\/ouropretoturismo.com.br\/","title":{"rendered":"Cleaning &#8211; Onepage"},"content":{"rendered":"<p>[vc_row full_width=&#8221;stretch_row&#8221; css=&#8221;.vc_custom_1529492547476{padding-top: 0px !important;padding-bottom: 5px !important;}&#8221; el_id=&#8221;rs-we-work&#8221; el_class=&#8221;rs-we-work-clean&#8221;][vc_column][vc_column_text]<span style=\"color: #ffffff;\">&#8211;<\/span>[\/vc_column_text][\/vc_column][\/vc_row][vc_row full_width=&#8221;stretch_row&#8221; css=&#8221;.vc_custom_1529902399527{padding-top: 55px !important;padding-bottom: 40px !important;background-color: #f0f0f0 !important;}&#8221; el_id=&#8221;rs-services&#8221; el_class=&#8221;services-three&#8221;][vc_column][vc_column_text]<\/p>\n<h3 style=\"text-align: center;\"><strong>CIDADES COLONIAIS<\/strong><\/h3>\n<p>[\/vc_column_text][vc_row_inner][vc_column_inner width=&#8221;1\/3&#8243;]<div class=\"rs-services\"><div class=\"service-inner services-style-3 center  \">\n\t\t<div class=\"services-wrap\"> \n         <div class=\"services-item\">\n            <div class=\"services-icon\">\n                <a href=\"http:\/\/ouropretoturismo.com.br\/ouropreto\/\" title=\"Ouro Preto\"><img src=\"https:\/\/ouropretoturismo.com.br\/wp-content\/uploads\/Destaque-home-OuroPreto.jpg\" alt=\"OURO PRETO\" \/><\/a>\n             <\/div>\n        \n\t\t<div class=\"services-desc\">\n\t\t\t<h3 class=\"services-title services-title2\"><a href=\"http:\/\/ouropretoturismo.com.br\/ouropreto\/\" title=\"Ouro Preto\">OURO PRETO<\/a><\/h3>\n\t\t\t<p>Fundada no in\u00edcio do s\u00e9culo XVIII, Ouro Preto \u00e9 uma obra-prima da arquitetura e da arte colonial brasileira. De fato, a UNESCO a declarou Patrim\u00f4nio da Humanidade por essas raz\u00f5es.<br \/>\n<span style=\"color: #ffffff;\">.<\/span><\/p>\n<p><span style=\"color: #000000;\"><a style=\"color: #000000;\" href=\"http:\/\/ouropretoturismo.com.br\/en\/ouropreto\/\"><strong> LEIA MAIS<\/strong><\/a><\/span><\/p>\n\t\t\t\n\t\t<\/div>\t\t\n\t\t<\/div>\t\n\t<\/div>\n\t<\/div><\/div><div class=\"rs-services\"><div class=\"service-inner services-style-3 center  \">\n\t\t<div class=\"services-wrap\"> \n         <div class=\"services-item\">\n            <div class=\"services-icon\">\n                <a href=\"https:\/\/ouropretoturismo.com.br\/sao-joao-del-rey\/\" title=\"S\u00e3o Jo\u00e3o del Rey\"><img src=\"https:\/\/ouropretoturismo.com.br\/wp-content\/uploads\/Destaque-home-sao-joao-del-rei.jpg\" alt=\"S\u00c3O JO\u00c3O DEL REI\" \/><\/a>\n             <\/div>\n        \n\t\t<div class=\"services-desc\">\n\t\t\t<h3 class=\"services-title services-title2\"><a href=\"https:\/\/ouropretoturismo.com.br\/sao-joao-del-rey\/\" title=\"S\u00e3o Jo\u00e3o del Rey\">S\u00c3O JO\u00c3O DEL REI<\/a><\/h3>\n\t\t\t<p>Uma visita a S\u00e3o Jo\u00e3o del Rei \u00e9 imperd\u00edvel.<br \/>\nAqui as tradi\u00e7\u00f5es religiosas dos tempos coloniais vivem nas igrejas, prociss\u00f5es e h\u00e1bitos dos fi\u00e9is.  <\/p>\n<p>&nbsp;<\/p>\n<p><strong><a href=\"https:\/\/ouropretoturismo.com.br\/sao-joao-del-rey\/\">LEIA MAIS<\/a><\/strong><\/p>\n\t\t\t\n\t\t<\/div>\t\t\n\t\t<\/div>\t\n\t<\/div>\n\t<\/div><\/div><div class=\"rs-services\"><div class=\"service-inner services-style-3 center  \">\n\t\t<div class=\"services-wrap\"> \n         <div class=\"services-item\">\n            <div class=\"services-icon\">\n                <a href=\"https:\/\/ouropretoturismo.com.br\/diamantina\/\" title=\"Diamantina\"><img src=\"https:\/\/ouropretoturismo.com.br\/wp-content\/uploads\/Destaque-home-diamantina.jpg\" alt=\"DIAMANTINA\" \/><\/a>\n             <\/div>\n        \n\t\t<div class=\"services-desc\">\n\t\t\t<h3 class=\"services-title services-title2\"><a href=\"https:\/\/ouropretoturismo.com.br\/diamantina\/\" title=\"Diamantina\">DIAMANTINA<\/a><\/h3>\n\t\t\t<p>O pr\u00f3prio ar de suas ruas sinuosas est\u00e1 carregado de fervor religioso enquanto os sinos da igreja tocam seus diversos an\u00fancios. <\/p>\n<p>&nbsp;<\/p>\n<p>&nbsp;<\/p>\n<p><strong><a href=\"https:\/\/ouropretoturismo.com.br\/diamantina\/\">LEIA MAIS<\/a><\/strong><\/p>\n\t\t\t\n\t\t<\/div>\t\t\n\t\t<\/div>\t\n\t<\/div>\n\t<\/div><\/div>[\/vc_column_inner][vc_column_inner width=&#8221;1\/3&#8243;]<div class=\"rs-services\"><div class=\"service-inner services-style-3 center  \">\n\t\t<div class=\"services-wrap\"> \n         <div class=\"services-item\">\n            <div class=\"services-icon\">\n                <a href=\"https:\/\/ouropretoturismo.com.br\/tiradentes\/\" title=\"Tiradentes\"><img src=\"https:\/\/ouropretoturismo.com.br\/wp-content\/uploads\/Destaque-home-Tiradentes.jpg\" alt=\"TIRADENTES\" \/><\/a>\n             <\/div>\n        \n\t\t<div class=\"services-desc\">\n\t\t\t<h3 class=\"services-title services-title2\"><a href=\"https:\/\/ouropretoturismo.com.br\/tiradentes\/\" title=\"Tiradentes\">TIRADENTES<\/a><\/h3>\n\t\t\t<p>Conforto, sofistica\u00e7\u00e3o e estilo fazem de Tiradentes uma das cidades mais sedutoras de Minas. Suas lojas s\u00e3o convidativas, o artesanato da melhor qualidade, as pousadas e restaurantes encantadores.<strong><a href=\"https:\/\/ouropretoturismo.com.br\/tiradentes\/\"><br \/>\nLEIA MAIS<\/a><\/strong><\/p>\n\t\t\t\n\t\t<\/div>\t\t\n\t\t<\/div>\t\n\t<\/div>\n\t<\/div><\/div><div class=\"rs-services\"><div class=\"service-inner services-style-3 center  vc_custom_1617976872474 \">\n\t\t<div class=\"services-wrap\"> \n         <div class=\"services-item\">\n            <div class=\"services-icon\">\n                <a href=\"https:\/\/ouropretoturismo.com.br\/mariana\/\" title=\"Mariana\"><img src=\"https:\/\/ouropretoturismo.com.br\/wp-content\/uploads\/Mariana-destaque-02.jpg\" alt=\"MARIANA\" \/><\/a>\n             <\/div>\n        \n\t\t<div class=\"services-desc\">\n\t\t\t<h3 class=\"services-title services-title2\"><a href=\"https:\/\/ouropretoturismo.com.br\/mariana\/\" title=\"Mariana\">MARIANA<\/a><\/h3>\n\t\t\t<p>Sede da primeira capital e diocese de Minas, Mariana mant\u00e9m uma aura distinta do s\u00e9culo XVIII, refletida em sua arquitetura, paisagens urbanas, monumentos e ritmo de vida tranquilo.<span style=\"color: #000000;\"><strong><a style=\"color: #000000;\" href=\"https:\/\/ouropretoturismo.com.br\/mariana\/\"><br \/>\nLEIA MAIS<\/a><\/strong><\/span><\/p>\n\t\t\t\n\t\t<\/div>\t\t\n\t\t<\/div>\t\n\t<\/div>\n\t<\/div><\/div><div class=\"rs-services\"><div class=\"service-inner services-style-3 center  \">\n\t\t<div class=\"services-wrap\"> \n         <div class=\"services-item\">\n            <div class=\"services-icon\">\n                <a href=\"https:\/\/ouropretoturismo.com.br\/inhotim\/\" title=\"Inhotim\"><img src=\"https:\/\/ouropretoturismo.com.br\/wp-content\/uploads\/Destaque-home-inhotim.jpg\" alt=\"INHOTIM\" \/><\/a>\n             <\/div>\n        \n\t\t<div class=\"services-desc\">\n\t\t\t<h3 class=\"services-title services-title2\"><a href=\"https:\/\/ouropretoturismo.com.br\/inhotim\/\" title=\"Inhotim\">INHOTIM<\/a><\/h3>\n\t\t\t<p>Parque localizado em Brumadinho \u2013 a 60km de Belo Horizonte, o Inhotim ocupa uma \u00e1rea de 87 hectares de belos jardins \u2013 parte criada pelo renomado paisagista Roberto Burle Marx.<strong><a href=\"https:\/\/ouropretoturismo.com.br\/inhotim\/\"><br \/>\nLEIA MAIS<\/a><\/strong><\/p>\n\t\t\t\n\t\t<\/div>\t\t\n\t\t<\/div>\t\n\t<\/div>\n\t<\/div><\/div>[\/vc_column_inner][vc_column_inner width=&#8221;1\/3&#8243;]<div class=\"rs-services\"><div class=\"service-inner services-style-3 center  \">\n\t\t<div class=\"services-wrap\"> \n         <div class=\"services-item\">\n            <div class=\"services-icon\">\n                <a href=\"https:\/\/ouropretoturismo.com.br\/congonhas\/\" title=\"Congonhas\"><img src=\"https:\/\/ouropretoturismo.com.br\/wp-content\/uploads\/Destaque-home-Congonhas.jpg\" alt=\"CONGONHAS\" \/><\/a>\n             <\/div>\n        \n\t\t<div class=\"services-desc\">\n\t\t\t<h3 class=\"services-title services-title2\"><a href=\"https:\/\/ouropretoturismo.com.br\/congonhas\/\" title=\"Congonhas\">CONGONHAS<\/a><\/h3>\n\t\t\t<p>As esculturas de Aleijadinho que decoram o Santu\u00e1rio do Bom Jesus dos Matozinhos expressam a paix\u00e3o e a piedade deste grande artista no auge de seu humanismo e criatividade.<br \/>\n<strong><br \/>\n<a href=\"https:\/\/ouropretoturismo.com.br\/congonhas\/\">LEIA MAIS<\/a><\/strong><\/p>\n\t\t\t\n\t\t<\/div>\t\t\n\t\t<\/div>\t\n\t<\/div>\n\t<\/div><\/div><div class=\"rs-services\"><div class=\"service-inner services-style-3 center  \">\n\t\t<div class=\"services-wrap\"> \n         <div class=\"services-item\">\n            <div class=\"services-icon\">\n                <a href=\"https:\/\/ouropretoturismo.com.br\/sabara\/\" title=\"Leishmanioses\"><img src=\"https:\/\/ouropretoturismo.com.br\/wp-content\/uploads\/Destaque-home-sabara.jpg\" alt=\"SABAR\u00c1\" \/><\/a>\n             <\/div>\n        \n\t\t<div class=\"services-desc\">\n\t\t\t<h3 class=\"services-title services-title2\"><a href=\"https:\/\/ouropretoturismo.com.br\/sabara\/\" title=\"Leishmanioses\">SABAR\u00c1<\/a><\/h3>\n\t\t\t<p>Sabar\u00e1 \u00e9 particularmente rica em formas arquitet\u00f4nicas e ornamentais que tra\u00e7am a evolu\u00e7\u00e3o da arte sacra em Minas.<\/p>\n<p>&nbsp;<\/p>\n<p>&nbsp;<\/p>\n<p><strong><a href=\"https:\/\/ouropretoturismo.com.br\/sabara\/\">LEIA MAIS<\/a><\/strong><\/p>\n\t\t\t\n\t\t<\/div>\t\t\n\t\t<\/div>\t\n\t<\/div>\n\t<\/div><\/div><div class=\"rs-services\"><div class=\"service-inner services-style-3 center  \">\n\t\t<div class=\"services-wrap\"> \n         <div class=\"services-item\">\n            <div class=\"services-icon\">\n                <a href=\"https:\/\/ouropretoturismo.com.br\/belo-horizonte\/\" title=\"Belo Horizonte\"><img src=\"https:\/\/ouropretoturismo.com.br\/wp-content\/uploads\/Destaque-home-belo-horizonte.jpg\" alt=\"BELO HORIZONTE\" \/><\/a>\n             <\/div>\n        \n\t\t<div class=\"services-desc\">\n\t\t\t<h3 class=\"services-title services-title2\"><a href=\"https:\/\/ouropretoturismo.com.br\/belo-horizonte\/\" title=\"Belo Horizonte\">BELO HORIZONTE<\/a><\/h3>\n\t\t\t<p>Fundada em 1897, Belo Horizonte \u00e9 hoje a terceira maior cidade do Brasil e um importante polo industrial.<br \/>\nA principal atra\u00e7\u00e3o tur\u00edstica da cidade \u00e9 a Pampulha.<br \/>\n<strong><a href=\"https:\/\/ouropretoturismo.com.br\/belo-horizonte\/\">LEIA MAIS<\/a><\/strong><\/p>\n\t\t\t\n\t\t<\/div>\t\t\n\t\t<\/div>\t\n\t<\/div>\n\t<\/div><\/div>[\/vc_column_inner][\/vc_row_inner][\/vc_column][\/vc_row][vc_row][vc_column][\/vc_column][\/vc_row][vc_row full_width=&#8221;stretch_row&#8221; gap=&#8221;3&#8243; css=&#8221;.vc_custom_1614179378587{padding-top: 0px !important;padding-bottom: 0px !important;background-color: #fbc02d !important;}&#8221; el_id=&#8221;cleaning-sec-contact&#8221;][vc_column css=&#8221;.vc_custom_1526105721477{padding-top: 0px !important;padding-bottom: 0px !important;}&#8221;][\/vc_column][\/vc_row][vc_row][vc_column][\/vc_column][\/vc_row]<\/p>\n","protected":false},"excerpt":{"rendered":"<p>[vc_row full_width=&#8221;stretch_row&#8221; css=&#8221;.vc_custom_1529492547476{padding-top: 0px !important;padding-bottom: 5px !important;}&#8221; el_id=&#8221;rs-we-work&#8221; el_class=&#8221;rs-we-work-clean&#8221;][vc_column][vc_column_text]&#8211;[\/vc_column_text][\/vc_column][\/vc_row][vc_row full_width=&#8221;stretch_row&#8221; css=&#8221;.vc_custom_1529902399527{padding-top: 55px !important;padding-bottom: 40px !important;background-color: #f0f0f0 !important;}&#8221; el_id=&#8221;rs-services&#8221; el_class=&#8221;services-three&#8221;][vc_column][vc_column_text] CIDADES&#8230;<\/p>\n","protected":false},"author":2,"featured_media":0,"parent":0,"menu_order":0,"comment_status":"closed","ping_status":"closed","template":"","meta":[],"_links":{"self":[{"href":"https:\/\/ouropretoturismo.com.br\/wp-json\/wp\/v2\/pages\/3586"}],"collection":[{"href":"https:\/\/ouropretoturismo.com.br\/wp-json\/wp\/v2\/pages"}],"about":[{"href":"https:\/\/ouropretoturismo.com.br\/wp-json\/wp\/v2\/types\/page"}],"author":[{"embeddable":true,"href":"https:\/\/ouropretoturismo.com.br\/wp-json\/wp\/v2\/users\/2"}],"replies":[{"embeddable":true,"href":"https:\/\/ouropretoturismo.com.br\/wp-json\/wp\/v2\/comments?post=3586"}],"version-history":[{"count":126,"href":"https:\/\/ouropretoturismo.com.br\/wp-json\/wp\/v2\/pages\/3586\/revisions"}],"predecessor-version":[{"id":4762,"href":"https:\/\/ouropretoturismo.com.br\/wp-json\/wp\/v2\/pages\/3586\/revisions\/4762"}],"wp:attachment":[{"href":"https:\/\/ouropretoturismo.com.br\/wp-json\/wp\/v2\/media?parent=3586"}],"curies":[{"name":"wp","href":"https:\/\/api.w.org\/{rel}","templated":true}]}}