{"id":4419,"date":"2021-02-26T22:28:23","date_gmt":"2021-02-26T22:28:23","guid":{"rendered":"https:\/\/ouropretoturismo.com.br\/en\/?page_id=4419"},"modified":"2021-04-07T22:23:44","modified_gmt":"2021-04-07T22:23:44","slug":"belo-horizonte","status":"publish","type":"page","link":"https:\/\/ouropretoturismo.com.br\/belo-horizonte\/","title":{"rendered":"Belo Horizonte"},"content":{"rendered":"<p>[vc_row][vc_column][vc_column_text]<\/p>\n<h3 style=\"text-align: center;\">BELO HORIZONTE<\/h3>\n<p>[\/vc_column_text][\/vc_column][\/vc_row][vc_row][vc_column width=&#8221;1\/2&#8243;][vc_single_image image=&#8221;4734&#8243; img_size=&#8221;full&#8221;][\/vc_column][vc_column width=&#8221;1\/2&#8243;][vc_column_text]<\/p>\n<p>La principale attrazione della citt\u00e0 \u00e8 Pampulha, un quartiere pianificato, edificato attorno ad un lago artificiale e abbellito da un complesso architettonico disegnato dal mondialmente famoso architetto Oscar Niemeyer.<\/p>\n<p>Pampulha \u00e8 un quartiere dove si possono vedere le prime opere di Niemeyer, progetti paesaggistici di Burle Marx e dipinti di Portinari. Pampulha \u00e8 considerata uno dei primi esempi di architettura moderna in Brasile, che raggiunger\u00e0 il culmine a Bras\u00edlia.<\/p>\n<p>Il complesso architettonico \u00e8 composto dalla Chiesa di San Francesco d\u2019Assisi, la Casa do Baile (un\u2019elegante sala da ballo) lo Yacht Club e il Museo d\u2019arte Contemporanea.<br \/>La citt\u00e0 gode di un agitato calendario culturale, soprattutto al Pal\u00e1cio das Artes (un importante centro di teatro, cinema, musica ed arte in generale). Anche la vita notturna \u00e8 piuttosto intensa, con numerose opzioni di bar, discoteche e ristoranti concentrati soprattutto nella zona Savassi.<\/p>\n<p>[\/vc_column_text][\/vc_column][\/vc_row][vc_row][vc_column width=&#8221;1\/2&#8243;][vc_single_image image=&#8221;4736&#8243; img_size=&#8221;full&#8221;][\/vc_column][vc_column width=&#8221;1\/2&#8243;][vc_column_text]<\/p>\n<p><strong>Tour <\/strong><strong>Virtual<\/strong><br \/>\u2013\u00a0<a href=\"http:\/\/visitas.minasgerais.com.br\/bh\/index.htm\" target=\"_blank\" rel=\"noopener\">Belo Horizonte <\/a><br \/>\u2013\u00a0<a href=\"http:\/\/visitas.minasgerais.com.br\/bhpampulha\/index01.htm\" target=\"_blank\" rel=\"noopener\">Pampulha \u2013 01 <\/a><br \/>\u2013 <a href=\"http:\/\/visitas.minasgerais.com.br\/bh\/index.htm\" target=\"_blank\" rel=\"noopener\">Pampulha \u2013 02 <\/a><br \/>\u2013 <a href=\"http:\/\/visitas.minasgerais.com.br\/bhliberdade\/index35.htm\" target=\"_blank\" rel=\"noopener\">Circuito Piazza della Libert\u00e0 \u2013 01 <\/a><br \/>\u2013 <a href=\"http:\/\/visitas.minasgerais.com.br\/bhliberdade\/index.htm\" target=\"_blank\" rel=\"noopener\">Circuito Piazza della Libert\u00e0 \u2013 02<\/a><\/p>\n","protected":false},"excerpt":{"rendered":"<p>[vc_row][vc_column][vc_column_text] BELO HORIZONTE [\/vc_column_text][\/vc_column][\/vc_row][vc_row][vc_column width=&#8221;1\/2&#8243;][vc_single_image image=&#8221;4734&#8243; img_size=&#8221;full&#8221;][\/vc_column][vc_column width=&#8221;1\/2&#8243;][vc_column_text] La principale attrazione della citt\u00e0 \u00e8 Pampulha, un quartiere pianificato, edificato attorno&#8230;<\/p>\n","protected":false},"author":2,"featured_media":0,"parent":0,"menu_order":0,"comment_status":"closed","ping_status":"closed","template":"","meta":[],"_links":{"self":[{"href":"https:\/\/ouropretoturismo.com.br\/wp-json\/wp\/v2\/pages\/4419"}],"collection":[{"href":"https:\/\/ouropretoturismo.com.br\/wp-json\/wp\/v2\/pages"}],"about":[{"href":"https:\/\/ouropretoturismo.com.br\/wp-json\/wp\/v2\/types\/page"}],"author":[{"embeddable":true,"href":"https:\/\/ouropretoturismo.com.br\/wp-json\/wp\/v2\/users\/2"}],"replies":[{"embeddable":true,"href":"https:\/\/ouropretoturismo.com.br\/wp-json\/wp\/v2\/comments?post=4419"}],"version-history":[{"count":21,"href":"https:\/\/ouropretoturismo.com.br\/wp-json\/wp\/v2\/pages\/4419\/revisions"}],"predecessor-version":[{"id":4739,"href":"https:\/\/ouropretoturismo.com.br\/wp-json\/wp\/v2\/pages\/4419\/revisions\/4739"}],"wp:attachment":[{"href":"https:\/\/ouropretoturismo.com.br\/wp-json\/wp\/v2\/media?parent=4419"}],"curies":[{"name":"wp","href":"https:\/\/api.w.org\/{rel}","templated":true}]}}