{"id":4396,"date":"2021-02-26T22:16:35","date_gmt":"2021-02-26T22:16:35","guid":{"rendered":"https:\/\/ouropretoturismo.com.br\/en\/?page_id=4396"},"modified":"2021-03-11T19:43:26","modified_gmt":"2021-03-11T19:43:26","slug":"sabara","status":"publish","type":"page","link":"https:\/\/ouropretoturismo.com.br\/sabara\/","title":{"rendered":"Sabar\u00e1"},"content":{"rendered":"<p>[vc_row][vc_column][vc_column_text]<\/p>\n<h3 style=\"text-align: center;\">SABAR\u00c1<\/h3>\n<p>[\/vc_column_text][\/vc_column][\/vc_row]<\/p>\n<p>[vc_row][vc_column width=&#8221;1\/4&#8243;][vc_single_image image=&#8221;4401&#8243; img_size=&#8221;full&#8221;][\/vc_column][vc_column width=&#8221;3\/4&#8243;][vc_column_text]<\/p>\n<p>La citt\u00e0 di Sabar\u00e1 \u00e8 particolarmente ricca di opere architettoniche ed ornamentali, attraverso le quali \u00e8 possibile tracciare l\u2019evoluzione dell\u2019arte sacra nel Minas.<\/p>\n<p>Qui vediamo il meglio dell\u2019eredit\u00e0 barocca: alcuni dei pi\u00f9 pregiati intagli barocchi del Minas si trovano nel centro di questa citt\u00e0.<\/p>\n<p>Le attrazioni sono numerose, tra cui adorabili edifici e monumenti del diciottesimo secolo, come il Teatro Imperiale, e graziose fontane. La chiesa di Nostra Signora dell\u2019Immacolata Concezione e di Nostra Signora do \u00d3 sono bellissimi esempi dell\u2019influenza barocca durante il periodo coloniale.<\/p>\n<p>[\/vc_column_text][\/vc_column][\/vc_row][vc_row][vc_column width=&#8221;1\/2&#8243;][vc_single_image image=&#8221;4403&#8243; img_size=&#8221;full&#8221; alignment=&#8221;center&#8221;][\/vc_column][vc_column width=&#8221;1\/2&#8243;][vc_single_image image=&#8221;4404&#8243; img_size=&#8221;full&#8221;][\/vc_column][\/vc_row]<\/p>\n","protected":false},"excerpt":{"rendered":"<p>[vc_row][vc_column][vc_column_text] SABAR\u00c1 [\/vc_column_text][\/vc_column][\/vc_row] [vc_row][vc_column width=&#8221;1\/4&#8243;][vc_single_image image=&#8221;4401&#8243; img_size=&#8221;full&#8221;][\/vc_column][vc_column width=&#8221;3\/4&#8243;][vc_column_text] La citt\u00e0 di Sabar\u00e1 \u00e8 particolarmente ricca di opere architettoniche ed ornamentali,&#8230;<\/p>\n","protected":false},"author":2,"featured_media":0,"parent":0,"menu_order":0,"comment_status":"closed","ping_status":"closed","template":"","meta":[],"_links":{"self":[{"href":"https:\/\/ouropretoturismo.com.br\/wp-json\/wp\/v2\/pages\/4396"}],"collection":[{"href":"https:\/\/ouropretoturismo.com.br\/wp-json\/wp\/v2\/pages"}],"about":[{"href":"https:\/\/ouropretoturismo.com.br\/wp-json\/wp\/v2\/types\/page"}],"author":[{"embeddable":true,"href":"https:\/\/ouropretoturismo.com.br\/wp-json\/wp\/v2\/users\/2"}],"replies":[{"embeddable":true,"href":"https:\/\/ouropretoturismo.com.br\/wp-json\/wp\/v2\/comments?post=4396"}],"version-history":[{"count":6,"href":"https:\/\/ouropretoturismo.com.br\/wp-json\/wp\/v2\/pages\/4396\/revisions"}],"predecessor-version":[{"id":4402,"href":"https:\/\/ouropretoturismo.com.br\/wp-json\/wp\/v2\/pages\/4396\/revisions\/4402"}],"wp:attachment":[{"href":"https:\/\/ouropretoturismo.com.br\/wp-json\/wp\/v2\/media?parent=4396"}],"curies":[{"name":"wp","href":"https:\/\/api.w.org\/{rel}","templated":true}]}}