{"id":4373,"date":"2021-02-26T21:56:42","date_gmt":"2021-02-26T21:56:42","guid":{"rendered":"https:\/\/ouropretoturismo.com.br\/en\/?page_id=4373"},"modified":"2021-04-30T15:12:42","modified_gmt":"2021-04-30T15:12:42","slug":"tiradentes","status":"publish","type":"page","link":"https:\/\/ouropretoturismo.com.br\/tiradentes\/","title":{"rendered":"Tiradentes"},"content":{"rendered":"<p>[vc_row][vc_column][vc_column_text]<\/p>\n<h3 style=\"text-align: center;\">TIRADENTES<\/h3>\n<p>[\/vc_column_text][\/vc_column][\/vc_row][vc_row][vc_column width=&#8221;1\/2&#8243;][vc_single_image image=&#8221;4668&#8243; img_size=&#8221;full&#8221;][\/vc_column][vc_column width=&#8221;1\/2&#8243;][vc_column_text]<\/p>\n<p>Tiradentes \u00e8 stata il primo insediamento nella regione del Rio das Mortes, quando venne trovato l\u2019oro per la prima volta, nel 1702. Deve il suo nome attuale a Tiradentes, nato qui ed eroe nazionale dell\u2019Inconfid\u00eancia Mineira (1789) un movimento di liberazione repubblicano duramente represso dai Portoghesi.<\/p>\n<p>Uno degli ultimi progetti di Aleijadinho, \u00e8 stata la facciata della chiesa di Sant\u2019Antonio, a Tiradentes in cui si trova un sofisticato organo portoghese del diciottesimo secolo, usato ancor oggi durante la celebrazione della messa. Circondato dalla splendida Serra di S\u00e3o Jos\u00e9, la citt\u00e0 \u00e8 anche sede di un festival annuale del cinema e di un importante festival gastronomico.[\/vc_column_text][\/vc_column][\/vc_row][vc_row][vc_column][vc_column_text]<\/p>\n<p><b><\/b>[\/vc_column_text][\/vc_column][\/vc_row][vc_row][vc_column width=&#8221;1\/2&#8243;][vc_column_text]<\/p>\n<p><strong>Principali Attrazioni: <br \/><\/strong>Chiesa di Sant\u2019Antonio (1710) <br \/>Museo Padre Toledo<br \/>Fontana di S\u00e3o Jos\u00e9 das Botas (1749) <br \/><a href=\"https:\/\/museudesantana.org.br\" target=\"_blank\" rel=\"noopener\">Museu de Santana \u2013 museudesantana.org.br<\/a> <br \/><a href=\"https:\/\/museudaliturgia.com.br\" target=\"_blank\" rel=\"noopener\">Museu da Liturgia \u2013 museudaliturgia.com.br<\/a> \u00a0<\/p>\n<p><a href=\"http:\/\/visitas.minasgerais.com.br\/tiradentes\/index.htm\" target=\"_blank\" rel=\"noopener\"><b>Virtual Tour<\/b><\/a><\/p>\n<p>[\/vc_column_text][\/vc_column][vc_column width=&#8221;1\/2&#8243;][vc_single_image image=&#8221;4588&#8243; img_size=&#8221;medium&#8221;][\/vc_column][\/vc_row][vc_row][vc_column width=&#8221;1\/3&#8243;][vc_single_image image=&#8221;4604&#8243; img_size=&#8221;360\u00d7242.3&#8243;][\/vc_column][vc_column width=&#8221;1\/3&#8243;][vc_single_image image=&#8221;4607&#8243; img_size=&#8221;360\u00d7242&#8243;][\/vc_column][vc_column width=&#8221;1\/3&#8243;][vc_single_image image=&#8221;4382&#8243; img_size=&#8221;360\u00d7242&#8243;][\/vc_column][\/vc_row][vc_row][vc_column][vc_column_text]<\/p>\n<blockquote>\n<p><span style=\"color: #3366ff;\"><strong>Distilleria della cacha\u00e7a e Degustazione della cacha\u00e7a <\/strong><\/span><\/p>\n<\/blockquote>\n<p>Visita guidata \u2013 Tutti i giorni alle 10:10 eccetto il mercoled\u00ec Cosa ne dite di conoscere il processo di produzione di una buona cacha\u00e7a artigianale?<br \/>Circondata dalla Serra de S\u00e3o Jos\u00e9, la MAZUMA \u00e8 il luogo ideale per imparare tutto sulla cacha\u00e7a, bevanda sempre pi\u00f9 apprezzata.<br \/>Il nostro personale vi spiegher\u00e0 come si produce una buona cacha\u00e7a artigianale cominciando dalla piantagione fino allo stoccaggio.<br \/>Non \u00e8 soltanto una semplice visita, ma \u00e8 una lezione dinamica e interessante per qualsiasi tipo di turista.<\/p>\n<p>[\/vc_column_text][\/vc_column][\/vc_row][vc_row][vc_column width=&#8221;1\/3&#8243;][vc_single_image image=&#8221;4765&#8243; img_size=&#8221;300&#215;200&#8243;][\/vc_column][vc_column width=&#8221;1\/3&#8243;][vc_single_image image=&#8221;4766&#8243; img_size=&#8221;300&#215;200&#8243;][\/vc_column][vc_column width=&#8221;1\/3&#8243;][vc_single_image image=&#8221;4767&#8243; img_size=&#8221;300&#215;200&#8243;][\/vc_column][\/vc_row]<\/p>\n","protected":false},"excerpt":{"rendered":"<p>[vc_row][vc_column][vc_column_text] TIRADENTES [\/vc_column_text][\/vc_column][\/vc_row][vc_row][vc_column width=&#8221;1\/2&#8243;][vc_single_image image=&#8221;4668&#8243; img_size=&#8221;full&#8221;][\/vc_column][vc_column width=&#8221;1\/2&#8243;][vc_column_text] Tiradentes \u00e8 stata il primo insediamento nella regione del Rio das Mortes, quando&#8230;<\/p>\n","protected":false},"author":2,"featured_media":0,"parent":0,"menu_order":0,"comment_status":"closed","ping_status":"closed","template":"","meta":[],"_links":{"self":[{"href":"https:\/\/ouropretoturismo.com.br\/wp-json\/wp\/v2\/pages\/4373"}],"collection":[{"href":"https:\/\/ouropretoturismo.com.br\/wp-json\/wp\/v2\/pages"}],"about":[{"href":"https:\/\/ouropretoturismo.com.br\/wp-json\/wp\/v2\/types\/page"}],"author":[{"embeddable":true,"href":"https:\/\/ouropretoturismo.com.br\/wp-json\/wp\/v2\/users\/2"}],"replies":[{"embeddable":true,"href":"https:\/\/ouropretoturismo.com.br\/wp-json\/wp\/v2\/comments?post=4373"}],"version-history":[{"count":52,"href":"https:\/\/ouropretoturismo.com.br\/wp-json\/wp\/v2\/pages\/4373\/revisions"}],"predecessor-version":[{"id":4783,"href":"https:\/\/ouropretoturismo.com.br\/wp-json\/wp\/v2\/pages\/4373\/revisions\/4783"}],"wp:attachment":[{"href":"https:\/\/ouropretoturismo.com.br\/wp-json\/wp\/v2\/media?parent=4373"}],"curies":[{"name":"wp","href":"https:\/\/api.w.org\/{rel}","templated":true}]}}