{"id":4350,"date":"2021-02-26T21:32:54","date_gmt":"2021-02-26T21:32:54","guid":{"rendered":"https:\/\/ouropretoturismo.com.br\/en\/?page_id=4350"},"modified":"2021-04-30T15:14:12","modified_gmt":"2021-04-30T15:14:12","slug":"sao-joao-del-rey","status":"publish","type":"page","link":"https:\/\/ouropretoturismo.com.br\/sao-joao-del-rey\/","title":{"rendered":"S\u00e3o Jo\u00e3o del Rei"},"content":{"rendered":"<p>[vc_row][vc_column][vc_column_text]<\/p>\n<h3 style=\"text-align: center;\">S\u00c3O JOAO DEL REI<\/h3>\n<p>[\/vc_column_text][\/vc_column][\/vc_row]<\/p>\n<p>[vc_row][vc_column width=&#8221;1\/4&#8243;][vc_single_image image=&#8221;4360&#8243; img_size=&#8221;full&#8221;][\/vc_column][vc_column width=&#8221;3\/4&#8243;][vc_column_text]<\/p>\n<p>Una visita alla citt\u00e0 di S\u00e3o Jo\u00e3o del Rei \u00e8 d\u2019obbligo. Qui, le tradizioni religiose del periodo coloniale sono visibili nelle chiese, processioni e riti dei fedeli. Il suono delle campane delle chiese riempie le strade ventose della citt\u00e0 annunciando feste, processioni, devozioni e novene. Altra importante attrazione sono gli oggetti decorativi fatti in peltro, un\u2019antica tradizione recentemente riscoperta. Il peltro viene spesso lavorato con altri elementi tipo il vetro, la porcellana, l\u2019osso e la pietra ollare.<\/p>\n<p>[\/vc_column_text][\/vc_column][\/vc_row][vc_row][vc_column width=&#8221;1\/4&#8243;][vc_single_image image=&#8221;4359&#8243; img_size=&#8221;full&#8221;][\/vc_column][vc_column width=&#8221;3\/4&#8243;][vc_column_text]<\/p>\n<p><strong>Viaggio in treno da S\u00e3o Jo\u00e3o del Rei a Tiradentes.<\/strong><\/p>\n<p>Un viaggio tra S\u00e3o Jo\u00e3o del Rei e Tiradentes, su un treno a scartamento ridotto, mosso da una locomotiva del diciannovesimo secolo affettuosamente soprannominata Maria Fuma\u00e7a (Maria Fumosa), trasporta il visitatore ad un passato distante, e permette di ammirare alcuni paesaggi tipici del Minas Gerais.<br \/>Il viaggio dura trenta minuti, dal venerd\u00ec alla domenica. Partenze da S\u00e3o Jo\u00e3o del Rei alle 10.00 e alle 14.30; da Tiradentes alle 13.00 e alle 17.00.<\/p>\n<p>[\/vc_column_text][\/vc_column][\/vc_row][vc_row][vc_column width=&#8221;1\/4&#8243;][vc_single_image image=&#8221;4358&#8243; img_size=&#8221;full&#8221;][\/vc_column][vc_column width=&#8221;3\/4&#8243;][vc_column_text]<\/p>\n<p><strong>Principali attrazioni:<\/strong> <br \/>\u2013 Chiesa di San Francesco di Assisi<br \/>\u2013 Chiesa della Nostra Signora del Pilar<br \/>\u2013 Museo Ferroviario<\/p>\n<p>\u00a0<a href=\"http:\/\/visitas.minasgerais.com.br\/sjdr\/index74.htm\" target=\"_blank\" rel=\"noopener\"><b>Virtual Tour<\/b><\/a>[\/vc_column_text][\/vc_column][\/vc_row][vc_row][vc_column width=&#8221;2\/3&#8243;][vc_single_image image=&#8221;4367&#8243; img_size=&#8221;full&#8221;][\/vc_column][vc_column width=&#8221;1\/3&#8243;][vc_single_image image=&#8221;4371&#8243; img_size=&#8221;full&#8221;][\/vc_column][\/vc_row]<\/p>\n","protected":false},"excerpt":{"rendered":"<p>[vc_row][vc_column][vc_column_text] S\u00c3O JOAO DEL REI [\/vc_column_text][\/vc_column][\/vc_row] [vc_row][vc_column width=&#8221;1\/4&#8243;][vc_single_image image=&#8221;4360&#8243; img_size=&#8221;full&#8221;][\/vc_column][vc_column width=&#8221;3\/4&#8243;][vc_column_text] Una visita alla citt\u00e0 di S\u00e3o Jo\u00e3o del Rei&#8230;<\/p>\n","protected":false},"author":2,"featured_media":0,"parent":0,"menu_order":0,"comment_status":"closed","ping_status":"closed","template":"","meta":[],"_links":{"self":[{"href":"https:\/\/ouropretoturismo.com.br\/wp-json\/wp\/v2\/pages\/4350"}],"collection":[{"href":"https:\/\/ouropretoturismo.com.br\/wp-json\/wp\/v2\/pages"}],"about":[{"href":"https:\/\/ouropretoturismo.com.br\/wp-json\/wp\/v2\/types\/page"}],"author":[{"embeddable":true,"href":"https:\/\/ouropretoturismo.com.br\/wp-json\/wp\/v2\/users\/2"}],"replies":[{"embeddable":true,"href":"https:\/\/ouropretoturismo.com.br\/wp-json\/wp\/v2\/comments?post=4350"}],"version-history":[{"count":45,"href":"https:\/\/ouropretoturismo.com.br\/wp-json\/wp\/v2\/pages\/4350\/revisions"}],"predecessor-version":[{"id":4784,"href":"https:\/\/ouropretoturismo.com.br\/wp-json\/wp\/v2\/pages\/4350\/revisions\/4784"}],"wp:attachment":[{"href":"https:\/\/ouropretoturismo.com.br\/wp-json\/wp\/v2\/media?parent=4350"}],"curies":[{"name":"wp","href":"https:\/\/api.w.org\/{rel}","templated":true}]}}