{"id":3586,"date":"2019-04-23T10:15:27","date_gmt":"2019-04-23T10:15:27","guid":{"rendered":"http:\/\/keenitsolutions.com\/products\/wordpress\/batiment\/?page_id=3467"},"modified":"2021-04-09T14:01:14","modified_gmt":"2021-04-09T14:01:14","slug":"cleaning-onepage","status":"publish","type":"page","link":"https:\/\/ouropretoturismo.com.br\/","title":{"rendered":"Cleaning &#8211; Onepage"},"content":{"rendered":"<p>[vc_row full_width=&#8221;stretch_row&#8221; css=&#8221;.vc_custom_1529492547476{padding-top: 0px !important;padding-bottom: 5px !important;}&#8221; el_id=&#8221;rs-we-work&#8221; el_class=&#8221;rs-we-work-clean&#8221;][vc_column][vc_column_text]-[\/vc_column_text][\/vc_column][\/vc_row][vc_row full_width=&#8221;stretch_row&#8221; css=&#8221;.vc_custom_1529902399527{padding-top: 55px !important;padding-bottom: 40px !important;background-color: #f0f0f0 !important;}&#8221; el_id=&#8221;rs-services&#8221; el_class=&#8221;services-three&#8221;][vc_column][vc_column_text]<\/p>\n<h2 style=\"text-align: center;\"><strong>CITTA &#8216;COLONIALI<\/strong><\/h2>\n<p>[\/vc_column_text][vc_row_inner][vc_column_inner width=&#8221;1\/3&#8243;]<div class=\"rs-services\"><div class=\"service-inner services-style-3 center  \">\n\t\t<div class=\"services-wrap\"> \n         <div class=\"services-item\">\n            <div class=\"services-icon\">\n                <a href=\"http:\/\/ouropretoturismo.com.br\/ouropreto\/\" title=\"Ouro Preto\"><img src=\"https:\/\/ouropretoturismo.com.br\/wp-content\/uploads\/Destaque-home-OuroPreto.jpg\" alt=\"OURO PRETO\" \/><\/a>\n             <\/div>\n        \n\t\t<div class=\"services-desc\">\n\t\t\t<h3 class=\"services-title services-title2\"><a href=\"http:\/\/ouropretoturismo.com.br\/ouropreto\/\" title=\"Ouro Preto\">OURO PRETO<\/a><\/h3>\n\t\t\t<p>Fondata all\u2019inizio del diciottesimo secolo, Ouro Preto \u00e9 un gioiello dell\u2019architettura ed arte coloniali brasiliane. \u00c8 stata dichiarata dall\u2019Unesco patrimonio dell\u2019Umanit\u00e0.<\/p>\n<p>&nbsp;<\/p>\n<p>&nbsp;<\/p>\n<p><strong><a href=\"https:\/\/ouropretoturismo.com.br\/it\/sao-joao-del-rey\/\"><b>L<\/b><b>EGGERE<\/b><\/a><\/strong><\/p>\n\t\t\t\n\t\t<\/div>\t\t\n\t\t<\/div>\t\n\t<\/div>\n\t<\/div><\/div><div class=\"rs-services\"><div class=\"service-inner services-style-3 center  \">\n\t\t<div class=\"services-wrap\"> \n         <div class=\"services-item\">\n            <div class=\"services-icon\">\n                <a href=\"https:\/\/ouropretoturismo.com.br\/sao-joao-del-rey\/\" title=\"S\u00e3o Jo\u00e3o del Rey\"><img src=\"https:\/\/ouropretoturismo.com.br\/wp-content\/uploads\/Destaque-home-sao-joao-del-rei.jpg\" alt=\"S\u00c3O JO\u00c3O DEL REY\" \/><\/a>\n             <\/div>\n        \n\t\t<div class=\"services-desc\">\n\t\t\t<h3 class=\"services-title services-title2\"><a href=\"https:\/\/ouropretoturismo.com.br\/sao-joao-del-rey\/\" title=\"S\u00e3o Jo\u00e3o del Rey\">S\u00c3O JO\u00c3O DEL REY<\/a><\/h3>\n\t\t\t<p>Una visita alla citt\u00e0 di S\u00e3o Jo\u00e3o del Rei \u00e8 d\u2019obbligo. Qui, le tradizioni religiose del periodo coloniale sono visibili nelle chiese, processioni ed abitudini dei fedeli.<\/p>\n<p>&nbsp;<\/p>\n<p>\u00a0\u00a0 <strong><a href=\"https:\/\/ouropretoturismo.com.br\/it\/sao-joao-del-rey\/\"><span style=\"font-family: Century Gothic;\"><b>L<\/b><b>EGGERE<\/b><span style=\"color: #888888;\"><br \/><\/span><\/span> <\/a><\/strong><\/p>\n\t\t\t\n\t\t<\/div>\t\t\n\t\t<\/div>\t\n\t<\/div>\n\t<\/div><\/div><div class=\"rs-services\"><div class=\"service-inner services-style-3 center  \">\n\t\t<div class=\"services-wrap\"> \n         <div class=\"services-item\">\n            <div class=\"services-icon\">\n                <a href=\"https:\/\/ouropretoturismo.com.br\/diamantina\/\" title=\"Diamantina\"><img src=\"https:\/\/ouropretoturismo.com.br\/wp-content\/uploads\/Destaque-home-diamantina.jpg\" alt=\"DIAMANTINA\" \/><\/a>\n             <\/div>\n        \n\t\t<div class=\"services-desc\">\n\t\t\t<h3 class=\"services-title services-title2\"><a href=\"https:\/\/ouropretoturismo.com.br\/diamantina\/\" title=\"Diamantina\">DIAMANTINA<\/a><\/h3>\n\t\t\t<p>Diamantina si trova nel nord del Minas Gerais. \u00c8 un luogo assolutamente incantevole, ma molto diverso dalle altre citt\u00e0 storiche, possibilmente per via del suo passato costellato di diamanti.<\/p>\n<p>\u00a0 <br \/>\u00a0 <br \/>\u00a0 \u00a0\u00a0<strong><a href=\"https:\/\/ouropretoturismo.com.br\/it\/diamantina\/\"><span style=\"font-family: Century Gothic;\"><b>L<\/b><b>EGGERE<\/b><span style=\"color: #888888;\"><br \/><\/span><\/span><\/a><\/strong><\/p>\n\t\t\t\n\t\t<\/div>\t\t\n\t\t<\/div>\t\n\t<\/div>\n\t<\/div><\/div>[\/vc_column_inner][vc_column_inner width=&#8221;1\/3&#8243;]<div class=\"rs-services\"><div class=\"service-inner services-style-3 center  vc_custom_1614518986981 \">\n\t\t<div class=\"services-wrap\"> \n         <div class=\"services-item\">\n            <div class=\"services-icon\">\n                <a href=\"https:\/\/ouropretoturismo.com.br\/mariana\/\" title=\"Mariana\"><img src=\"https:\/\/ouropretoturismo.com.br\/wp-content\/uploads\/Destaque-home-Mariana.jpg\" alt=\"MARIANA\" \/><\/a>\n             <\/div>\n        \n\t\t<div class=\"services-desc\">\n\t\t\t<h3 class=\"services-title services-title2\"><a href=\"https:\/\/ouropretoturismo.com.br\/mariana\/\" title=\"Mariana\">MARIANA<\/a><\/h3>\n\t\t\t<p>Questa incantevole citt\u00e0, fondata nel 1696, \u00e8 stata per un breve periodo capitale dello stato del Minas Gerais. Originalmente chiamata Villa Reale di Nostra Signora del Carmine, passa a chiamarsi Mariana nel 1745, in onore della regina Maria Anna di Portogallo. <a href=\"https:\/\/ouropretoturismo.com.br\/it\/mariana\/\"><strong><span style=\"font-family: Century Gothic;\"><b>L<\/b><b>EGGERE<\/b><span style=\"color: #888888;\"><br \/><\/span><\/span><\/strong><\/a><\/p>\n\t\t\t\n\t\t<\/div>\t\t\n\t\t<\/div>\t\n\t<\/div>\n\t<\/div><\/div><div class=\"rs-services\"><div class=\"service-inner services-style-3 center  \">\n\t\t<div class=\"services-wrap\"> \n         <div class=\"services-item\">\n            <div class=\"services-icon\">\n                <a href=\"https:\/\/ouropretoturismo.com.br\/tiradentes\/\" title=\"Tiradentes\"><img src=\"https:\/\/ouropretoturismo.com.br\/wp-content\/uploads\/Destaque-home-Tiradentes.jpg\" alt=\"TIRADENTES\" \/><\/a>\n             <\/div>\n        \n\t\t<div class=\"services-desc\">\n\t\t\t<h3 class=\"services-title services-title2\"><a href=\"https:\/\/ouropretoturismo.com.br\/tiradentes\/\" title=\"Tiradentes\">TIRADENTES<\/a><\/h3>\n\t\t\t<p>Comfort, sofisticazione e stile fanno di Tiradentes una delle pi\u00f9 gradevoli e belle citt\u00e0 nel Minas. I suoi negozi sono invitanti, l\u2019artigianato \u00e8 di altissima qualit\u00e0, le locande ed i ristoranti incantevoli. Tutto molto romantico. <strong><a href=\"https:\/\/ouropretoturismo.com.br\/it\/tiradentes\/\"><span style=\"font-family: Century Gothic;\"><b>L<\/b><b>EGGER<\/b><\/span>E<\/a><\/strong><\/p>\n\t\t\t\n\t\t<\/div>\t\t\n\t\t<\/div>\t\n\t<\/div>\n\t<\/div><\/div><div class=\"rs-services\"><div class=\"service-inner services-style-3 center  \">\n\t\t<div class=\"services-wrap\"> \n         <div class=\"services-item\">\n            <div class=\"services-icon\">\n                <a href=\"https:\/\/ouropretoturismo.com.br\/inhotim\/\" title=\"Inhotim\"><img src=\"https:\/\/ouropretoturismo.com.br\/wp-content\/uploads\/Destaque-home-inhotim.jpg\" alt=\"INHOTIM\" \/><\/a>\n             <\/div>\n        \n\t\t<div class=\"services-desc\">\n\t\t\t<h3 class=\"services-title services-title2\"><a href=\"https:\/\/ouropretoturismo.com.br\/inhotim\/\" title=\"Inhotim\">INHOTIM<\/a><\/h3>\n\t\t\t<p>Localizzato nella citt\u00e0 di Brumadinho, a 60 km da Belo Horizonte, Inhotim occupa un\u2019area di 87 acri di meravigliosi giardini creati dall\u2019influenza della scuola di Roberto Burle Marx, una comprensiva biblioteca vivente di piante tropicali, oltre ad una notevole collezione di arte contemporanea. <strong><a href=\"https:\/\/ouropretoturismo.com.br\/it\/inhotim\/\"><span style=\"font-family: Century Gothic;\"><b>L<\/b><b>EGGERE<\/b><span style=\"color: #888888;\"><br \/><\/span><\/span><\/a><\/strong><\/p>\n\t\t\t\n\t\t<\/div>\t\t\n\t\t<\/div>\t\n\t<\/div>\n\t<\/div><\/div>[\/vc_column_inner][vc_column_inner width=&#8221;1\/3&#8243;]<div class=\"rs-services\"><div class=\"service-inner services-style-3 center  \">\n\t\t<div class=\"services-wrap\"> \n         <div class=\"services-item\">\n            <div class=\"services-icon\">\n                <a href=\"https:\/\/ouropretoturismo.com.br\/congonhas\/\" title=\"Congonhas\"><img src=\"https:\/\/ouropretoturismo.com.br\/wp-content\/uploads\/Destaque-home-Congonhas.jpg\" alt=\"CONGONHAS\" \/><\/a>\n             <\/div>\n        \n\t\t<div class=\"services-desc\">\n\t\t\t<h3 class=\"services-title services-title2\"><a href=\"https:\/\/ouropretoturismo.com.br\/congonhas\/\" title=\"Congonhas\">CONGONHAS<\/a><\/h3>\n\t\t\t<p>Fondato all\u2019inizio del XVIII secolo, Ouro Preto \u00e8 un capolavoro dell\u2019architettura e dell\u2019arte coloniale brasiliana. Infatti, l\u2019UNESCO lo ha dichiarato patrimonio dell\u2019umanit\u00e0.<\/p>\n<p>&nbsp;<\/p>\n<p><strong><a href=\"https:\/\/ouropretoturismo.com.br\/it\/congonhas\/\"><span style=\"font-family: Century Gothic;\"><b>L<\/b><b>EGGERE<\/b><span style=\"color: #888888;\"><br \/><\/span><\/span><\/a><\/strong><\/p>\n\t\t\t\n\t\t<\/div>\t\t\n\t\t<\/div>\t\n\t<\/div>\n\t<\/div><\/div><div class=\"rs-services\"><div class=\"service-inner services-style-3 center  \">\n\t\t<div class=\"services-wrap\"> \n         <div class=\"services-item\">\n            <div class=\"services-icon\">\n                <a href=\"https:\/\/ouropretoturismo.com.br\/sabara\/\" title=\"Leishmanioses\"><img src=\"https:\/\/ouropretoturismo.com.br\/wp-content\/uploads\/Destaque-home-sabara.jpg\" alt=\"SABAR\u00c1\" \/><\/a>\n             <\/div>\n        \n\t\t<div class=\"services-desc\">\n\t\t\t<h3 class=\"services-title services-title2\"><a href=\"https:\/\/ouropretoturismo.com.br\/sabara\/\" title=\"Leishmanioses\">SABAR\u00c1<\/a><\/h3>\n\t\t\t<p>La citt\u00e0 di Sabar\u00e1 \u00e8 particolarmente ricca di opere architettoniche ed ornamentali, attraverso le quali \u00e8 possibile tracciare l\u2019evoluzione dell\u2019arte sacra nel Minas. \u00a0<\/p>\n<p>\u00a0 <br \/>\u00a0 <strong><a href=\"https:\/\/ouropretoturismo.com.br\/it\/sabara\/\"><span style=\"font-family: Century Gothic;\"><b>L<\/b><b>EGGERE<\/b><span style=\"color: #888888;\"><br \/><\/span><\/span><\/a><\/strong><\/p>\n\t\t\t\n\t\t<\/div>\t\t\n\t\t<\/div>\t\n\t<\/div>\n\t<\/div><\/div><div class=\"rs-services\"><div class=\"service-inner services-style-3 center  \">\n\t\t<div class=\"services-wrap\"> \n         <div class=\"services-item\">\n            <div class=\"services-icon\">\n                <a href=\"https:\/\/ouropretoturismo.com.br\/belo-horizonte\/\" title=\"Leishmanioses\"><img src=\"https:\/\/ouropretoturismo.com.br\/wp-content\/uploads\/Destaque-home-belo-horizonte.jpg\" alt=\"BELO HORIZONTE\" \/><\/a>\n             <\/div>\n        \n\t\t<div class=\"services-desc\">\n\t\t\t<h3 class=\"services-title services-title2\"><a href=\"https:\/\/ouropretoturismo.com.br\/belo-horizonte\/\" title=\"Leishmanioses\">BELO HORIZONTE<\/a><\/h3>\n\t\t\t<p>Fondata nel 1897, Belo Horizonte \u00e8 oggi la sesta maggiore citt\u00e0 del Brasile. La principale attrazione della citt\u00e0 \u00e8 Pampulha, un quartiere pianificato, edificato attorno ad un lago artificiale e abbellito da un complesso architettonico disegnato dal mondialmente famoso architetto Oscar Niemeyer. <strong><a href=\"https:\/\/ouropretoturismo.com.br\/it\/belo-horizonte\/\"><span style=\"font-family: Century Gothic;\"><b>L<\/b><b>EGGERE<\/b><span style=\"color: #888888;\"><br \/><\/span><\/span><\/a><\/strong><\/p>\n\t\t\t\n\t\t<\/div>\t\t\n\t\t<\/div>\t\n\t<\/div>\n\t<\/div><\/div>[\/vc_column_inner][\/vc_row_inner][\/vc_column][\/vc_row][vc_row][vc_column][\/vc_column][\/vc_row][vc_row full_width=&#8221;stretch_row&#8221; gap=&#8221;3&#8243; css=&#8221;.vc_custom_1614179378587{padding-top: 0px !important;padding-bottom: 0px !important;background-color: #fbc02d !important;}&#8221; el_id=&#8221;cleaning-sec-contact&#8221;][vc_column css=&#8221;.vc_custom_1526105721477{padding-top: 0px !important;padding-bottom: 0px !important;}&#8221;][\/vc_column][\/vc_row][vc_row][vc_column][\/vc_column][\/vc_row]<\/p>\n","protected":false},"excerpt":{"rendered":"<p>[vc_row full_width=&#8221;stretch_row&#8221; css=&#8221;.vc_custom_1529492547476{padding-top: 0px !important;padding-bottom: 5px !important;}&#8221; el_id=&#8221;rs-we-work&#8221; el_class=&#8221;rs-we-work-clean&#8221;][vc_column][vc_column_text]-[\/vc_column_text][\/vc_column][\/vc_row][vc_row full_width=&#8221;stretch_row&#8221; css=&#8221;.vc_custom_1529902399527{padding-top: 55px !important;padding-bottom: 40px !important;background-color: #f0f0f0 !important;}&#8221; el_id=&#8221;rs-services&#8221; el_class=&#8221;services-three&#8221;][vc_column][vc_column_text] CITTA&#8230;<\/p>\n","protected":false},"author":2,"featured_media":0,"parent":0,"menu_order":0,"comment_status":"closed","ping_status":"closed","template":"","meta":[],"_links":{"self":[{"href":"https:\/\/ouropretoturismo.com.br\/wp-json\/wp\/v2\/pages\/3586"}],"collection":[{"href":"https:\/\/ouropretoturismo.com.br\/wp-json\/wp\/v2\/pages"}],"about":[{"href":"https:\/\/ouropretoturismo.com.br\/wp-json\/wp\/v2\/types\/page"}],"author":[{"embeddable":true,"href":"https:\/\/ouropretoturismo.com.br\/wp-json\/wp\/v2\/users\/2"}],"replies":[{"embeddable":true,"href":"https:\/\/ouropretoturismo.com.br\/wp-json\/wp\/v2\/comments?post=3586"}],"version-history":[{"count":126,"href":"https:\/\/ouropretoturismo.com.br\/wp-json\/wp\/v2\/pages\/3586\/revisions"}],"predecessor-version":[{"id":4762,"href":"https:\/\/ouropretoturismo.com.br\/wp-json\/wp\/v2\/pages\/3586\/revisions\/4762"}],"wp:attachment":[{"href":"https:\/\/ouropretoturismo.com.br\/wp-json\/wp\/v2\/media?parent=3586"}],"curies":[{"name":"wp","href":"https:\/\/api.w.org\/{rel}","templated":true}]}}