{"id":795,"date":"2018-05-10T06:22:06","date_gmt":"2018-05-10T06:22:06","guid":{"rendered":"http:\/\/keenitsolutions.com\/products\/wordpress\/rsconstruction\/?page_id=795"},"modified":"2022-12-17T19:06:37","modified_gmt":"2022-12-17T19:06:37","slug":"about-us","status":"publish","type":"page","link":"https:\/\/ouropretoturismo.com.br\/about-us\/","title":{"rendered":"\u00c0 propos de nous"},"content":{"rendered":"<p>[vc_row full_width=\u00a0\u00bbstretch_row\u00a0\u00bb css=\u00a0\u00bb.vc_custom_1525933786777{padding-top: 65px !important;padding-bottom: 65px !important;background-color: #f0f0f0 !important;}\u00a0\u00bb el_id=\u00a0\u00bbrscontact-pages\u00a0\u00bb][vc_column]\r\n        <div class=\"rs-heading   \">\r\n        \t<div class=\"title-inner\">\r\n\t            <span class=\"sub-text\">OURO PRETO TURISMO<\/span>\r\n\t            \r\n\t        <\/div><div class=\"description\"><p><\/p>\n<blockquote><p>Nous r\u00e9ceptionnons les touristes depuis 35 ann\u00e9es.<\/p><\/blockquote>\n<p>Soyez les bien venus !<\/p>\n<p>Ici vous d\u00e9couvrirez les villes coloniales de Minas Gerais , ses attractions et originalit\u00e9s ,et pr\u00e9parez vos itin\u00e9raires selon vos envies.<br \/>Vous pouvez aussi visiter Inhotim,le Mus\u00e9e d art Contemporain, et Belo Horizonte,capital de l \u00c9tat de Minas Gerais.<\/p>\n<p>Naviguez sur nos offres dans menu and nos informations \u00e0 propos d itin\u00e9raires, h\u00f4tels,hostes,et tours.<\/p><\/div><\/div>[vc_row_inner css=\u00a0\u00bb.vc_custom_1525933782969{padding-top: 0px !important;}\u00a0\u00bb][vc_column_inner el_class=\u00a0\u00bbcontact-details\u00a0\u00bb width=\u00a0\u00bb1\/3&Prime;][vc_icon icon_fontawesome=\u00a0\u00bbfa fa-map-marker\u00a0\u00bb color=\u00a0\u00bbblack\u00a0\u00bb background_style=\u00a0\u00bbrounded\u00a0\u00bb background_color=\u00a0\u00bborange\u00a0\u00bb size=\u00a0\u00bbsm\u00a0\u00bb align=\u00a0\u00bbcenter\u00a0\u00bb][vc_column_text]<\/p>\n<p>Av. Afonso Pena 4.273 | 302 CEP 30.130-008 | Belo Horizonte &#8211; MG | Brazil<\/p>\n<p>[\/vc_column_text][\/vc_column_inner][vc_column_inner el_class=\u00a0\u00bbcontact-details\u00a0\u00bb width=\u00a0\u00bb1\/3&Prime;][vc_icon icon_fontawesome=\u00a0\u00bbfa fa-phone\u00a0\u00bb color=\u00a0\u00bbblack\u00a0\u00bb background_style=\u00a0\u00bbrounded\u00a0\u00bb background_color=\u00a0\u00bborange\u00a0\u00bb size=\u00a0\u00bbsm\u00a0\u00bb align=\u00a0\u00bbcenter\u00a0\u00bb][vc_column_text]<\/p>\n<p>Whatsapp: 55-31-98802-9997 Phone: +55 (31) 3324-3404<\/p>\n<p>[\/vc_column_text][\/vc_column_inner][vc_column_inner el_class=\u00a0\u00bbcontact-details\u00a0\u00bb width=\u00a0\u00bb1\/3&Prime;][vc_icon icon_fontawesome=\u00a0\u00bbfa fa-envelope\u00a0\u00bb color=\u00a0\u00bbblack\u00a0\u00bb background_style=\u00a0\u00bbrounded\u00a0\u00bb background_color=\u00a0\u00bborange\u00a0\u00bb size=\u00a0\u00bbsm\u00a0\u00bb align=\u00a0\u00bbcenter\u00a0\u00bb][vc_column_text]<\/p>\n<p>Email: info@ouropretoturismo.com.br Web:\u00a0<a href=\"http:\/\/ouropretoturismo.com.br\">www.ouropretoturismo.com.br<\/a><\/p>\n<p>[\/vc_column_text][\/vc_column_inner][\/vc_row_inner][vc_row_inner css=\u00a0\u00bb.vc_custom_1529485550804{padding-top: 60px !important;}\u00a0\u00bb][vc_column_inner width=\u00a0\u00bb1\/2&Prime;][vc_gmaps link=\u00a0\u00bb#E-8_JTNDaWZyYW1lJTIwc3JjJTNEJTIyaHR0cHMlM0ElMkYlMkZ3d3cuZ29vZ2xlLmNvbSUyRm1hcHMlMkZlbWJlZCUzRnBiJTNEJTIxMW0xOCUyMTFtMTIlMjExbTMlMjExZDM3NTAuNDU4NzA0Nzg5OTM1NCUyMTJkLTQzLjkyMzAwNjk0ODk5NTIzJTIxM2QtMTkuOTQ3MjAyNTQzOTMxMTElMjEybTMlMjExZjAlMjEyZjAlMjEzZjAlMjEzbTIlMjExaTEwMjQlMjEyaTc2OCUyMTRmMTMuMSUyMTNtMyUyMTFtMiUyMTFzMHhhNjk5YjZjMmUwYWQxZiUyNTNBMHhjZWQxMTE4NjM2NmQyODE0JTIxMnNBdi4lMjUyMEFmb25zbyUyNTIwUGVuYSUyNTJDJTI1MjA0MjczJTI1MjAtJTI1MjBDZW50cm8lMjUyQyUyNTIwQmVsbyUyNTIwSG9yaXpvbnRlJTI1MjAtJTI1MjBNRyUyNTJDJTI1MjAzMDEzMC0wMDglMjE1ZTAlMjEzbTIlMjExc3B0LUJSJTIxMnNiciUyMTR2MTYxMzU4NzkxNDAyOSUyMTVtMiUyMTFzcHQtQlIlMjEyc2JyJTIyJTIwd2lkdGglM0QlMjI2MDAlMjIlMjBoZWlnaHQlM0QlMjI0MjYlMjIlMjBmcmFtZWJvcmRlciUzRCUyMjAlMjIlMjBzdHlsZSUzRCUyMmJvcmRlciUzQTAlM0IlMjIlMjBhbGxvd2Z1bGxzY3JlZW4lM0QlMjIlMjIlMjBhcmlhLWhpZGRlbiUzRCUyMmZhbHNlJTIyJTIwdGFiaW5kZXglM0QlMjIwJTIyJTNFJTNDJTJGaWZyYW1lJTNF\u00a0\u00bb][\/vc_column_inner][vc_column_inner el_class=\u00a0\u00bbpages-contact-form\u00a0\u00bb width=\u00a0\u00bb1\/2&Prime;]<div role=\"form\" class=\"wpcf7\" id=\"wpcf7-f3592-o1\" lang=\"en-US\" dir=\"ltr\">\n<div class=\"screen-reader-response\"><p role=\"status\" aria-live=\"polite\" aria-atomic=\"true\"><\/p> <ul><\/ul><\/div>\n<form action=\"\/fr\/wp-json\/wp\/v2\/pages\/795#wpcf7-f3592-o1\" method=\"post\" class=\"wpcf7-form init\" novalidate=\"novalidate\" data-status=\"init\">\n<div style=\"display: none;\">\n<input type=\"hidden\" name=\"_wpcf7\" value=\"3592\" \/>\n<input type=\"hidden\" name=\"_wpcf7_version\" value=\"5.5.6.1\" \/>\n<input type=\"hidden\" name=\"_wpcf7_locale\" value=\"en_US\" \/>\n<input type=\"hidden\" name=\"_wpcf7_unit_tag\" value=\"wpcf7-f3592-o1\" \/>\n<input type=\"hidden\" name=\"_wpcf7_container_post\" value=\"0\" \/>\n<input type=\"hidden\" name=\"_wpcf7_posted_data_hash\" value=\"\" \/>\n<\/div>\n<div class=\"form-row contact-form-area\">\n<div class=\"col-sm-6 first-col\">\n                      <span class=\"wpcf7-form-control-wrap your-name\"><input type=\"text\" name=\"your-name\" value=\"\" size=\"40\" class=\"wpcf7-form-control wpcf7-text wpcf7-validates-as-required\" aria-required=\"true\" aria-invalid=\"false\" placeholder=\"Nome*\" \/><\/span>\n\t\t<\/div>\n<div class=\"col-sm-6 last-col\">\n                    <span class=\"wpcf7-form-control-wrap your-email\"><input type=\"email\" name=\"your-email\" value=\"\" size=\"40\" class=\"wpcf7-form-control wpcf7-text wpcf7-email wpcf7-validates-as-required wpcf7-validates-as-email\" aria-required=\"true\" aria-invalid=\"false\" placeholder=\"E-Mail*\" \/><\/span>\n\t\t<\/div>\n<div class=\"col-sm-6\">\n                     <span class=\"wpcf7-form-control-wrap your-phone\"><input type=\"text\" name=\"your-phone\" value=\"\" size=\"40\" class=\"wpcf7-form-control wpcf7-text\" aria-invalid=\"false\" placeholder=\"Telefone\" \/><\/span>\n\t\t<\/div>\n<div class=\"col-sm-6\">\n                      <span class=\"wpcf7-form-control-wrap your-website\"><input type=\"text\" name=\"your-website\" value=\"\" size=\"40\" class=\"wpcf7-form-control wpcf7-text\" aria-invalid=\"false\" placeholder=\"\u00c9 Whatsapp?\" \/><\/span>\n\t\t<\/div>\n<div class=\"col-sm-12\">\n\t\t\t<span class=\"wpcf7-form-control-wrap your-message\"><textarea name=\"your-message\" cols=\"40\" rows=\"10\" class=\"wpcf7-form-control wpcf7-textarea\" aria-invalid=\"false\" placeholder=\"Sua mensagem*\"><\/textarea><\/span>\n\t\t<\/div>\n<div class=\"col-sm-12\">\n<div class=\"submit-center\"><input type=\"submit\" value=\"Enviar\" class=\"wpcf7-form-control has-spinner wpcf7-submit\" \/><\/div>\n<\/div>\n<\/div>\n<div class=\"wpcf7-response-output\" aria-hidden=\"true\"><\/div><\/form><\/div>[\/vc_column_inner][\/vc_row_inner][\/vc_column][\/vc_row][vc_row][vc_column][\/vc_column][\/vc_row]<\/p>\n","protected":false},"excerpt":{"rendered":"<p>[vc_row full_width=\u00a0\u00bbstretch_row\u00a0\u00bb css=\u00a0\u00bb.vc_custom_1525933786777{padding-top: 65px !important;padding-bottom: 65px !important;background-color: #f0f0f0 !important;}\u00a0\u00bb el_id=\u00a0\u00bbrscontact-pages\u00a0\u00bb][vc_column] OURO PRETO TURISMO Nous r\u00e9ceptionnons les touristes depuis 35 ann\u00e9es&#8230;.<\/p>\n","protected":false},"author":2,"featured_media":0,"parent":0,"menu_order":0,"comment_status":"closed","ping_status":"closed","template":"","meta":[],"_links":{"self":[{"href":"https:\/\/ouropretoturismo.com.br\/wp-json\/wp\/v2\/pages\/795"}],"collection":[{"href":"https:\/\/ouropretoturismo.com.br\/wp-json\/wp\/v2\/pages"}],"about":[{"href":"https:\/\/ouropretoturismo.com.br\/wp-json\/wp\/v2\/types\/page"}],"author":[{"embeddable":true,"href":"https:\/\/ouropretoturismo.com.br\/wp-json\/wp\/v2\/users\/2"}],"replies":[{"embeddable":true,"href":"https:\/\/ouropretoturismo.com.br\/wp-json\/wp\/v2\/comments?post=795"}],"version-history":[{"count":27,"href":"https:\/\/ouropretoturismo.com.br\/wp-json\/wp\/v2\/pages\/795\/revisions"}],"predecessor-version":[{"id":4791,"href":"https:\/\/ouropretoturismo.com.br\/wp-json\/wp\/v2\/pages\/795\/revisions\/4791"}],"wp:attachment":[{"href":"https:\/\/ouropretoturismo.com.br\/wp-json\/wp\/v2\/media?parent=795"}],"curies":[{"name":"wp","href":"https:\/\/api.w.org\/{rel}","templated":true}]}}