{"id":4427,"date":"2021-02-26T22:33:26","date_gmt":"2021-02-26T22:33:26","guid":{"rendered":"https:\/\/ouropretoturismo.com.br\/en\/?page_id=4427"},"modified":"2021-03-12T14:04:32","modified_gmt":"2021-03-12T14:04:32","slug":"itinerary","status":"publish","type":"page","link":"https:\/\/ouropretoturismo.com.br\/itinerary\/","title":{"rendered":"Itin\u00e9raire"},"content":{"rendered":"<p>[vc_row][vc_column][vc_column_text]<\/p>\n<p>[\/vc_column_text][\/vc_column][\/vc_row][vc_row][vc_column][vc_column_text]<\/p>\n<p>[\/vc_column_text][\/vc_column][\/vc_row][vc_row][vc_column width=\u00a0\u00bb1\/2&Prime;][vc_column_text]<\/p>\n<h3><strong>Itin\u00e9raire 1<\/strong><\/h3>\n<p><strong>Jour 1 \u2013\u00a0 Belo Horizonte | Ouro Preto<\/strong> (145km)<br \/>Arriv\u00e9e \u00e0 Belo Horizonte et transfert \u00e0 Ouro Preto<br \/>Nuit \u00e0 la <em>pousada<\/em><\/p>\n<p><strong>Jour 2 \u2013 Ouro Preto | Mariana <\/strong>(15km)<br \/>Petit d\u00e9jeuner \u00e0 la <em>pousada<\/em><br \/>Visite de Ouro Preto et Mariana<br \/>D\u00e9jeuner dans un restaurant local<br \/>Nuit \u00e0 la <em>pousada<\/em><\/p>\n<p><strong>Jour 3 \u2013\u00a0 Ouro Preto | Congonhas | A\u00e9roport de Belo Horizonte <\/strong>(185km)<br \/>Petit d\u00e9jeuner \u00e0 la <em>pousada<\/em><br \/>Visite de Congonhas<br \/>D\u00e9jeuner dans un restaurant local<br \/>Transfert \u00e0 l\u2019a\u00e9roport de Belo Horizonte<\/p>\n<h3><strong>Itin\u00e9raire 3<\/strong><\/h3>\n<p><strong>Jour 1 \u2013\u00a0 Belo Horizonte | Ouro Preto<\/strong> (145km)<br \/>Arriv\u00e9e \u00e0 Belo Horizonte et transfert \u00e0 Ouro Preto<br \/>Nuit \u00e0 la <em>pousada<\/em><\/p>\n<p><strong>Jour 2 \u2013 Ouro Preto | Mariana <\/strong>(15km)<br \/>Petit d\u00e9jeuner \u00e0 la <em>pousada<\/em><br \/>Visite de Ouro Preto et Mariana<br \/>D\u00e9jeuner dans un restaurant local<br \/>Nuit \u00e0 la <em>pousada<\/em><\/p>\n<p><strong>Jour 3 \u2013\u00a0 Ouro Preto | Congonhas | S\u00e3o Jo\u00e3o del Rei | Tiradentes<\/strong> (185km)<br \/>Petit d\u00e9jeuner \u00e0 la <em>pousada<\/em><br \/>Visite de Congonhas et de S\u00e3o Jo\u00e3o del Rei<br \/>D\u00e9jeuner dans un restaurant local<br \/>Visite de Tiradentes<br \/>Nuit \u00e0 la <em>pousada<\/em><\/p>\n<p><strong>Jour 4 -Tiradentes \u2013 Belo Horizonte<\/strong> (240km)<br \/>Petit d\u00e9jeuner \u00e0 la <em>pousada<br \/><\/em>Transfert de Tiradentes \u00e0 l\u2019a\u00e9roport de Belo Horizonte<\/p>\n<p><strong>OU<\/strong><\/p>\n<p><strong>Jour 4 -Tiradentes | Petr\u00f3polis | Rio de Janeiro<\/strong> (340km)<br \/>Petit d\u00e9jeuner \u00e0 la <em>pousada<br \/><\/em>Transfert de Tiradentes \u00e0 Petr\u00f3polis<br \/>Visite de Petr\u00f3polis avec d\u00e9jeuner dans un restaurant local<br \/>Arriv\u00e9e \u00e0 Rio en fin d\u2019apr\u00e8s-midi<\/p>\n<p>Nous r\u00e9ceptionnons les touristes depuis 35 ann\u00e9es\u00a0<\/p>\n<p>Soyez les bien venus !<\/p>\n<p>Ici vous d\u00e9couvrirez les villes coloniales de Minas Gerais , ses attractions et originalit\u00e9s ,et pr\u00e9parez vos itin\u00e9raires selon vos envies .<\/p>\n<p>Vous pouvez aussi visiter Inhotim,le Mus\u00e9e d art Contemporain, et Belo Horizonte,capital de l \u00c9tat de Minas Gerais\u00a0<\/p>\n<p>Naviguez sur nos offres dans menu and nos informations \u00e0 propos d itin\u00e9raires , h\u00f4tels,hostes,et tours\u00a0.<\/p>\n<p>[\/vc_column_text][\/vc_column][vc_column width=\u00a0\u00bb1\/2&Prime;][vc_column_text]<\/p>\n<h3><strong>Itin\u00e9raire 2<\/strong><\/h3>\n<p><strong>Jour 1 \u2013\u00a0 Belo Horizonte\u00a0<\/strong><br \/>Arriv\u00e9e \u00e0 Belo Horizonte et transfert \u00e0 l\u2019h\u00f4tel (45km)<\/p>\n<p><strong>Jour 2 \u2013 Belo Horizonte \u2013 Inhotim \u2013 Ouro Preto<\/strong> (170km)<br \/>Petit d\u00e9jeuner \u00e0 la <em>pousada<\/em><br \/>Visite de Inhotim<br \/>D\u00e9jeuner dans un restaurant local<br \/>Transfert \u00e0 Ouro Preto<br \/>Nuit \u00e0 la <em>pousada<\/em><\/p>\n<p><strong>Jour 3 \u2013\u00a0 Ouro Preto \u2013 Mariana<\/strong> (15km)<br \/>Petit d\u00e9jeuner \u00e0 la <em>pousada<\/em><br \/>Visite de Mariana et Ouro Preto<br \/>D\u00e9jeuner dans un restaurant local\u00a0\u00a0\u00a0\u00a0\u00a0\u00a0\u00a0\u00a0\u00a0\u00a0\u00a0\u00a0\u00a0\u00a0\u00a0\u00a0\u00a0\u00a0\u00a0\u00a0\u00a0\u00a0\u00a0\u00a0\u00a0\u00a0\u00a0\u00a0\u00a0\u00a0\u00a0\u00a0\u00a0\u00a0\u00a0\u00a0\u00a0 <br \/>Nuit \u00e0 la <em>pousada<\/em><\/p>\n<p><strong>Jour 4 \u2013\u00a0 Ouro Preto | Congonhas | A\u00e9roport de Belo Horizonte<\/strong> (185km)<br \/>Petit d\u00e9jeuner \u00e0 la <em>pousada<br \/><\/em>Visite de Congonhas<br \/>D\u00e9jeuner dans un restaurant local<br \/>Transfert \u00e0 l\u2019a\u00e9roport de Belo Horizonte<\/p>\n<p>&nbsp;<\/p>\n<p>[\/vc_column_text][vc_column_text]<img loading=\"lazy\" class=\"alignnone wp-image-4432 size-full\" src=\"https:\/\/ouropretoturismo.com.br\/wp-content\/uploads\/mapa-cidades-historicas-mg-1.jpeg\" alt=\"\" width=\"822\" height=\"679\" srcset=\"https:\/\/ouropretoturismo.com.br\/wp-content\/uploads\/mapa-cidades-historicas-mg-1.jpeg 822w, https:\/\/ouropretoturismo.com.br\/wp-content\/uploads\/mapa-cidades-historicas-mg-1-300x248.jpeg 300w, https:\/\/ouropretoturismo.com.br\/wp-content\/uploads\/mapa-cidades-historicas-mg-1-768x634.jpeg 768w\" sizes=\"(max-width: 822px) 100vw, 822px\" \/>[\/vc_column_text][\/vc_column][\/vc_row]<\/p>\n","protected":false},"excerpt":{"rendered":"<p>[vc_row][vc_column][vc_column_text] [\/vc_column_text][\/vc_column][\/vc_row][vc_row][vc_column][vc_column_text] [\/vc_column_text][\/vc_column][\/vc_row][vc_row][vc_column width=\u00a0\u00bb1\/2&Prime;][vc_column_text] Itin\u00e9raire 1 Jour 1 \u2013\u00a0 Belo Horizonte | Ouro Preto (145km)Arriv\u00e9e \u00e0 Belo Horizonte et transfert&#8230;<\/p>\n","protected":false},"author":2,"featured_media":0,"parent":0,"menu_order":0,"comment_status":"closed","ping_status":"closed","template":"","meta":[],"_links":{"self":[{"href":"https:\/\/ouropretoturismo.com.br\/wp-json\/wp\/v2\/pages\/4427"}],"collection":[{"href":"https:\/\/ouropretoturismo.com.br\/wp-json\/wp\/v2\/pages"}],"about":[{"href":"https:\/\/ouropretoturismo.com.br\/wp-json\/wp\/v2\/types\/page"}],"author":[{"embeddable":true,"href":"https:\/\/ouropretoturismo.com.br\/wp-json\/wp\/v2\/users\/2"}],"replies":[{"embeddable":true,"href":"https:\/\/ouropretoturismo.com.br\/wp-json\/wp\/v2\/comments?post=4427"}],"version-history":[{"count":20,"href":"https:\/\/ouropretoturismo.com.br\/wp-json\/wp\/v2\/pages\/4427\/revisions"}],"predecessor-version":[{"id":4526,"href":"https:\/\/ouropretoturismo.com.br\/wp-json\/wp\/v2\/pages\/4427\/revisions\/4526"}],"wp:attachment":[{"href":"https:\/\/ouropretoturismo.com.br\/wp-json\/wp\/v2\/media?parent=4427"}],"curies":[{"name":"wp","href":"https:\/\/api.w.org\/{rel}","templated":true}]}}