{"id":4419,"date":"2021-02-26T22:28:23","date_gmt":"2021-02-26T22:28:23","guid":{"rendered":"https:\/\/ouropretoturismo.com.br\/en\/?page_id=4419"},"modified":"2021-04-07T22:23:44","modified_gmt":"2021-04-07T22:23:44","slug":"belo-horizonte","status":"publish","type":"page","link":"https:\/\/ouropretoturismo.com.br\/belo-horizonte\/","title":{"rendered":"Belo Horizonte"},"content":{"rendered":"<p>[vc_row][vc_column][vc_column_text]<\/p>\n<h3 style=\"text-align: center;\">BELO HORIZONTE<\/h3>\n<p>[\/vc_column_text][\/vc_column][\/vc_row][vc_row][vc_column width=\u00a0\u00bb1\/2&Prime;][vc_single_image image=\u00a0\u00bb4734&Prime; img_size=\u00a0\u00bbfull\u00a0\u00bb][\/vc_column][vc_column width=\u00a0\u00bb1\/2&Prime;][vc_column_text]<\/p>\n<p>La principal attraction touristique est la r\u00e9gion de Pampulha, un quartier autour d\u2019 un lac artificiel, comprenant un complex architectural b\u00e2ti par le mondialement connu Oscar Niemeyer.<br \/>Un quartier o\u00f9 on peut voir aussi les peintures de Portinari et le travail paysagiste de Bourse Marx.<\/p>\n<p>C\u2019 est un exemple d\u2019 architecture contemporaine br\u00e9silienne qui a atteint sa gloire \u00e0 Brasilia.<\/p>\n<p>L\u2019 ensemble est repr\u00e9sent\u00e9 par l\u2019 \u00e9glise Saint Fran\u00e7ois d Assis, Casa do Baile (maison de Bal), le Yacht Club et le Mus\u00e9 d\u2019 Art Contemporaine.<\/p>\n<p>[\/vc_column_text][\/vc_column][\/vc_row][vc_row][vc_column width=\u00a0\u00bb1\/2&Prime;][vc_single_image image=\u00a0\u00bb4736&Prime; img_size=\u00a0\u00bbfull\u00a0\u00bb][\/vc_column][vc_column width=\u00a0\u00bb1\/2&Prime;][vc_column_text]<\/p>\n<p>La ville poss\u00e8de un calendrier culturel bien rempli, surtout au Pal\u00e1cio das Artes (centre artistique multim\u00e9dia). La ville nocturne est attractive et le quartier Savassi offre beaucoup d\u2019 animation, magasins, restaurants, rues remplies et bars.<\/p>\n<p><strong>Tour Virtuel<\/strong><strong><br \/><\/strong><a href=\"http:\/\/visitas.minasgerais.com.br\/bh\/index.htm\" target=\"_blank\" rel=\"noopener\">\u2013 Belo Horizonte <\/a><br \/><a href=\"http:\/\/visitas.minasgerais.com.br\/bhpampulha\/index01.htm\" target=\"_blank\" rel=\"noopener\">\u2013 Pampulha \u2013 01 <\/a><br \/><a href=\"http:\/\/visitas.minasgerais.com.br\/bh\/index.htm\" target=\"_blank\" rel=\"noopener\">\u2013 Pampulha \u2013 02 <\/a><br \/><a href=\"http:\/\/visitas.minasgerais.com.br\/bhliberdade\/index35.htm\" target=\"_blank\" rel=\"noopener\">\u2013 Circuit Place de la Libert\u00e9 \u2013 01 <\/a><br \/><a href=\"http:\/\/visitas.minasgerais.com.br\/bhliberdade\/index.htm\" target=\"_blank\" rel=\"noopener\">\u2013 Circuit Place de la Libert\u00e9 \u2013 02<\/a><\/p>\n<p>[\/vc_column_text][\/vc_column][\/vc_row]<\/p>\n","protected":false},"excerpt":{"rendered":"<p>[vc_row][vc_column][vc_column_text] BELO HORIZONTE [\/vc_column_text][\/vc_column][\/vc_row][vc_row][vc_column width=\u00a0\u00bb1\/2&Prime;][vc_single_image image=\u00a0\u00bb4734&Prime; img_size=\u00a0\u00bbfull\u00a0\u00bb][\/vc_column][vc_column width=\u00a0\u00bb1\/2&Prime;][vc_column_text] La principal attraction touristique est la r\u00e9gion de Pampulha, un quartier autour&#8230;<\/p>\n","protected":false},"author":2,"featured_media":0,"parent":0,"menu_order":0,"comment_status":"closed","ping_status":"closed","template":"","meta":[],"_links":{"self":[{"href":"https:\/\/ouropretoturismo.com.br\/wp-json\/wp\/v2\/pages\/4419"}],"collection":[{"href":"https:\/\/ouropretoturismo.com.br\/wp-json\/wp\/v2\/pages"}],"about":[{"href":"https:\/\/ouropretoturismo.com.br\/wp-json\/wp\/v2\/types\/page"}],"author":[{"embeddable":true,"href":"https:\/\/ouropretoturismo.com.br\/wp-json\/wp\/v2\/users\/2"}],"replies":[{"embeddable":true,"href":"https:\/\/ouropretoturismo.com.br\/wp-json\/wp\/v2\/comments?post=4419"}],"version-history":[{"count":21,"href":"https:\/\/ouropretoturismo.com.br\/wp-json\/wp\/v2\/pages\/4419\/revisions"}],"predecessor-version":[{"id":4739,"href":"https:\/\/ouropretoturismo.com.br\/wp-json\/wp\/v2\/pages\/4419\/revisions\/4739"}],"wp:attachment":[{"href":"https:\/\/ouropretoturismo.com.br\/wp-json\/wp\/v2\/media?parent=4419"}],"curies":[{"name":"wp","href":"https:\/\/api.w.org\/{rel}","templated":true}]}}