{"id":4407,"date":"2021-02-26T22:22:07","date_gmt":"2021-02-26T22:22:07","guid":{"rendered":"https:\/\/ouropretoturismo.com.br\/en\/?page_id=4407"},"modified":"2021-03-11T19:41:57","modified_gmt":"2021-03-11T19:41:57","slug":"inhotim","status":"publish","type":"page","link":"https:\/\/ouropretoturismo.com.br\/inhotim\/","title":{"rendered":"Inhotim"},"content":{"rendered":"<p>[vc_row][vc_column][vc_column_text]<\/p>\n<h3 style=\"text-align: center;\">INHOTIM<\/h3>\n<p>[\/vc_column_text][\/vc_column][\/vc_row]<\/p>\n<p>[vc_row][vc_column width=\u00a0\u00bb1\/4&Prime;][vc_single_image image=\u00a0\u00bb4414&Prime; img_size=\u00a0\u00bbfull\u00a0\u00bb][\/vc_column][vc_column width=\u00a0\u00bb3\/4&Prime;][vc_column_text]<\/p>\n<p>Localis\u00e9e \u00e0 Brumadinho, 60 km de Belo Horizonte,Inhotim occupe 87 acres de beaux jardins, en partie cr\u00e9es par le renomm\u00e9 architecte paysagiste Roberto Burle Marx, une biblioth\u00e8que vivante de plantes tropicales, et une remarquable collection d art contemporaine.<\/p>\n<p>En se promenant en dehors des limitations sp\u00e9ciales et architecturales de mus\u00e9es<br \/>conventionnels, Inhotim offre aux artistes, l\u2019oportunit\u00e9 de r\u00eaver et produire \u0153uvres complexes et innovantes. <br \/><a href=\"https:\/\/artsandculture.google.com\/streetview\/inhotim\/ugEcCOCZkq1_4A?sv_lng=-44.2188001394141&amp;sv_lat=-20.12396623579023&amp;sv_h=330&amp;sv_p=0&amp;sv_pid=6O6d8dFawd97EwRBp2oGWQ&amp;sv_z=1.0000000000000002\" target=\"_blank\" rel=\"noopener\"><strong>Tour Virtuel<\/strong><\/a><\/p>\n<p>Note:<br \/>Ouverture: mardi \u00e0 vendredi 9,30 \u00e0 4,30<br \/>\u00a0\u00a0\u00a0\u00a0\u00a0\u00a0\u00a0\u00a0 \u00a0 \u00a0\u00a0 \u00a0\u00a0\u00a0\u00a0\u00a0\u00a0\u00a0\u00a0 Samedi et dimanche 9,30 \u00e0 5,30<br \/>Ferm\u00e9 lundi<\/p>\n<p>[\/vc_column_text][\/vc_column][\/vc_row][vc_row][vc_column width=\u00a0\u00bb1\/4&Prime;][vc_single_image image=\u00a0\u00bb4413&Prime; img_size=\u00a0\u00bbfull\u00a0\u00bb][\/vc_column][vc_column width=\u00a0\u00bb1\/4&Prime;][vc_single_image image=\u00a0\u00bb4415&Prime; img_size=\u00a0\u00bbfull\u00a0\u00bb][\/vc_column][vc_column width=\u00a0\u00bb1\/4&Prime;][vc_single_image image=\u00a0\u00bb4416&Prime; img_size=\u00a0\u00bbfull\u00a0\u00bb][\/vc_column][vc_column width=\u00a0\u00bb1\/4&Prime;][vc_single_image image=\u00a0\u00bb4417&Prime; img_size=\u00a0\u00bbfull\u00a0\u00bb][\/vc_column][\/vc_row]<\/p>\n","protected":false},"excerpt":{"rendered":"<p>[vc_row][vc_column][vc_column_text] INHOTIM [\/vc_column_text][\/vc_column][\/vc_row] [vc_row][vc_column width=\u00a0\u00bb1\/4&Prime;][vc_single_image image=\u00a0\u00bb4414&Prime; img_size=\u00a0\u00bbfull\u00a0\u00bb][\/vc_column][vc_column width=\u00a0\u00bb3\/4&Prime;][vc_column_text] Localis\u00e9e \u00e0 Brumadinho, 60 km de Belo Horizonte,Inhotim occupe 87 acres de&#8230;<\/p>\n","protected":false},"author":2,"featured_media":0,"parent":0,"menu_order":0,"comment_status":"closed","ping_status":"closed","template":"","meta":[],"_links":{"self":[{"href":"https:\/\/ouropretoturismo.com.br\/wp-json\/wp\/v2\/pages\/4407"}],"collection":[{"href":"https:\/\/ouropretoturismo.com.br\/wp-json\/wp\/v2\/pages"}],"about":[{"href":"https:\/\/ouropretoturismo.com.br\/wp-json\/wp\/v2\/types\/page"}],"author":[{"embeddable":true,"href":"https:\/\/ouropretoturismo.com.br\/wp-json\/wp\/v2\/users\/2"}],"replies":[{"embeddable":true,"href":"https:\/\/ouropretoturismo.com.br\/wp-json\/wp\/v2\/comments?post=4407"}],"version-history":[{"count":5,"href":"https:\/\/ouropretoturismo.com.br\/wp-json\/wp\/v2\/pages\/4407\/revisions"}],"predecessor-version":[{"id":4515,"href":"https:\/\/ouropretoturismo.com.br\/wp-json\/wp\/v2\/pages\/4407\/revisions\/4515"}],"wp:attachment":[{"href":"https:\/\/ouropretoturismo.com.br\/wp-json\/wp\/v2\/media?parent=4407"}],"curies":[{"name":"wp","href":"https:\/\/api.w.org\/{rel}","templated":true}]}}