{"id":4396,"date":"2021-02-26T22:16:35","date_gmt":"2021-02-26T22:16:35","guid":{"rendered":"https:\/\/ouropretoturismo.com.br\/en\/?page_id=4396"},"modified":"2021-03-11T19:43:26","modified_gmt":"2021-03-11T19:43:26","slug":"sabara","status":"publish","type":"page","link":"https:\/\/ouropretoturismo.com.br\/sabara\/","title":{"rendered":"Sabar\u00e1"},"content":{"rendered":"<p>[vc_row][vc_column][vc_column_text]<\/p>\n<h3 style=\"text-align: center;\">SABAR\u00c1<\/h3>\n<p>[\/vc_column_text][\/vc_column][\/vc_row]<\/p>\n<p>[vc_row][vc_column width=\u00a0\u00bb1\/4&Prime;][vc_single_image image=\u00a0\u00bb4401&Prime; img_size=\u00a0\u00bbfull\u00a0\u00bb][\/vc_column][vc_column width=\u00a0\u00bb3\/4&Prime;][vc_column_text]<\/p>\n<p>Sabar\u00e1 est riche en formes ornementales et en architecture qui ont trac\u00e9 l&rsquo; \u00e9volution de l art religieuse \u00e0 Minas Gerais.<\/p>\n<p>Ici c&rsquo; est le baroque \u00e0 son haut niveau. Des tr\u00e8s belles sculptures se trouvent au centre de la ville.<br \/>Les constructions baroques du 18\u00e8me si\u00e8cle sont nombreuses comme le Th\u00e9\u00e2tre Imp\u00e9rial et les belles fontaines. L&rsquo; \u00e9glise de Notre Dame de la Conception et La Chapelle de Notre Dame du \u00d3 sont des exemples spectaculaires de l&rsquo; influence du baroque dans la p\u00e9riode coloniale.<\/p>\n<p>[\/vc_column_text][\/vc_column][\/vc_row][vc_row][vc_column width=\u00a0\u00bb1\/2&Prime;][vc_single_image image=\u00a0\u00bb4403&Prime; img_size=\u00a0\u00bbfull\u00a0\u00bb alignment=\u00a0\u00bbcenter\u00a0\u00bb][\/vc_column][vc_column width=\u00a0\u00bb1\/2&Prime;][vc_single_image image=\u00a0\u00bb4404&Prime; img_size=\u00a0\u00bbfull\u00a0\u00bb][\/vc_column][\/vc_row]<\/p>\n","protected":false},"excerpt":{"rendered":"<p>[vc_row][vc_column][vc_column_text] SABAR\u00c1 [\/vc_column_text][\/vc_column][\/vc_row] [vc_row][vc_column width=\u00a0\u00bb1\/4&Prime;][vc_single_image image=\u00a0\u00bb4401&Prime; img_size=\u00a0\u00bbfull\u00a0\u00bb][\/vc_column][vc_column width=\u00a0\u00bb3\/4&Prime;][vc_column_text] Sabar\u00e1 est riche en formes ornementales et en architecture qui ont trac\u00e9&#8230;<\/p>\n","protected":false},"author":2,"featured_media":0,"parent":0,"menu_order":0,"comment_status":"closed","ping_status":"closed","template":"","meta":[],"_links":{"self":[{"href":"https:\/\/ouropretoturismo.com.br\/wp-json\/wp\/v2\/pages\/4396"}],"collection":[{"href":"https:\/\/ouropretoturismo.com.br\/wp-json\/wp\/v2\/pages"}],"about":[{"href":"https:\/\/ouropretoturismo.com.br\/wp-json\/wp\/v2\/types\/page"}],"author":[{"embeddable":true,"href":"https:\/\/ouropretoturismo.com.br\/wp-json\/wp\/v2\/users\/2"}],"replies":[{"embeddable":true,"href":"https:\/\/ouropretoturismo.com.br\/wp-json\/wp\/v2\/comments?post=4396"}],"version-history":[{"count":6,"href":"https:\/\/ouropretoturismo.com.br\/wp-json\/wp\/v2\/pages\/4396\/revisions"}],"predecessor-version":[{"id":4402,"href":"https:\/\/ouropretoturismo.com.br\/wp-json\/wp\/v2\/pages\/4396\/revisions\/4402"}],"wp:attachment":[{"href":"https:\/\/ouropretoturismo.com.br\/wp-json\/wp\/v2\/media?parent=4396"}],"curies":[{"name":"wp","href":"https:\/\/api.w.org\/{rel}","templated":true}]}}