{"id":4385,"date":"2021-02-26T22:10:50","date_gmt":"2021-02-26T22:10:50","guid":{"rendered":"https:\/\/ouropretoturismo.com.br\/en\/?page_id=4385"},"modified":"2021-04-08T12:28:41","modified_gmt":"2021-04-08T12:28:41","slug":"diamantina","status":"publish","type":"page","link":"https:\/\/ouropretoturismo.com.br\/diamantina\/","title":{"rendered":"Diamantina"},"content":{"rendered":"<p>[vc_row][vc_column][vc_column_text]<\/p>\n<h3 style=\"text-align: center;\">DIAMANTINA<\/h3>\n<p>[\/vc_column_text][\/vc_column][\/vc_row][vc_row][vc_column width=\u00a0\u00bb1\/2&Prime;][vc_single_image image=\u00a0\u00bb4749&Prime; img_size=\u00a0\u00bbfull\u00a0\u00bb][\/vc_column][vc_column width=\u00a0\u00bb1\/2&Prime;][vc_column_text]<\/p>\n<p>&nbsp;<\/p>\n<p>Localis\u00e9e au nord de Minas Gerais,la ville est un enchantement et bien diff\u00e9rente des autres villes historiques, peut \u00eatre \u00e0 cause de son \u00e9tonnant pass\u00e9 historique avec l\u2019 extraction du diamant.<\/p>\n<p>Il y a un air de g\u00e9nialit\u00e9 dans les d\u00e9cors color\u00e9s et d\u00e9licats des maisons, \u00e9glises et constructions publiques, dans les d\u00e9tails ornementaux luxueux d\u2019influence arabe ,contrastant avec l\u2019environnement naturel aride.<\/p>\n<p>&nbsp;<\/p>\n<p>[\/vc_column_text][\/vc_column][\/vc_row][vc_row][vc_column width=\u00a0\u00bb1\/3&Prime;][vc_single_image image=\u00a0\u00bb4393&Prime; img_size=\u00a0\u00bb300&#215;200&Prime;][\/vc_column][vc_column width=\u00a0\u00bb1\/3&Prime;][vc_column_text]<\/p>\n<p>C\u2019 est un endroit unique ou ses soir\u00e9es sont berc\u00e9es par des s\u00e9r\u00e9nades, musique classique ou baroque<\/p>\n<p>[\/vc_column_text][\/vc_column][vc_column width=\u00a0\u00bb1\/3&Prime;][vc_column_text]<span style=\"color: #3366ff;\"><a style=\"color: #3366ff;\" href=\"https:\/\/artsandculture.google.com\/streetview\/centro-hist%C3%B3rico-da-cidade-de-diamantina\/igFkwLkkKP-E9A?sv_lng=-43.59823024110557&amp;sv_lat=-18.24400037537023&amp;sv_h=132.03&amp;sv_p=13.969999999999999&amp;sv_pid=iyf9x_wQQccgyeAx5q5h3w&amp;sv_z=1\" target=\"_blank\" rel=\"noopener\"><b>Virtual Tour<\/b><\/a><\/span>[\/vc_column_text][\/vc_column][\/vc_row][vc_row][vc_column width=\u00a0\u00bb1\/3&Prime;][vc_single_image image=\u00a0\u00bb4750&Prime; img_size=\u00a0\u00bb300&#215;200&Prime;][\/vc_column][vc_column width=\u00a0\u00bb1\/3&Prime;][vc_single_image image=\u00a0\u00bb4394&Prime; img_size=\u00a0\u00bbfull\u00a0\u00bb][\/vc_column][vc_column width=\u00a0\u00bb1\/3&Prime;][vc_single_image image=\u00a0\u00bb4392&Prime; img_size=\u00a0\u00bbfull\u00a0\u00bb][\/vc_column][\/vc_row]<\/p>\n","protected":false},"excerpt":{"rendered":"<p>[vc_row][vc_column][vc_column_text] DIAMANTINA [\/vc_column_text][\/vc_column][\/vc_row][vc_row][vc_column width=\u00a0\u00bb1\/2&Prime;][vc_single_image image=\u00a0\u00bb4749&Prime; img_size=\u00a0\u00bbfull\u00a0\u00bb][\/vc_column][vc_column width=\u00a0\u00bb1\/2&Prime;][vc_column_text] &nbsp; Localis\u00e9e au nord de Minas Gerais,la ville est un enchantement et bien&#8230;<\/p>\n","protected":false},"author":2,"featured_media":0,"parent":0,"menu_order":0,"comment_status":"closed","ping_status":"closed","template":"","meta":[],"_links":{"self":[{"href":"https:\/\/ouropretoturismo.com.br\/wp-json\/wp\/v2\/pages\/4385"}],"collection":[{"href":"https:\/\/ouropretoturismo.com.br\/wp-json\/wp\/v2\/pages"}],"about":[{"href":"https:\/\/ouropretoturismo.com.br\/wp-json\/wp\/v2\/types\/page"}],"author":[{"embeddable":true,"href":"https:\/\/ouropretoturismo.com.br\/wp-json\/wp\/v2\/users\/2"}],"replies":[{"embeddable":true,"href":"https:\/\/ouropretoturismo.com.br\/wp-json\/wp\/v2\/comments?post=4385"}],"version-history":[{"count":14,"href":"https:\/\/ouropretoturismo.com.br\/wp-json\/wp\/v2\/pages\/4385\/revisions"}],"predecessor-version":[{"id":4757,"href":"https:\/\/ouropretoturismo.com.br\/wp-json\/wp\/v2\/pages\/4385\/revisions\/4757"}],"wp:attachment":[{"href":"https:\/\/ouropretoturismo.com.br\/wp-json\/wp\/v2\/media?parent=4385"}],"curies":[{"name":"wp","href":"https:\/\/api.w.org\/{rel}","templated":true}]}}