{"id":4373,"date":"2021-02-26T21:56:42","date_gmt":"2021-02-26T21:56:42","guid":{"rendered":"https:\/\/ouropretoturismo.com.br\/en\/?page_id=4373"},"modified":"2021-04-30T15:12:42","modified_gmt":"2021-04-30T15:12:42","slug":"tiradentes","status":"publish","type":"page","link":"https:\/\/ouropretoturismo.com.br\/tiradentes\/","title":{"rendered":"Tiradentes"},"content":{"rendered":"<p>[vc_row][vc_column][vc_column_text]<\/p>\n<h3 style=\"text-align: center;\">TIRADENTES<\/h3>\n<p>[\/vc_column_text][\/vc_column][\/vc_row][vc_row][vc_column width=\u00a0\u00bb1\/2&Prime;][vc_single_image image=\u00a0\u00bb4668&Prime; img_size=\u00a0\u00bbfull\u00a0\u00bb][\/vc_column][vc_column width=\u00a0\u00bb1\/2&Prime;][vc_column_text]<\/p>\n<p>La r\u00e9aliste reproduction de figures populaires, si pr\u00e9sente dans l\u2019art br\u00e9silien, fut le resultat de continuations venues des races qui composaient la societe coloniale.<br \/>C\u2019 est ce qui distingue le baroque br\u00e9silien du mod\u00e8le europ\u00e9en.<br \/>Un des derniers projets d\u2019 Aleijadinho,l\u2019\u00e9glise Sant Antoine \u00e0 Tiradentes, poss\u00e8de un orgue du 18 eme si\u00e8cle,encore utilis\u00e9 pendant les messes.<br \/>Entour\u00e9e par la splendide cha\u00eene de montagne S\u00e3o Jos\u00e9, la ville accueille le festival annuel de cin\u00e9ma et un festival gastronomique international.<\/p>\n<p>Une des plus charmantes ville de Minas,Tiradentes poss\u00e8de des h\u00f4tels de charme, de restaurant haut de game, une atmosph\u00e8re raffin\u00e9e et \u00e9l\u00e9gante. An endroit \u00e0 ne pas manquer.<br \/>Tiradentes fut le premier village dans la r\u00e9gion du Rio Das Mortes quand l\u2019 or a \u00e9t\u00e9 trouv\u00e9 en 1702.<br \/>Tiradentes qui est n\u00e9 ici est devenu h\u00e9ro national, de sa participation \u00e0 l\u2019 Inconfid\u00eancia Mineira, (1789), un mouvement r\u00e9publicain d\u2019 ind\u00e9pendance, r\u00e9prim\u00e9 par les portugais.<\/p>\n<p>[\/vc_column_text][\/vc_column][\/vc_row][vc_row][vc_column width=\u00a0\u00bb1\/2&Prime;][vc_column_text]<strong>Attractions principales: <br \/><\/strong>Eglise de Sant Antoine (1710) <br \/>Mus\u00e9e de Padre Toledo<br \/>Fontaine de Saint Jos\u00e9 Das Botas (1749) <br \/><a href=\"https:\/\/museudesantana.org.br\" target=\"_blank\" rel=\"noopener\">Museu de Santana \u2013 museudesantana.org.br<\/a> <br \/><a href=\"https:\/\/museudaliturgia.com.br\" target=\"_blank\" rel=\"noopener\">Museu da Liturgia \u2013 museudaliturgia.com.br<\/a> \u00a0 <\/p>\n<p><span style=\"color: #3366ff;\"><a style=\"color: #3366ff;\" href=\"http:\/\/visitas.minasgerais.com.br\/tiradentes\/index.htm\" target=\"_blank\" rel=\"noopener\"><b>Virtual Tour<\/b><\/a><\/span>[\/vc_column_text][\/vc_column][vc_column width=\u00a0\u00bb1\/2&Prime;][vc_single_image image=\u00a0\u00bb4588&Prime; img_size=\u00a0\u00bbmedium\u00a0\u00bb][\/vc_column][\/vc_row][vc_row][vc_column width=\u00a0\u00bb1\/3&Prime;][vc_single_image image=\u00a0\u00bb4604&Prime; img_size=\u00a0\u00bb360\u00d7242.3&Prime;][\/vc_column][vc_column width=\u00a0\u00bb1\/3&Prime;][vc_single_image image=\u00a0\u00bb4607&Prime; img_size=\u00a0\u00bb360\u00d7242&Prime;][\/vc_column][vc_column width=\u00a0\u00bb1\/3&Prime;][vc_single_image image=\u00a0\u00bb4382&Prime; img_size=\u00a0\u00bb360\u00d7242&Prime;][\/vc_column][\/vc_row][vc_row][vc_column][vc_column_text]<\/p>\n<blockquote><p><span style=\"color: #3366ff;\"><strong><span class=\"im\"><b>Distillerie de Cacha\u00e7a et D\u00e9gustation de Cacha\u00e7a<\/b><\/span><\/strong><\/span><\/p><\/blockquote>\n<p>Visite guid\u00e9e \u2013 Tous les jours \u00e0 10h10 \u2013 Sauf le mercredi<br \/><span class=\"im\">Que diriez-vous d\u2019exp\u00e9rimenter la fabrication d\u2019une cacha\u00e7a artisanale? Le MAZUMA MINEIRA est l\u2019endroit id\u00e9al pour en apprendre davantage sur le sujet toujours plus valoris\u00e9. Du champ de canne \u00e0 la cave, notre \u00e9quipe explique comment produire une bonne cacha\u00e7a artisanale. Tout cela entour\u00e9 d\u2019une belle vue de la serra de S\u00e3o Jos\u00e9. Pas seulement un tour mais aussi une classe dynamique pour tous les profils<\/span>.[\/vc_column_text][\/vc_column][\/vc_row][vc_row][vc_column width=\u00a0\u00bb1\/3&Prime;][vc_single_image image=\u00a0\u00bb4765&Prime; img_size=\u00a0\u00bb300&#215;200&Prime;][\/vc_column][vc_column width=\u00a0\u00bb1\/3&Prime;][vc_single_image image=\u00a0\u00bb4766&Prime; img_size=\u00a0\u00bb300&#215;200&Prime;][\/vc_column][vc_column width=\u00a0\u00bb1\/3&Prime;][vc_single_image image=\u00a0\u00bb4767&Prime; img_size=\u00a0\u00bb300&#215;200&Prime;][\/vc_column][\/vc_row]<\/p>\n","protected":false},"excerpt":{"rendered":"<p>[vc_row][vc_column][vc_column_text] TIRADENTES [\/vc_column_text][\/vc_column][\/vc_row][vc_row][vc_column width=\u00a0\u00bb1\/2&Prime;][vc_single_image image=\u00a0\u00bb4668&Prime; img_size=\u00a0\u00bbfull\u00a0\u00bb][\/vc_column][vc_column width=\u00a0\u00bb1\/2&Prime;][vc_column_text] La r\u00e9aliste reproduction de figures populaires, si pr\u00e9sente dans l\u2019art br\u00e9silien, fut le&#8230;<\/p>\n","protected":false},"author":2,"featured_media":0,"parent":0,"menu_order":0,"comment_status":"closed","ping_status":"closed","template":"","meta":[],"_links":{"self":[{"href":"https:\/\/ouropretoturismo.com.br\/wp-json\/wp\/v2\/pages\/4373"}],"collection":[{"href":"https:\/\/ouropretoturismo.com.br\/wp-json\/wp\/v2\/pages"}],"about":[{"href":"https:\/\/ouropretoturismo.com.br\/wp-json\/wp\/v2\/types\/page"}],"author":[{"embeddable":true,"href":"https:\/\/ouropretoturismo.com.br\/wp-json\/wp\/v2\/users\/2"}],"replies":[{"embeddable":true,"href":"https:\/\/ouropretoturismo.com.br\/wp-json\/wp\/v2\/comments?post=4373"}],"version-history":[{"count":52,"href":"https:\/\/ouropretoturismo.com.br\/wp-json\/wp\/v2\/pages\/4373\/revisions"}],"predecessor-version":[{"id":4783,"href":"https:\/\/ouropretoturismo.com.br\/wp-json\/wp\/v2\/pages\/4373\/revisions\/4783"}],"wp:attachment":[{"href":"https:\/\/ouropretoturismo.com.br\/wp-json\/wp\/v2\/media?parent=4373"}],"curies":[{"name":"wp","href":"https:\/\/api.w.org\/{rel}","templated":true}]}}