{"id":4350,"date":"2021-02-26T21:32:54","date_gmt":"2021-02-26T21:32:54","guid":{"rendered":"https:\/\/ouropretoturismo.com.br\/en\/?page_id=4350"},"modified":"2021-04-30T15:14:12","modified_gmt":"2021-04-30T15:14:12","slug":"sao-joao-del-rey","status":"publish","type":"page","link":"https:\/\/ouropretoturismo.com.br\/sao-joao-del-rey\/","title":{"rendered":"S\u00e3o Jo\u00e3o del Rei"},"content":{"rendered":"<p>[vc_row][vc_column][vc_column_text]<\/p>\n<h3 style=\"text-align: center;\">S\u00c3O JO\u00c3O DEL REI<\/h3>\n<p>[\/vc_column_text][\/vc_column][\/vc_row][vc_row][vc_column width=\u00a0\u00bb1\/2&Prime;][vc_single_image image=\u00a0\u00bb4675&Prime; img_size=\u00a0\u00bbfull\u00a0\u00bb][\/vc_column][vc_column width=\u00a0\u00bb1\/2&Prime;][vc_column_text]<\/p>\n<p>Une visite \u00e0 S\u00e3o Jo\u00e3o del Rei est bien venue.<\/p>\n<p>Ici les traditions religieuses des temps coloniaux sont dans les \u00e9glises, processions et foi.<br \/>L\u00b4air des ruelles tortueuses sont remplis de ferveur quand les cloches des \u00e9glises sonnent.<\/p>\n<p>On peut admirer aussi les beaux objets en \u00e9tain ,une tradition re reinvent\u00e9e.[\/vc_column_text][vc_column_text] <strong>Attractions principales:<\/strong> <br \/>Eglise Saint Fran\u00e7ois d\u2019 Assis<br \/>Eglise Notre Dame du Pilar<br \/>Mus\u00e9e du train<\/p>\n<p><span style=\"color: #3366ff;\"><a style=\"color: #3366ff;\" href=\"http:\/\/visitas.minasgerais.com.br\/sjdr\/index74.htm\" target=\"_blank\" rel=\"noopener\"><b>Virtual Tour<\/b><\/a><\/span>[\/vc_column_text][\/vc_column][\/vc_row][vc_row][vc_column][vc_column_text]<\/p>\n<blockquote><p><span style=\"color: #3366ff;\"><strong>S\u00e3o Jo\u00e3o del Rei \/ Tiradentes<\/strong><\/span><\/p><\/blockquote>\n<p>[\/vc_column_text][\/vc_column][\/vc_row][vc_row][vc_column width=\u00a0\u00bb1\/3&Prime;][vc_column_text]Un voyage entre S\u00e3o Jo\u00e3o del Rei et Tiradentes dans un vieux train avec sa locomotive \u00e0 vapeur du 19 eme si\u00e8cle , nous replonge dans un pass\u00e9 perdu et dans des myst\u00e8res de Minas Gerais.<br \/>Ce voyage dure 30 minutes et \u00e0 lieu les vendredis,samedis et dimanches.<br \/>D\u00e9part de S\u00e3o Jo\u00e3o de Rei \u00e0 10 et 14.30 heures.<br \/>D\u00e9part de Tiradentes \u00e0 13 et 17 heures.[\/vc_column_text][\/vc_column][vc_column width=\u00a0\u00bb1\/3&Prime;][vc_single_image image=\u00a0\u00bb4359&Prime; img_size=\u00a0\u00bbfull\u00a0\u00bb][\/vc_column][vc_column width=\u00a0\u00bb1\/3&Prime;][vc_single_image image=\u00a0\u00bb4371&Prime; img_size=\u00a0\u00bbfull\u00a0\u00bb][\/vc_column][\/vc_row][vc_row][vc_column width=\u00a0\u00bb2\/3&Prime;][vc_single_image image=\u00a0\u00bb4367&Prime; img_size=\u00a0\u00bbfull\u00a0\u00bb][\/vc_column][vc_column width=\u00a0\u00bb1\/3&Prime;][vc_single_image image=\u00a0\u00bb4596&Prime; img_size=\u00a0\u00bbfull\u00a0\u00bb][\/vc_column][\/vc_row]<\/p>\n","protected":false},"excerpt":{"rendered":"<p>[vc_row][vc_column][vc_column_text] S\u00c3O JO\u00c3O DEL REI [\/vc_column_text][\/vc_column][\/vc_row][vc_row][vc_column width=\u00a0\u00bb1\/2&Prime;][vc_single_image image=\u00a0\u00bb4675&Prime; img_size=\u00a0\u00bbfull\u00a0\u00bb][\/vc_column][vc_column width=\u00a0\u00bb1\/2&Prime;][vc_column_text] Une visite \u00e0 S\u00e3o Jo\u00e3o del Rei est bien venue&#8230;.<\/p>\n","protected":false},"author":2,"featured_media":0,"parent":0,"menu_order":0,"comment_status":"closed","ping_status":"closed","template":"","meta":[],"_links":{"self":[{"href":"https:\/\/ouropretoturismo.com.br\/wp-json\/wp\/v2\/pages\/4350"}],"collection":[{"href":"https:\/\/ouropretoturismo.com.br\/wp-json\/wp\/v2\/pages"}],"about":[{"href":"https:\/\/ouropretoturismo.com.br\/wp-json\/wp\/v2\/types\/page"}],"author":[{"embeddable":true,"href":"https:\/\/ouropretoturismo.com.br\/wp-json\/wp\/v2\/users\/2"}],"replies":[{"embeddable":true,"href":"https:\/\/ouropretoturismo.com.br\/wp-json\/wp\/v2\/comments?post=4350"}],"version-history":[{"count":45,"href":"https:\/\/ouropretoturismo.com.br\/wp-json\/wp\/v2\/pages\/4350\/revisions"}],"predecessor-version":[{"id":4784,"href":"https:\/\/ouropretoturismo.com.br\/wp-json\/wp\/v2\/pages\/4350\/revisions\/4784"}],"wp:attachment":[{"href":"https:\/\/ouropretoturismo.com.br\/wp-json\/wp\/v2\/media?parent=4350"}],"curies":[{"name":"wp","href":"https:\/\/api.w.org\/{rel}","templated":true}]}}