{"id":4286,"date":"2021-02-18T01:57:26","date_gmt":"2021-02-18T01:57:26","guid":{"rendered":"https:\/\/ouropretoturismo.com.br\/en\/?page_id=4286"},"modified":"2021-04-05T19:25:59","modified_gmt":"2021-04-05T19:25:59","slug":"congonhas","status":"publish","type":"page","link":"https:\/\/ouropretoturismo.com.br\/congonhas\/","title":{"rendered":"Congonhas"},"content":{"rendered":"<p>[vc_row][vc_column][vc_column_text]<\/p>\n<h3 style=\"text-align: center;\">CONGONHAS<\/h3>\n<p>[\/vc_column_text][\/vc_column][\/vc_row][vc_row][vc_column width=\u00a0\u00bb1\/2&Prime;][vc_single_image image=\u00a0\u00bb4237&Prime; img_size=\u00a0\u00bbfull\u00a0\u00bb][\/vc_column][vc_column width=\u00a0\u00bb1\/2&Prime;][vc_column_text]<\/p>\n<div class=\"wp-block-column\">Le style baroque se caract\u00e9rise par de formes exub\u00e9rantes ,en grande pompe ornementale et liturgique.<br \/>Les petits angelots m\u00e9tisses ,les motives bucoliques dans le travail de Antonio Francisco Lisboa dit Aleijadinho ( l\u00b4estropi\u00e9 ) marquent le style baroque br\u00e9silien.<\/div>\n<div>\u00a0<\/div>\n<div>Le style baroque se caract\u00e9rise par de formes exub\u00e9rantes ,en grande pompe ornementale et liturgique.<br \/>Les petits angelots m\u00e9tisses ,les motives bucoliques dans le travail de Antonio Francisco Lisboa dit Aleijadinho ( l estropi\u00e9 ) marquent le style baroque br\u00e9silien.Les sculptures de Aleijadinho qui ornent le Santu\u00e1rio de Bom Jesus dos Matozinhos, sont la plus haute expression de son art baroque, de sa cr\u00e9ativit\u00e9 et humanisme.<\/div>\n<div>\u00a0<\/div>\n<div class=\"wp-block-column\"><a href=\"https:\/\/artsandculture.google.com\/streetview\/santu%C3%A1rio-de-bom-jesus-de-congonhas\/MwGTltMfXQigaQ?sv_lng=-43.86091160699232&amp;sv_lat=-20.50764132347302&amp;sv_h=144.75684248704727&amp;sv_p=-3.5021434070478534&amp;sv_pid=mowh8kenUtPJxXZtHu4ICg&amp;sv_z=1\" target=\"_blank\" rel=\"noreferrer noopener\"><strong><span style=\"color: #3366ff;\">Virtual Tour<\/span><\/strong><\/a><\/div>\n<p>[\/vc_column_text][\/vc_column][\/vc_row][vc_row][vc_column width=\u00a0\u00bb1\/4&Prime;][\/vc_column][vc_column width=\u00a0\u00bb3\/4&Prime;][\/vc_column][\/vc_row][vc_row][vc_column width=\u00a0\u00bb1\/3&Prime;][vc_single_image image=\u00a0\u00bb4287&Prime; img_size=\u00a0\u00bbfull\u00a0\u00bb][\/vc_column][vc_column width=\u00a0\u00bb1\/3&Prime;][vc_single_image image=\u00a0\u00bb4534&Prime; img_size=\u00a0\u00bbmedium\u00a0\u00bb][\/vc_column][vc_column width=\u00a0\u00bb1\/3&Prime;][vc_single_image image=\u00a0\u00bb4288&Prime; img_size=\u00a0\u00bbfull\u00a0\u00bb][\/vc_column][\/vc_row]<\/p>\n","protected":false},"excerpt":{"rendered":"<p>[vc_row][vc_column][vc_column_text] CONGONHAS [\/vc_column_text][\/vc_column][\/vc_row][vc_row][vc_column width=\u00a0\u00bb1\/2&Prime;][vc_single_image image=\u00a0\u00bb4237&Prime; img_size=\u00a0\u00bbfull\u00a0\u00bb][\/vc_column][vc_column width=\u00a0\u00bb1\/2&Prime;][vc_column_text] Le style baroque se caract\u00e9rise par de formes exub\u00e9rantes ,en grande pompe ornementale&#8230;<\/p>\n","protected":false},"author":2,"featured_media":0,"parent":0,"menu_order":0,"comment_status":"closed","ping_status":"closed","template":"","meta":[],"_links":{"self":[{"href":"https:\/\/ouropretoturismo.com.br\/wp-json\/wp\/v2\/pages\/4286"}],"collection":[{"href":"https:\/\/ouropretoturismo.com.br\/wp-json\/wp\/v2\/pages"}],"about":[{"href":"https:\/\/ouropretoturismo.com.br\/wp-json\/wp\/v2\/types\/page"}],"author":[{"embeddable":true,"href":"https:\/\/ouropretoturismo.com.br\/wp-json\/wp\/v2\/users\/2"}],"replies":[{"embeddable":true,"href":"https:\/\/ouropretoturismo.com.br\/wp-json\/wp\/v2\/comments?post=4286"}],"version-history":[{"count":25,"href":"https:\/\/ouropretoturismo.com.br\/wp-json\/wp\/v2\/pages\/4286\/revisions"}],"predecessor-version":[{"id":4659,"href":"https:\/\/ouropretoturismo.com.br\/wp-json\/wp\/v2\/pages\/4286\/revisions\/4659"}],"wp:attachment":[{"href":"https:\/\/ouropretoturismo.com.br\/wp-json\/wp\/v2\/media?parent=4286"}],"curies":[{"name":"wp","href":"https:\/\/api.w.org\/{rel}","templated":true}]}}