{"id":4271,"date":"2021-02-18T01:39:43","date_gmt":"2021-02-18T01:39:43","guid":{"rendered":"https:\/\/ouropretoturismo.com.br\/en\/?page_id=4271"},"modified":"2021-04-09T14:01:50","modified_gmt":"2021-04-09T14:01:50","slug":"mariana","status":"publish","type":"page","link":"https:\/\/ouropretoturismo.com.br\/mariana\/","title":{"rendered":"Mariana"},"content":{"rendered":"<p>[vc_row][vc_column][vc_column_text]<\/p>\n<h3 style=\"text-align: center;\">MARIANA<\/h3>\n<p>[\/vc_column_text][\/vc_column][\/vc_row][vc_row][vc_column width=\u00a0\u00bb1\/2&Prime;][vc_single_image image=\u00a0\u00bb4228&Prime; img_size=\u00a0\u00bbfull\u00a0\u00bb][\/vc_column][vc_column width=\u00a0\u00bb1\/2&Prime;][vc_column_text]<\/p>\n<div class=\"wp-block-column\">Fond\u00e9e en 1696, Mariana fut la capitale de l\u2019 \u00e9tat de Minas Gerais pendant peu de temps. D\u2019 abord connue comme Village R\u00e9al Notre Dame du Carmel, elle a re\u00e7u ce nom en honneur \u00e0 la reine Maria Ana.<br \/>Premier Capital et dioc\u00e8se de Minas,la ville pr\u00e9sente un aura du 18 \u00e8me si\u00e8cle refl\u00e9t\u00e9e dans l architecture, monuments, rues and paisible style de vie.<br \/>Les amoureux de musique aimeront \u00e9couter les concerts donn\u00e9s avec l\u2019orgue Arp Schnotger de la Cath\u00e9drale, le vendredi \u00e0 11 heures et le dimanche \u00e0 12:15.ans la r\u00e9gion de Minas ,les \u00e9glises furent b\u00e2ties pendant un si\u00e8cle selon les directives de la traduction J\u00e9suite. Ext\u00e9rieur simple et somptueux int\u00e9rieurs d\u00e9cor\u00e9s.<\/div>\n<p>[\/vc_column_text][\/vc_column][\/vc_row][vc_row][vc_column width=\u00a0\u00bb1\/2&Prime;][vc_single_image image=\u00a0\u00bb4742&Prime; img_size=\u00a0\u00bbfull\u00a0\u00bb][\/vc_column][vc_column width=\u00a0\u00bb1\/2&Prime;][vc_column_text]<\/p>\n<div class=\"wp-block-column\">\u00a0<\/div>\n<div class=\"wp-block-column\"><strong>Attractions principales<\/strong><br \/>\u2013 Mus\u00e9e de l\u2019 archidioc\u00e8se<br \/>\u2013 La Cath\u00e9drale<br \/>\u2013 \u00c9glise de Saint Fran\u00e7ois d\u00b4Assis<br \/>\u2013 \u00c9glise de Notre Dame du Carmel.<\/div>\n<p>\u00a0[\/vc_column_text][vc_single_image image=\u00a0\u00bb4284&Prime; img_size=\u00a0\u00bbfull\u00a0\u00bb][\/vc_column][\/vc_row][vc_row][vc_column width=\u00a0\u00bb1\/4&Prime;][\/vc_column][vc_column width=\u00a0\u00bb3\/4&Prime;][\/vc_column][\/vc_row]<\/p>\n","protected":false},"excerpt":{"rendered":"<p>[vc_row][vc_column][vc_column_text] MARIANA [\/vc_column_text][\/vc_column][\/vc_row][vc_row][vc_column width=\u00a0\u00bb1\/2&Prime;][vc_single_image image=\u00a0\u00bb4228&Prime; img_size=\u00a0\u00bbfull\u00a0\u00bb][\/vc_column][vc_column width=\u00a0\u00bb1\/2&Prime;][vc_column_text] Fond\u00e9e en 1696, Mariana fut la capitale de l\u2019 \u00e9tat de Minas Gerais&#8230;<\/p>\n","protected":false},"author":2,"featured_media":0,"parent":0,"menu_order":0,"comment_status":"closed","ping_status":"closed","template":"","meta":[],"_links":{"self":[{"href":"https:\/\/ouropretoturismo.com.br\/wp-json\/wp\/v2\/pages\/4271"}],"collection":[{"href":"https:\/\/ouropretoturismo.com.br\/wp-json\/wp\/v2\/pages"}],"about":[{"href":"https:\/\/ouropretoturismo.com.br\/wp-json\/wp\/v2\/types\/page"}],"author":[{"embeddable":true,"href":"https:\/\/ouropretoturismo.com.br\/wp-json\/wp\/v2\/users\/2"}],"replies":[{"embeddable":true,"href":"https:\/\/ouropretoturismo.com.br\/wp-json\/wp\/v2\/comments?post=4271"}],"version-history":[{"count":23,"href":"https:\/\/ouropretoturismo.com.br\/wp-json\/wp\/v2\/pages\/4271\/revisions"}],"predecessor-version":[{"id":4763,"href":"https:\/\/ouropretoturismo.com.br\/wp-json\/wp\/v2\/pages\/4271\/revisions\/4763"}],"wp:attachment":[{"href":"https:\/\/ouropretoturismo.com.br\/wp-json\/wp\/v2\/media?parent=4271"}],"curies":[{"name":"wp","href":"https:\/\/api.w.org\/{rel}","templated":true}]}}