{"id":3762,"date":"2020-12-14T19:58:13","date_gmt":"2020-12-14T19:58:13","guid":{"rendered":"http:\/\/ouropretoturismo.com.br\/?page_id=3762"},"modified":"2021-04-27T20:13:27","modified_gmt":"2021-04-27T20:13:27","slug":"ouropreto","status":"publish","type":"page","link":"https:\/\/ouropretoturismo.com.br\/ouropreto\/","title":{"rendered":"Ouro Preto"},"content":{"rendered":"<p>[vc_row][vc_column][vc_column_text]<\/p>\n<h3 style=\"text-align: center;\">OURO PRETO<\/h3>\n<p>[\/vc_column_text][\/vc_column][\/vc_row][vc_row][vc_column width=\u00a0\u00bb1\/2&Prime;][vc_single_image image=\u00a0\u00bb4707&Prime; img_size=\u00a0\u00bbfull\u00a0\u00bb][\/vc_column][vc_column width=\u00a0\u00bb1\/2&Prime;][vc_column_text]<\/p>\n<p><strong>Fond\u00e9e au d\u00e9but du 18 \u00e8me si\u00e8cle, Ouro Preto est un chef d\u2019 \u0153uvre de l\u2019 architecture et art colonial br\u00e9silienne et d\u00e9clar\u00e9e patrimoine de l\u2019 humanit\u00e9 par l\u2019 UNESCO.<\/strong><\/p>\n<p>Les d\u00e9tails, monuments et art refl\u00e8tent ici l\u2019originalit\u00e9 et autonomie des artistes locaux de l\u2019\u00e9poque qui ont cr\u00e9\u00e9 cet unique style d \u2019art baroque br\u00e9silien . Les peintures de Manuel da Costa Athaide et les sculptures de Antonio Francisco Lisboa, dit Aleijadinho (l\u2019estropi\u00e9) sont exemples uniques de cette p\u00e9riode de grande inspiration cr\u00e9ative. Aussi le mus\u00e9e do Orat\u00f3rio avec sa collection d\u2019art sacr\u00e9e.<\/p>\n<p>Ouro Preto est une synth\u00e8se de l\u2019 histoire et d\u2019art br\u00e9silienne .Plusieurs \u00e9v\u00e9nements populaires et religieux sont des raisons pour visiter la ville comme le festival d\u2019hiver, les \u00e9v\u00e9nements hauts en couleurs de la semaine sainte, le festival de Notre Dame du Rosaire.<\/p>\n<p>[\/vc_column_text][\/vc_column][\/vc_row][vc_row][vc_column width=\u00a0\u00bb1\/3&Prime;][vc_column_text]<\/p>\n<p>Le march\u00e9 devant l\u2019 \u00c9glise Saint Fran\u00e7ois d\u2019 Assis propose le riche artisanat de la r\u00e9gion. Les restaurants de la ville proposent l\u2019excellente et unique cuisine de Minas Gerais reflet du m\u00e9lange culturel que la r\u00e9gion a connu : br\u00e9silienne, africaine et europ\u00e9enne.<\/p>\n<p>[\/vc_column_text][\/vc_column][vc_column width=\u00a0\u00bb1\/3&Prime;][vc_single_image image=\u00a0\u00bb4626&Prime; img_size=\u00a0\u00bbfull\u00a0\u00bb][\/vc_column][vc_column width=\u00a0\u00bb1\/3&Prime;][vc_single_image image=\u00a0\u00bb4579&Prime; img_size=\u00a0\u00bbfull\u00a0\u00bb][\/vc_column][\/vc_row][vc_row][vc_column][\/vc_column][\/vc_row][vc_row][vc_column][vc_column_text]<\/p>\n<p>Une visite \u00e0 Ouro Preto est un retour dans l\u2019 histoire et r\u00e9cit du pass\u00e9. La ville poss\u00e8de 13 \u00e9glises et plusieurs monuments publiques. Les \u00e9glises plus \u00e9tonnantes sont Saint Fran\u00e7ois d\u2019 Assis, Notre Dame du Carmel, Notre Dame du Rosaire, Antonio Dias et Pilar D\u2019autres lieux remarquables comme la Casa dos Contos (ancienne maison de la monnaie) Mus\u00e9e de l\u2019Inconfidancia, ou sont expos\u00e9s documents du premier mouvement d ind\u00e9pendance, le le tr\u00e8s complet mus\u00e9e de min\u00e9ralogie dans l\u2019 \u00e9cole de Mines, \u00e9cole fond\u00e9e par le fran\u00e7ais Claude Henri Gorceix.<\/p>\n<p>Les restaurants de la ville proposent l\u2019excellente et unique cuisine de Minas Gerais reflet du m\u00e9lange culturel que la r\u00e9gion a connu : br\u00e9silienne, africaine et europ\u00e9enne..<\/p>\n<p>[\/vc_column_text][\/vc_column][\/vc_row][vc_row][vc_column][vc_column_text][\/vc_column_text][\/vc_column][\/vc_row][vc_row][vc_column width=\u00a0\u00bb1\/3&Prime;][vc_column_text]<\/p>\n<p><strong>Attractions principales<\/strong><\/p>\n<p>Eglise Saint Fran\u00e7ois d\u2019 Assis<br \/>Eglise Notre Dame du Pilar<br \/>Mus\u00e9e de L\u2019oratorio<br \/>Museu de Mineralogia<\/p>\n<p>[\/vc_column_text][\/vc_column][vc_column width=\u00a0\u00bb1\/3&Prime;][vc_column_text]<\/p>\n<p><strong>Tour Virtuel<br \/><span style=\"color: #3366ff;\">&#8211; <a style=\"color: #3366ff;\" href=\"http:\/\/www.eravirtual.org\/op_eng\/\" target=\"_blank\" rel=\"noopener\">Ouro Preto<\/a> <\/span><br \/><span style=\"color: #3366ff;\">&#8211;<\/span><\/strong><span style=\"color: #3366ff;\"><strong>\u00a0<a style=\"color: #3366ff;\" href=\"http:\/\/visitas.minasgerais.com.br\/ouropreto\/index57.htm\" target=\"_blank\" rel=\"noopener\">Eglise Saint Fran\u00e7ois d\u2019 Assis<\/a> <br \/><\/strong><strong>&#8211;<\/strong>\u00a0<\/span><a href=\"http:\/\/visitas.minasgerais.com.br\/ouropreto\/index91.htm\" target=\"_blank\" rel=\"noopener\"><strong><span style=\"color: #3366ff;\">Eglise Notre Dame du Pilar<\/span><\/strong><\/a><\/p>\n<p>[\/vc_column_text][\/vc_column][vc_column width=\u00a0\u00bb1\/3&Prime;][vc_single_image image=\u00a0\u00bb4212&Prime; img_size=\u00a0\u00bbfull\u00a0\u00bb][\/vc_column][\/vc_row][vc_row][vc_column width=\u00a0\u00bb1\/4&Prime;][\/vc_column][vc_column width=\u00a0\u00bb1\/4&Prime;][\/vc_column][vc_column width=\u00a0\u00bb1\/4&Prime;][\/vc_column][vc_column width=\u00a0\u00bb1\/4&Prime;][\/vc_column][\/vc_row][vc_row][vc_column][vc_column_text]<\/p>\n<blockquote><p><span style=\"color: #3366ff;\"><strong>La mine du Pal\u00e1cio Velho<\/strong><\/span><\/p><\/blockquote>\n<p>[\/vc_column_text][\/vc_column][\/vc_row][vc_row][vc_column width=\u00a0\u00bb2\/3&Prime;][vc_column_text]<\/p>\n<p>La mine du Pal\u00e1cio Velho fait partie de l\u2019un des plus anciens complexes de production de l\u2019industrie aurif\u00e8re du XVIIIe si\u00e8cle dans le Minas Gerais. Il est situ\u00e9 sous les ruines de l\u2019ancien palais des gouverneurs. La structure utilis\u00e9e dans le pass\u00e9 par cette industrie, est encore intacte, il y a des tunnels, des salons, des salles o\u00f9 on lavait l\u2019or et on le brisait, des traces sur les murs et sur les plafonds. Gr\u00e2ce \u00e0 ce parcours, nous pouvons conna\u00eetre les techniques apport\u00e9es par les esclaves africains, qui ont permis la plus grande production d\u2019or au Br\u00e9sil, faisant du Portugal l\u2019\u00e9conomie la plus importante d\u2019Europe.<\/p>\n<p>[\/vc_column_text][\/vc_column][vc_column width=\u00a0\u00bb1\/3&Prime;][vc_single_image image=\u00a0\u00bb4719&Prime; img_size=\u00a0\u00bbfull\u00a0\u00bb][\/vc_column][\/vc_row][vc_row][vc_column][vc_column_text]<\/p>\n<blockquote><p><span style=\"color: #3366ff;\"><strong>Promenade en train de Ouro Preto \u00e0 Mariana <\/strong><\/span><\/p><\/blockquote>\n<p>[\/vc_column_text][\/vc_column][\/vc_row][vc_row][vc_column width=\u00a0\u00bb1\/3&Prime;][vc_column_text]<\/p>\n<p>le parcours est fait avec une locomotive \u00e0 diesel et 5 wagons de passagers avec 360 si\u00e8ges,<br \/>L\u2019 int\u00e9rieur des wagons poss\u00e8de le design en bois original et une structure transparente permettant une spectaculaire vue du paysage.<br \/>Le voyage dure une heure trente et \u00e0 lieu les vendredis, samedis et dimanches.<\/p>\n<p>[\/vc_column_text][\/vc_column][vc_column width=\u00a0\u00bb1\/3&Prime;][vc_single_image image=\u00a0\u00bb4206&Prime; img_size=\u00a0\u00bbfull\u00a0\u00bb][\/vc_column][vc_column width=\u00a0\u00bb1\/3&Prime;][vc_single_image image=\u00a0\u00bb4207&Prime; img_size=\u00a0\u00bbfull\u00a0\u00bb][\/vc_column][\/vc_row]<\/p>\n","protected":false},"excerpt":{"rendered":"<p>[vc_row][vc_column][vc_column_text] OURO PRETO [\/vc_column_text][\/vc_column][\/vc_row][vc_row][vc_column width=\u00a0\u00bb1\/2&Prime;][vc_single_image image=\u00a0\u00bb4707&Prime; img_size=\u00a0\u00bbfull\u00a0\u00bb][\/vc_column][vc_column width=\u00a0\u00bb1\/2&Prime;][vc_column_text] Fond\u00e9e au d\u00e9but du 18 \u00e8me si\u00e8cle, Ouro Preto est un chef&#8230;<\/p>\n","protected":false},"author":2,"featured_media":4503,"parent":0,"menu_order":0,"comment_status":"closed","ping_status":"closed","template":"","meta":[],"_links":{"self":[{"href":"https:\/\/ouropretoturismo.com.br\/wp-json\/wp\/v2\/pages\/3762"}],"collection":[{"href":"https:\/\/ouropretoturismo.com.br\/wp-json\/wp\/v2\/pages"}],"about":[{"href":"https:\/\/ouropretoturismo.com.br\/wp-json\/wp\/v2\/types\/page"}],"author":[{"embeddable":true,"href":"https:\/\/ouropretoturismo.com.br\/wp-json\/wp\/v2\/users\/2"}],"replies":[{"embeddable":true,"href":"https:\/\/ouropretoturismo.com.br\/wp-json\/wp\/v2\/comments?post=3762"}],"version-history":[{"count":118,"href":"https:\/\/ouropretoturismo.com.br\/wp-json\/wp\/v2\/pages\/3762\/revisions"}],"predecessor-version":[{"id":4782,"href":"https:\/\/ouropretoturismo.com.br\/wp-json\/wp\/v2\/pages\/3762\/revisions\/4782"}],"wp:featuredmedia":[{"embeddable":true,"href":"https:\/\/ouropretoturismo.com.br\/wp-json\/wp\/v2\/media\/4503"}],"wp:attachment":[{"href":"https:\/\/ouropretoturismo.com.br\/wp-json\/wp\/v2\/media?parent=3762"}],"curies":[{"name":"wp","href":"https:\/\/api.w.org\/{rel}","templated":true}]}}