{"id":3586,"date":"2019-04-23T10:15:27","date_gmt":"2019-04-23T10:15:27","guid":{"rendered":"http:\/\/keenitsolutions.com\/products\/wordpress\/batiment\/?page_id=3467"},"modified":"2021-04-09T14:01:14","modified_gmt":"2021-04-09T14:01:14","slug":"cleaning-onepage","status":"publish","type":"page","link":"https:\/\/ouropretoturismo.com.br\/","title":{"rendered":"Cleaning &#8211; Onepage"},"content":{"rendered":"<p>[vc_row full_width=\u00a0\u00bbstretch_row\u00a0\u00bb css=\u00a0\u00bb.vc_custom_1529492547476{padding-top: 0px !important;padding-bottom: 5px !important;}\u00a0\u00bb el_id=\u00a0\u00bbrs-we-work\u00a0\u00bb el_class=\u00a0\u00bbrs-we-work-clean\u00a0\u00bb][vc_column][vc_column_text]-[\/vc_column_text][\/vc_column][\/vc_row][vc_row full_width=\u00a0\u00bbstretch_row\u00a0\u00bb css=\u00a0\u00bb.vc_custom_1529902399527{padding-top: 55px !important;padding-bottom: 40px !important;background-color: #f0f0f0 !important;}\u00a0\u00bb el_id=\u00a0\u00bbrs-services\u00a0\u00bb el_class=\u00a0\u00bbservices-three\u00a0\u00bb][vc_column][vc_column_text]<\/p>\n<h2 style=\"text-align: center;\"><strong>VILLES COLONIALES<\/strong><\/h2>\n<p>[\/vc_column_text][vc_row_inner][vc_column_inner width=\u00a0\u00bb1\/3&Prime;]<div class=\"rs-services\"><div class=\"service-inner services-style-3 center  \">\n\t\t<div class=\"services-wrap\"> \n         <div class=\"services-item\">\n            <div class=\"services-icon\">\n                <a href=\"http:\/\/ouropretoturismo.com.br\/ouropreto\/\" title=\"Ouro Preto\"><img src=\"https:\/\/ouropretoturismo.com.br\/wp-content\/uploads\/Destaque-home-OuroPreto.jpg\" alt=\"OURO PRETO\" \/><\/a>\n             <\/div>\n        \n\t\t<div class=\"services-desc\">\n\t\t\t<h3 class=\"services-title services-title2\"><a href=\"http:\/\/ouropretoturismo.com.br\/ouropreto\/\" title=\"Ouro Preto\">OURO PRETO<\/a><\/h3>\n\t\t\t<p><strong>Ouro Preto<\/strong> a \u00e9t\u00e9 fond\u00e9e au d\u00e9but du 18 \u00e8me si\u00e8cle , chef d\u2019\u0153uvre de l architecture coloniale br\u00e9silienne, devenue patrimoine de l humanit\u00e9 par l UNESCO. <\/p>\n<p><a href=\"http:\/\/ouropretoturismo.com.br\/fr\/ouropreto\/\"><strong><span class=\"VIiyi\" lang=\"fr\"><span class=\"JLqJ4b ChMk0b C1N51c\" data-language-for-alternatives=\"fr\" data-language-to-translate-into=\"en\" data-phrase-index=\"0\">LIRE<\/span><\/span><\/strong><\/a><\/p>\n\t\t\t\n\t\t<\/div>\t\t\n\t\t<\/div>\t\n\t<\/div>\n\t<\/div><\/div><div class=\"rs-services\"><div class=\"service-inner services-style-3 center  \">\n\t\t<div class=\"services-wrap\"> \n         <div class=\"services-item\">\n            <div class=\"services-icon\">\n                <a href=\"https:\/\/ouropretoturismo.com.br\/sao-joao-del-rey\/\" title=\"S\u00e3o Jo\u00e3o del Rey\"><img src=\"https:\/\/ouropretoturismo.com.br\/wp-content\/uploads\/Destaque-home-sao-joao-del-rei.jpg\" alt=\"S\u00c3O JO\u00c3O DEL REY\" \/><\/a>\n             <\/div>\n        \n\t\t<div class=\"services-desc\">\n\t\t\t<h3 class=\"services-title services-title2\"><a href=\"https:\/\/ouropretoturismo.com.br\/sao-joao-del-rey\/\" title=\"S\u00e3o Jo\u00e3o del Rey\">S\u00c3O JO\u00c3O DEL REY<\/a><\/h3>\n\t\t\t<p>Une visite \u00e0 S\u00e3o Jo\u00e3o del Rei est bien venue. Ici les traditions religieuses des temps coloniaux sont dans les \u00e9glises, processions et foi. <\/p>\n<p>\u00a0<br \/><strong><a href=\"https:\/\/ouropretoturismo.com.br\/fr\/sao-joao-del-rey\/\"><span class=\"VIiyi\" lang=\"fr\"><span class=\"JLqJ4b ChMk0b C1N51c\" data-language-for-alternatives=\"fr\" data-language-to-translate-into=\"en\" data-phrase-index=\"0\">LIRE<\/span><\/span><\/a><\/strong><\/p>\n\t\t\t\n\t\t<\/div>\t\t\n\t\t<\/div>\t\n\t<\/div>\n\t<\/div><\/div><div class=\"rs-services\"><div class=\"service-inner services-style-3 center  \">\n\t\t<div class=\"services-wrap\"> \n         <div class=\"services-item\">\n            <div class=\"services-icon\">\n                <a href=\"https:\/\/ouropretoturismo.com.br\/diamantina\/\" title=\"Diamantina\"><img src=\"https:\/\/ouropretoturismo.com.br\/wp-content\/uploads\/Destaque-home-diamantina.jpg\" alt=\"DIAMANTINA\" \/><\/a>\n             <\/div>\n        \n\t\t<div class=\"services-desc\">\n\t\t\t<h3 class=\"services-title services-title2\"><a href=\"https:\/\/ouropretoturismo.com.br\/diamantina\/\" title=\"Diamantina\">DIAMANTINA<\/a><\/h3>\n\t\t\t<p>Localis\u00e9e au nord de Minas Gerais,la ville est un enchantement et bien diff\u00e9rente des autres villes historiques, peut \u00eatre \u00e0 cause de son \u00e9tonnant pass\u00e9 historique avec l extraction du diamant.\u00a0<\/p>\n<p>&nbsp;<\/p>\n<p>\u00a0\u00a0 <strong><a href=\"https:\/\/ouropretoturismo.com.br\/fr\/diamantina\/\"><span class=\"VIiyi\" lang=\"fr\"><span class=\"JLqJ4b ChMk0b C1N51c\" data-language-for-alternatives=\"fr\" data-language-to-translate-into=\"en\" data-phrase-index=\"0\">LIRE<\/span><\/span><\/a><\/strong><\/p>\n\t\t\t\n\t\t<\/div>\t\t\n\t\t<\/div>\t\n\t<\/div>\n\t<\/div><\/div>[\/vc_column_inner][vc_column_inner width=\u00a0\u00bb1\/3&Prime;]<div class=\"rs-services\"><div class=\"service-inner services-style-3 center  vc_custom_1614518986981 \">\n\t\t<div class=\"services-wrap\"> \n         <div class=\"services-item\">\n            <div class=\"services-icon\">\n                <a href=\"https:\/\/ouropretoturismo.com.br\/mariana\/\" title=\"Mariana\"><img src=\"https:\/\/ouropretoturismo.com.br\/wp-content\/uploads\/Destaque-home-Mariana.jpg\" alt=\"MARIANA\" \/><\/a>\n             <\/div>\n        \n\t\t<div class=\"services-desc\">\n\t\t\t<h3 class=\"services-title services-title2\"><a href=\"https:\/\/ouropretoturismo.com.br\/mariana\/\" title=\"Mariana\">MARIANA<\/a><\/h3>\n\t\t\t<p>Fond\u00e9e en 1696, Mariana fut la capitale de l\u2019 \u00e9tat de Minas Gerais pendant peu de temps. D abord connue comme Village R\u00e9al Notre Dame du Carmel, elle a re\u00e7u ce nom en honneur \u00e0 la reine Maria Ana. <strong><a href=\"https:\/\/ouropretoturismo.com.br\/fr\/mariana\/\"><span class=\"VIiyi\" lang=\"fr\"><span class=\"JLqJ4b ChMk0b C1N51c\" data-language-for-alternatives=\"fr\" data-language-to-translate-into=\"en\" data-phrase-index=\"0\">LIRE <\/span><\/span><\/a><\/strong><\/p>\n\t\t\t\n\t\t<\/div>\t\t\n\t\t<\/div>\t\n\t<\/div>\n\t<\/div><\/div><div class=\"rs-services\"><div class=\"service-inner services-style-3 center  \">\n\t\t<div class=\"services-wrap\"> \n         <div class=\"services-item\">\n            <div class=\"services-icon\">\n                <a href=\"https:\/\/ouropretoturismo.com.br\/tiradentes\/\" title=\"Tiradentes\"><img src=\"https:\/\/ouropretoturismo.com.br\/wp-content\/uploads\/Destaque-home-Tiradentes.jpg\" alt=\"TIRADENTES\" \/><\/a>\n             <\/div>\n        \n\t\t<div class=\"services-desc\">\n\t\t\t<h3 class=\"services-title services-title2\"><a href=\"https:\/\/ouropretoturismo.com.br\/tiradentes\/\" title=\"Tiradentes\">TIRADENTES<\/a><\/h3>\n\t\t\t<p>Confort, sophistication et style font de Tiradentes une des plus \u00e9tonnantes villes de Minas. L artisanat est de tr\u00e8s haute qualit\u00e9 ,les petits, magasins magiques, les restaurants et auberges enchanteurs. Tout est tr\u00e8s romantique. <strong><a href=\"https:\/\/ouropretoturismo.com.br\/fr\/tiradentes\/\"><span class=\"VIiyi\" lang=\"fr\"><span class=\"JLqJ4b ChMk0b C1N51c\" data-language-for-alternatives=\"fr\" data-language-to-translate-into=\"en\" data-phrase-index=\"0\">LIRE <\/span><\/span><\/a><\/strong><\/p>\n\t\t\t\n\t\t<\/div>\t\t\n\t\t<\/div>\t\n\t<\/div>\n\t<\/div><\/div><div class=\"rs-services\"><div class=\"service-inner services-style-3 center  \">\n\t\t<div class=\"services-wrap\"> \n         <div class=\"services-item\">\n            <div class=\"services-icon\">\n                <a href=\"https:\/\/ouropretoturismo.com.br\/inhotim\/\" title=\"Inhotim\"><img src=\"https:\/\/ouropretoturismo.com.br\/wp-content\/uploads\/Destaque-home-inhotim.jpg\" alt=\"INHOTIM\" \/><\/a>\n             <\/div>\n        \n\t\t<div class=\"services-desc\">\n\t\t\t<h3 class=\"services-title services-title2\"><a href=\"https:\/\/ouropretoturismo.com.br\/inhotim\/\" title=\"Inhotim\">INHOTIM<\/a><\/h3>\n\t\t\t<p>Localis\u00e9e \u00e0 Brumadinho, 60 km de Belo Horizonte,Inhotim occupe 87 acres de beaux jardins, en partie cr\u00e9es par le renomm\u00e9 architecte paysagiste Roberto Burle Marx, une biblioth\u00e8que vivante de plantes tropicales, et une remarquable collection d art contemporaine. <strong><a href=\"https:\/\/ouropretoturismo.com.br\/fr\/inhotim\/\"><span class=\"VIiyi\" lang=\"fr\"><span class=\"JLqJ4b ChMk0b C1N51c\" data-language-for-alternatives=\"fr\" data-language-to-translate-into=\"en\" data-phrase-index=\"0\">LIRE <\/span><\/span><\/a><\/strong><\/p>\n\t\t\t\n\t\t<\/div>\t\t\n\t\t<\/div>\t\n\t<\/div>\n\t<\/div><\/div>[\/vc_column_inner][vc_column_inner width=\u00a0\u00bb1\/3&Prime;]<div class=\"rs-services\"><div class=\"service-inner services-style-3 center  \">\n\t\t<div class=\"services-wrap\"> \n         <div class=\"services-item\">\n            <div class=\"services-icon\">\n                <a href=\"https:\/\/ouropretoturismo.com.br\/congonhas\/\" title=\"Congonhas\"><img src=\"https:\/\/ouropretoturismo.com.br\/wp-content\/uploads\/Destaque-home-Congonhas.jpg\" alt=\"CONGONHAS\" \/><\/a>\n             <\/div>\n        \n\t\t<div class=\"services-desc\">\n\t\t\t<h3 class=\"services-title services-title2\"><a href=\"https:\/\/ouropretoturismo.com.br\/congonhas\/\" title=\"Congonhas\">CONGONHAS<\/a><\/h3>\n\t\t\t<p>Les sculptures de Aleijadinho qui ornent le Santu\u00e1rio de Bom Jesus dos Matozinhos, sont la plus haute expression de son art baroque, de sa cr\u00e9ativit\u00e9 et humanisme. <strong><a href=\"https:\/\/ouropretoturismo.com.b\/frr\/congonhas\/\"><span class=\"VIiyi\" lang=\"fr\"><span class=\"JLqJ4b ChMk0b C1N51c\" data-language-for-alternatives=\"fr\" data-language-to-translate-into=\"en\" data-phrase-index=\"0\">LIRE <\/span><\/span><\/a><\/strong><\/p>\n\t\t\t\n\t\t<\/div>\t\t\n\t\t<\/div>\t\n\t<\/div>\n\t<\/div><\/div><div class=\"rs-services\"><div class=\"service-inner services-style-3 center  \">\n\t\t<div class=\"services-wrap\"> \n         <div class=\"services-item\">\n            <div class=\"services-icon\">\n                <a href=\"https:\/\/ouropretoturismo.com.br\/sabara\/\" title=\"Leishmanioses\"><img src=\"https:\/\/ouropretoturismo.com.br\/wp-content\/uploads\/Destaque-home-sabara.jpg\" alt=\"SABAR\u00c1\" \/><\/a>\n             <\/div>\n        \n\t\t<div class=\"services-desc\">\n\t\t\t<h3 class=\"services-title services-title2\"><a href=\"https:\/\/ouropretoturismo.com.br\/sabara\/\" title=\"Leishmanioses\">SABAR\u00c1<\/a><\/h3>\n\t\t\t<p>Sabar\u00e1 est riche en formes ornementales et en architecture qui ont trac\u00e9 l \u00e9volution de l art religieuse \u00e0 Minas Gerais. \u00a0 \u00a0<\/p>\n<p>&nbsp;<\/p>\n<p>\u00a0<br \/><strong><a href=\"https:\/\/ouropretoturismo.com.br\/fr\/sabara\/\"><span class=\"VIiyi\" lang=\"fr\"><span class=\"JLqJ4b ChMk0b C1N51c\" data-language-for-alternatives=\"fr\" data-language-to-translate-into=\"en\" data-phrase-index=\"0\">LIRE <\/span><\/span><\/a><\/strong><\/p>\n\t\t\t\n\t\t<\/div>\t\t\n\t\t<\/div>\t\n\t<\/div>\n\t<\/div><\/div><div class=\"rs-services\"><div class=\"service-inner services-style-3 center  \">\n\t\t<div class=\"services-wrap\"> \n         <div class=\"services-item\">\n            <div class=\"services-icon\">\n                <a href=\"https:\/\/ouropretoturismo.com.br\/belo-horizonte\/\" title=\"Leishmanioses\"><img src=\"https:\/\/ouropretoturismo.com.br\/wp-content\/uploads\/Destaque-home-belo-horizonte.jpg\" alt=\"BELO HORIZONTE\" \/><\/a>\n             <\/div>\n        \n\t\t<div class=\"services-desc\">\n\t\t\t<h3 class=\"services-title services-title2\"><a href=\"https:\/\/ouropretoturismo.com.br\/belo-horizonte\/\" title=\"Leishmanioses\">BELO HORIZONTE<\/a><\/h3>\n\t\t\t<p>Fond\u00e9e en 1897,c est la 3 \u00e8me plus grande ville du Br\u00e9sil et un important centre industriel.La principal attraction touristique est la r\u00e9gion de Pampulha, un quartier autour d un lac artificiel, comprenant un complex architectural b\u00e2ti par le mondialement connu Oscar Niemeyer. <strong><a href=\"https:\/\/ouropretoturismo.com.br\/fr\/belo-horizonte\/\"><span class=\"VIiyi\" lang=\"fr\"><span class=\"JLqJ4b ChMk0b C1N51c\" data-language-for-alternatives=\"fr\" data-language-to-translate-into=\"en\" data-phrase-index=\"0\">LIRE <\/span><\/span><\/a><\/strong><\/p>\n\t\t\t\n\t\t<\/div>\t\t\n\t\t<\/div>\t\n\t<\/div>\n\t<\/div><\/div>[\/vc_column_inner][\/vc_row_inner][\/vc_column][\/vc_row][vc_row][vc_column][\/vc_column][\/vc_row][vc_row full_width=\u00a0\u00bbstretch_row\u00a0\u00bb gap=\u00a0\u00bb3&Prime; css=\u00a0\u00bb.vc_custom_1614179378587{padding-top: 0px !important;padding-bottom: 0px !important;background-color: #fbc02d !important;}\u00a0\u00bb el_id=\u00a0\u00bbcleaning-sec-contact\u00a0\u00bb][vc_column css=\u00a0\u00bb.vc_custom_1526105721477{padding-top: 0px !important;padding-bottom: 0px !important;}\u00a0\u00bb][\/vc_column][\/vc_row][vc_row][vc_column][\/vc_column][\/vc_row]<\/p>\n","protected":false},"excerpt":{"rendered":"<p>[vc_row full_width=\u00a0\u00bbstretch_row\u00a0\u00bb css=\u00a0\u00bb.vc_custom_1529492547476{padding-top: 0px !important;padding-bottom: 5px !important;}\u00a0\u00bb el_id=\u00a0\u00bbrs-we-work\u00a0\u00bb el_class=\u00a0\u00bbrs-we-work-clean\u00a0\u00bb][vc_column][vc_column_text]-[\/vc_column_text][\/vc_column][\/vc_row][vc_row full_width=\u00a0\u00bbstretch_row\u00a0\u00bb css=\u00a0\u00bb.vc_custom_1529902399527{padding-top: 55px !important;padding-bottom: 40px !important;background-color: #f0f0f0 !important;}\u00a0\u00bb el_id=\u00a0\u00bbrs-services\u00a0\u00bb el_class=\u00a0\u00bbservices-three\u00a0\u00bb][vc_column][vc_column_text] VILLES&#8230;<\/p>\n","protected":false},"author":2,"featured_media":0,"parent":0,"menu_order":0,"comment_status":"closed","ping_status":"closed","template":"","meta":[],"_links":{"self":[{"href":"https:\/\/ouropretoturismo.com.br\/wp-json\/wp\/v2\/pages\/3586"}],"collection":[{"href":"https:\/\/ouropretoturismo.com.br\/wp-json\/wp\/v2\/pages"}],"about":[{"href":"https:\/\/ouropretoturismo.com.br\/wp-json\/wp\/v2\/types\/page"}],"author":[{"embeddable":true,"href":"https:\/\/ouropretoturismo.com.br\/wp-json\/wp\/v2\/users\/2"}],"replies":[{"embeddable":true,"href":"https:\/\/ouropretoturismo.com.br\/wp-json\/wp\/v2\/comments?post=3586"}],"version-history":[{"count":126,"href":"https:\/\/ouropretoturismo.com.br\/wp-json\/wp\/v2\/pages\/3586\/revisions"}],"predecessor-version":[{"id":4762,"href":"https:\/\/ouropretoturismo.com.br\/wp-json\/wp\/v2\/pages\/3586\/revisions\/4762"}],"wp:attachment":[{"href":"https:\/\/ouropretoturismo.com.br\/wp-json\/wp\/v2\/media?parent=3586"}],"curies":[{"name":"wp","href":"https:\/\/api.w.org\/{rel}","templated":true}]}}