{"id":4427,"date":"2021-02-26T22:33:26","date_gmt":"2021-02-26T22:33:26","guid":{"rendered":"https:\/\/ouropretoturismo.com.br\/en\/?page_id=4427"},"modified":"2021-03-12T14:04:32","modified_gmt":"2021-03-12T14:04:32","slug":"itinerary","status":"publish","type":"page","link":"https:\/\/ouropretoturismo.com.br\/itinerary\/","title":{"rendered":"Itinerario"},"content":{"rendered":"<p>[vc_row][vc_column][vc_column_text]<\/p>\n<p>[\/vc_column_text][\/vc_column][\/vc_row][vc_row][vc_column][vc_column_text]<\/p>\n<p>[\/vc_column_text][\/vc_column][\/vc_row][vc_row][vc_column width=\u00bb1\/2&#8243;][vc_column_text]<\/p>\n<h3><strong>Itinerario 1<\/strong><\/h3>\n<p><strong>D\u00eda 1 &#8211; Belo Horizonte | Ouro Preto (145km)<\/strong><br \/>Llegada a Belo Horizonte, luego traslado a Ouro Preto<br \/>Pernoche en la pousada.<\/p>\n<p><strong>D\u00eda 2 &#8211; Ouro Preto | Mariana<\/strong><br \/>Desayuno en la posada<br \/>Visita de Ouro Preto y Mariana (15km)<br \/>Almuerzo en un restaurante local<br \/>Pernoche en la pousada.<\/p>\n<p><strong>D\u00eda 3 &#8211; Ouro Preto | Congonhas | Aeropuerto de Belo Horizonte (185km)<\/strong><br \/>Desayuno en la posada<br \/>Visita de Congonhas<br \/>Almuerzo en un restaurante local<br \/>Traslado al aeropuerto de Belo Horizonte<\/p>\n<p><strong>\u00a0<\/strong><\/p>\n<h3><strong>Itinerario 3<\/strong><\/h3>\n<p><strong>D\u00eda 1 &#8211; Belo Horizonte | Ouro Preto (145km)<\/strong><br \/>Llegada a Belo Horizonte, luego traslado a Ouro Preto<br \/>Pernoche en la pousada..<\/p>\n<p><strong>D\u00eda 2 &#8211; Ouro Preto | Mariana<\/strong><br \/>Desayuno en la posada<br \/>Visita de Ouro Preto y Mariana<br \/>Almuerzo en un restaurante local<br \/>Pernoche en la pousada.<\/p>\n<p><strong>D\u00eda 3 &#8211; Ouro Preto | Congonhas | S\u00e3o Jo\u00e3o del Rei | Tiradentes (185km)<\/strong><br \/>Desayuno en la posada<br \/>Visita de Congonhas y de S\u00e3o Jo\u00e3o del Rei<br \/>Almuerzo en un restaurante local<br \/>Visita de Tiradentes<br \/>Pernoche en la pousada.<\/p>\n<p><strong>D\u00eda 4 -Tiradentes &#8211; Belo Horizonte (240km)<\/strong><br \/>Desayuno en la posada<br \/>Traslado de Tiradentes al aeropuerto de Belo Horizonte<\/p>\n<p>O<\/p>\n<p><strong>D\u00eda 4 -Tiradentes | Petr\u00f3polis | Rio de Janeiro (340km)<\/strong><br \/>Desayuno en la posada<br \/>Traslado de Tiradentes a Petr\u00f3polis<br \/>Visita de Petr\u00f3polis con almuerzo en un restaurante local.<br \/>Llegada a R\u00edo al final del d\u00eda.<\/p>\n<p>[\/vc_column_text][\/vc_column][vc_column width=\u00bb1\/2&#8243;][vc_column_text]<\/p>\n<h3><strong>Itinerario 2<\/strong><\/h3>\n<p><strong>D\u00eda 1 &#8211; Belo Horizonte<\/strong><br \/>Llegada a Belo Horizonte, luego traslado al hotel<br \/>Pernoche.<\/p>\n<p><strong>D\u00eda 2 &#8211; Belo Horizonte &#8211; Inhotim &#8211; Ouro Preto (170km)<\/strong><br \/>Desayuno en la posada<br \/>Visita de Inhotim<br \/>Almuerzo en un restaurante local<br \/>Traslado a Ouro Preto<br \/>Pernoche en la pousada.<\/p>\n<p><strong>D\u00eda 3 &#8211; Ouro Preto \u2013 Mariana<\/strong><br \/>Desayuno en la posada<br \/>Visita de Mariana y Ouro Preto<br \/>Almuerzo en un restaurante local<br \/>Pernoche en la pousada.<\/p>\n<p><strong>D\u00eda 4 &#8211; Ouro Preto | Congonhas | Aeropuerto de Belo Horizonte (185km)<\/strong><br \/>Desayuno en la posada<br \/>Visita de Congonhas<br \/>Almuerzo en un restaurante local<br \/>Traslado al aeropuerto de Belo Horizonte<\/p>\n<p>[\/vc_column_text][vc_column_text]<img loading=\"lazy\" class=\"alignnone wp-image-4432 size-full\" src=\"https:\/\/ouropretoturismo.com.br\/wp-content\/uploads\/mapa-cidades-historicas-mg-1.jpeg\" alt=\"\" width=\"822\" height=\"679\" srcset=\"https:\/\/ouropretoturismo.com.br\/wp-content\/uploads\/mapa-cidades-historicas-mg-1.jpeg 822w, https:\/\/ouropretoturismo.com.br\/wp-content\/uploads\/mapa-cidades-historicas-mg-1-300x248.jpeg 300w, https:\/\/ouropretoturismo.com.br\/wp-content\/uploads\/mapa-cidades-historicas-mg-1-768x634.jpeg 768w\" sizes=\"(max-width: 822px) 100vw, 822px\" \/>[\/vc_column_text][\/vc_column][\/vc_row]<\/p>\n","protected":false},"excerpt":{"rendered":"<p>[vc_row][vc_column][vc_column_text] [\/vc_column_text][\/vc_column][\/vc_row][vc_row][vc_column][vc_column_text] [\/vc_column_text][\/vc_column][\/vc_row][vc_row][vc_column width=\u00bb1\/2&#8243;][vc_column_text] Itinerario 1 D\u00eda 1 &#8211; Belo Horizonte | Ouro Preto (145km)Llegada a Belo Horizonte, luego traslado&#8230;<\/p>\n","protected":false},"author":2,"featured_media":0,"parent":0,"menu_order":0,"comment_status":"closed","ping_status":"closed","template":"","meta":[],"_links":{"self":[{"href":"https:\/\/ouropretoturismo.com.br\/wp-json\/wp\/v2\/pages\/4427"}],"collection":[{"href":"https:\/\/ouropretoturismo.com.br\/wp-json\/wp\/v2\/pages"}],"about":[{"href":"https:\/\/ouropretoturismo.com.br\/wp-json\/wp\/v2\/types\/page"}],"author":[{"embeddable":true,"href":"https:\/\/ouropretoturismo.com.br\/wp-json\/wp\/v2\/users\/2"}],"replies":[{"embeddable":true,"href":"https:\/\/ouropretoturismo.com.br\/wp-json\/wp\/v2\/comments?post=4427"}],"version-history":[{"count":20,"href":"https:\/\/ouropretoturismo.com.br\/wp-json\/wp\/v2\/pages\/4427\/revisions"}],"predecessor-version":[{"id":4526,"href":"https:\/\/ouropretoturismo.com.br\/wp-json\/wp\/v2\/pages\/4427\/revisions\/4526"}],"wp:attachment":[{"href":"https:\/\/ouropretoturismo.com.br\/wp-json\/wp\/v2\/media?parent=4427"}],"curies":[{"name":"wp","href":"https:\/\/api.w.org\/{rel}","templated":true}]}}