{"id":4419,"date":"2021-02-26T22:28:23","date_gmt":"2021-02-26T22:28:23","guid":{"rendered":"https:\/\/ouropretoturismo.com.br\/en\/?page_id=4419"},"modified":"2021-04-07T22:23:44","modified_gmt":"2021-04-07T22:23:44","slug":"belo-horizonte","status":"publish","type":"page","link":"https:\/\/ouropretoturismo.com.br\/belo-horizonte\/","title":{"rendered":"Belo Horizonte"},"content":{"rendered":"<p>[vc_row][vc_column][vc_column_text]<\/p>\n<h3 style=\"text-align: center;\">BELO HORIZONTE<\/h3>\n<p>[\/vc_column_text][\/vc_column][\/vc_row][vc_row][vc_column width=\u00bb1\/2&#8243;][vc_single_image image=\u00bb4734&#8243; img_size=\u00bbfull\u00bb][\/vc_column][vc_column width=\u00bb1\/2&#8243;][vc_column_text]La atracci\u00f3n tur\u00edstica principal es Pampulha, un barrio dise\u00f1ado, rodeando un lago hecho por el hombre y agraciado por un complejo arquitect\u00f3nico planeado por el famoso arquitecto Oscar Niemeyer. Un barrio donde se pueden ver los primeros trabajos del arquitecto Oscar Niemeyer, proyectos paisaj\u00edsticos de Roberto Burle Marx y pinturas de C\u00e2ndido Portinari. Este barrio es reconocido como el primer ejemplo de la arquitectura modernista en Brasil, la cual alcanz\u00f3 su cl\u00edmax en Brasilia. Este complejo es b\u00e1sicamente compuesto por la Iglesia San Francisco de As\u00eds, la Casa del Baile (un lugar elegante para bailar), el Club de Yate y el Museo de Arte Moderno.<\/p>\n<p>La ciudad goza de un intenso calendario cultural, especialmente en el Palacio de las Artes (un teatro m\u00faltiple, centro de arte esc\u00e9nico). La vida nocturna tambi\u00e9n es alegre y el barrio Savassi ofrece mucho entretenimiento en sus clubes, bares y restaurantes<\/p>\n<p>[\/vc_column_text][\/vc_column][\/vc_row][vc_row][vc_column width=\u00bb1\/2&#8243;][vc_single_image image=\u00bb4736&#8243; img_size=\u00bbfull\u00bb][\/vc_column][vc_column width=\u00bb1\/2&#8243;][vc_column_text]<\/p>\n<p><strong>Tour <\/strong><strong>Virtual<\/strong><br \/>\u2013 <a href=\"http:\/\/visitas.minasgerais.com.br\/bh\/index.htm\" target=\"_blank\" rel=\"noopener\">Belo Horizonte <\/a><br \/>\u2013\u00a0<a href=\"http:\/\/visitas.minasgerais.com.br\/bhpampulha\/index01.htm\" target=\"_blank\" rel=\"noopener\">Pampulha \u2013 01 <\/a><br \/>\u2013\u00a0<a href=\"http:\/\/visitas.minasgerais.com.br\/bh\/index.htm\" target=\"_blank\" rel=\"noopener\">Pampulha \u2013 02 <\/a><br \/>\u2013\u00a0<a href=\"http:\/\/visitas.minasgerais.com.br\/bhliberdade\/index35.htm\" target=\"_blank\" rel=\"noopener\">Circuito Plaza de la Libertad \u2013 01 <\/a><br \/>\u2013\u00a0<a href=\"http:\/\/visitas.minasgerais.com.br\/bhliberdade\/index.htm\" target=\"_blank\" rel=\"noopener\">Circuito Plaza de la Libertad \u2013 02<\/a><\/p>\n<p>[\/vc_column_text][\/vc_column][\/vc_row]<\/p>\n","protected":false},"excerpt":{"rendered":"<p>[vc_row][vc_column][vc_column_text] BELO HORIZONTE [\/vc_column_text][\/vc_column][\/vc_row][vc_row][vc_column width=\u00bb1\/2&#8243;][vc_single_image image=\u00bb4734&#8243; img_size=\u00bbfull\u00bb][\/vc_column][vc_column width=\u00bb1\/2&#8243;][vc_column_text]La atracci\u00f3n tur\u00edstica principal es Pampulha, un barrio dise\u00f1ado, rodeando un lago hecho&#8230;<\/p>\n","protected":false},"author":2,"featured_media":0,"parent":0,"menu_order":0,"comment_status":"closed","ping_status":"closed","template":"","meta":[],"_links":{"self":[{"href":"https:\/\/ouropretoturismo.com.br\/wp-json\/wp\/v2\/pages\/4419"}],"collection":[{"href":"https:\/\/ouropretoturismo.com.br\/wp-json\/wp\/v2\/pages"}],"about":[{"href":"https:\/\/ouropretoturismo.com.br\/wp-json\/wp\/v2\/types\/page"}],"author":[{"embeddable":true,"href":"https:\/\/ouropretoturismo.com.br\/wp-json\/wp\/v2\/users\/2"}],"replies":[{"embeddable":true,"href":"https:\/\/ouropretoturismo.com.br\/wp-json\/wp\/v2\/comments?post=4419"}],"version-history":[{"count":21,"href":"https:\/\/ouropretoturismo.com.br\/wp-json\/wp\/v2\/pages\/4419\/revisions"}],"predecessor-version":[{"id":4739,"href":"https:\/\/ouropretoturismo.com.br\/wp-json\/wp\/v2\/pages\/4419\/revisions\/4739"}],"wp:attachment":[{"href":"https:\/\/ouropretoturismo.com.br\/wp-json\/wp\/v2\/media?parent=4419"}],"curies":[{"name":"wp","href":"https:\/\/api.w.org\/{rel}","templated":true}]}}