{"id":4407,"date":"2021-02-26T22:22:07","date_gmt":"2021-02-26T22:22:07","guid":{"rendered":"https:\/\/ouropretoturismo.com.br\/en\/?page_id=4407"},"modified":"2021-03-11T19:41:57","modified_gmt":"2021-03-11T19:41:57","slug":"inhotim","status":"publish","type":"page","link":"https:\/\/ouropretoturismo.com.br\/inhotim\/","title":{"rendered":"Inhotim"},"content":{"rendered":"<p>[vc_row][vc_column][vc_column_text]<\/p>\n<h3 style=\"text-align: center;\">INHOTIM<\/h3>\n<p>[\/vc_column_text][\/vc_column][\/vc_row]<\/p>\n<p>[vc_row][vc_column width=\u00bb1\/4&#8243;][vc_single_image image=\u00bb4414&#8243; img_size=\u00bbfull\u00bb][\/vc_column][vc_column width=\u00bb3\/4&#8243;][vc_column_text]<\/p>\n<p>Ubicado en Brumadinho, a 60 km de Belo Horizonte, Inhotim ocupa un \u00e1rea de 140 hect\u00e1reas de hermosos jardines, una parte de los cuales creada por el famoso arquitecto paisajista Roberto Burle Marx; una biblioteca viviente completa de especies de plantas tropicales, que agrega un valor notable al arte contempor\u00e1neo. Movi\u00e9ndose m\u00e1s all\u00e1 del espacio claro y de las limitaciones arquitect\u00f3nicas de los museos convencionales y de los parques de esculturas, Inhotim ofrece a los artistas la oportunidad de so\u00f1ar y producir complejas e innovadoras piezas.<\/p>\n<p><a href=\"https:\/\/artsandculture.google.com\/streetview\/inhotim\/ugEcCOCZkq1_4A?sv_lng=-44.2188001394141&amp;sv_lat=-20.12396623579023&amp;sv_h=330&amp;sv_p=0&amp;sv_pid=6O6d8dFawd97EwRBp2oGWQ&amp;sv_z=1.0000000000000002\" target=\"_blank\" rel=\"noopener\"><strong>Virtual Tour<\/strong><\/a> <br \/>Abierto:<br \/>&#8211; Martes-viernes: 9:30 a.m.- 4:30 p.m.<br \/>&#8211; S\u00e1bado-Domingo: 9:30 a.m. \u2014 5:30 p.m.<br \/>&#8211; Lunes: Cerrado.<\/p>\n<p>[\/vc_column_text][\/vc_column][\/vc_row][vc_row][vc_column width=\u00bb1\/4&#8243;][vc_single_image image=\u00bb4413&#8243; img_size=\u00bbfull\u00bb][\/vc_column][vc_column width=\u00bb1\/4&#8243;][vc_single_image image=\u00bb4415&#8243; img_size=\u00bbfull\u00bb][\/vc_column][vc_column width=\u00bb1\/4&#8243;][vc_single_image image=\u00bb4416&#8243; img_size=\u00bbfull\u00bb][\/vc_column][vc_column width=\u00bb1\/4&#8243;][vc_single_image image=\u00bb4417&#8243; img_size=\u00bbfull\u00bb][\/vc_column][\/vc_row]<\/p>\n","protected":false},"excerpt":{"rendered":"<p>[vc_row][vc_column][vc_column_text] INHOTIM [\/vc_column_text][\/vc_column][\/vc_row] [vc_row][vc_column width=\u00bb1\/4&#8243;][vc_single_image image=\u00bb4414&#8243; img_size=\u00bbfull\u00bb][\/vc_column][vc_column width=\u00bb3\/4&#8243;][vc_column_text] Ubicado en Brumadinho, a 60 km de Belo Horizonte, Inhotim ocupa un&#8230;<\/p>\n","protected":false},"author":2,"featured_media":0,"parent":0,"menu_order":0,"comment_status":"closed","ping_status":"closed","template":"","meta":[],"_links":{"self":[{"href":"https:\/\/ouropretoturismo.com.br\/wp-json\/wp\/v2\/pages\/4407"}],"collection":[{"href":"https:\/\/ouropretoturismo.com.br\/wp-json\/wp\/v2\/pages"}],"about":[{"href":"https:\/\/ouropretoturismo.com.br\/wp-json\/wp\/v2\/types\/page"}],"author":[{"embeddable":true,"href":"https:\/\/ouropretoturismo.com.br\/wp-json\/wp\/v2\/users\/2"}],"replies":[{"embeddable":true,"href":"https:\/\/ouropretoturismo.com.br\/wp-json\/wp\/v2\/comments?post=4407"}],"version-history":[{"count":5,"href":"https:\/\/ouropretoturismo.com.br\/wp-json\/wp\/v2\/pages\/4407\/revisions"}],"predecessor-version":[{"id":4515,"href":"https:\/\/ouropretoturismo.com.br\/wp-json\/wp\/v2\/pages\/4407\/revisions\/4515"}],"wp:attachment":[{"href":"https:\/\/ouropretoturismo.com.br\/wp-json\/wp\/v2\/media?parent=4407"}],"curies":[{"name":"wp","href":"https:\/\/api.w.org\/{rel}","templated":true}]}}