{"id":4396,"date":"2021-02-26T22:16:35","date_gmt":"2021-02-26T22:16:35","guid":{"rendered":"https:\/\/ouropretoturismo.com.br\/en\/?page_id=4396"},"modified":"2021-03-11T19:43:26","modified_gmt":"2021-03-11T19:43:26","slug":"sabara","status":"publish","type":"page","link":"https:\/\/ouropretoturismo.com.br\/sabara\/","title":{"rendered":"Sabar\u00e1"},"content":{"rendered":"<p>[vc_row][vc_column][vc_column_text]<\/p>\n<h3 style=\"text-align: center;\">SABAR\u00c1<\/h3>\n<p>[\/vc_column_text][\/vc_column][\/vc_row]<\/p>\n<p>[vc_row][vc_column width=\u00bb1\/4&#8243;][vc_single_image image=\u00bb4401&#8243; img_size=\u00bbfull\u00bb][\/vc_column][vc_column width=\u00bb3\/4&#8243;][vc_column_text]<\/p>\n<p>Sabar\u00e1 es particularmente rica en formas arquitect\u00f3nicas y ornamentales, lo cual marca la evoluci\u00f3n del arte religioso en Minas. Aqu\u00ed est\u00e1 la herencia barroca en su m\u00e1s alto nivel. Algunas de las m\u00e1s finas esculturas en Minas se encuentran en el centro de la ciudad. Las atracciones son muchas, incluyendo atractivos edificios y monumentos del siglo 18, como el Teatro Imperial y las atractivas fuentes.<br \/>La Iglesia Matriz Nuestra Se\u00f1ora de la Concepci\u00f3n y la Capilla Nuestra Se\u00f1ora de la O son ejemplos espectaculares de la influencia barroca en el periodo colonial.<\/p>\n<p>[\/vc_column_text][\/vc_column][\/vc_row][vc_row][vc_column width=\u00bb1\/2&#8243;][vc_single_image image=\u00bb4403&#8243; img_size=\u00bbfull\u00bb alignment=\u00bbcenter\u00bb][\/vc_column][vc_column width=\u00bb1\/2&#8243;][vc_single_image image=\u00bb4404&#8243; img_size=\u00bbfull\u00bb][\/vc_column][\/vc_row]<\/p>\n","protected":false},"excerpt":{"rendered":"<p>[vc_row][vc_column][vc_column_text] SABAR\u00c1 [\/vc_column_text][\/vc_column][\/vc_row] [vc_row][vc_column width=\u00bb1\/4&#8243;][vc_single_image image=\u00bb4401&#8243; img_size=\u00bbfull\u00bb][\/vc_column][vc_column width=\u00bb3\/4&#8243;][vc_column_text] Sabar\u00e1 es particularmente rica en formas arquitect\u00f3nicas y ornamentales, lo cual marca&#8230;<\/p>\n","protected":false},"author":2,"featured_media":0,"parent":0,"menu_order":0,"comment_status":"closed","ping_status":"closed","template":"","meta":[],"_links":{"self":[{"href":"https:\/\/ouropretoturismo.com.br\/wp-json\/wp\/v2\/pages\/4396"}],"collection":[{"href":"https:\/\/ouropretoturismo.com.br\/wp-json\/wp\/v2\/pages"}],"about":[{"href":"https:\/\/ouropretoturismo.com.br\/wp-json\/wp\/v2\/types\/page"}],"author":[{"embeddable":true,"href":"https:\/\/ouropretoturismo.com.br\/wp-json\/wp\/v2\/users\/2"}],"replies":[{"embeddable":true,"href":"https:\/\/ouropretoturismo.com.br\/wp-json\/wp\/v2\/comments?post=4396"}],"version-history":[{"count":6,"href":"https:\/\/ouropretoturismo.com.br\/wp-json\/wp\/v2\/pages\/4396\/revisions"}],"predecessor-version":[{"id":4402,"href":"https:\/\/ouropretoturismo.com.br\/wp-json\/wp\/v2\/pages\/4396\/revisions\/4402"}],"wp:attachment":[{"href":"https:\/\/ouropretoturismo.com.br\/wp-json\/wp\/v2\/media?parent=4396"}],"curies":[{"name":"wp","href":"https:\/\/api.w.org\/{rel}","templated":true}]}}