{"id":4385,"date":"2021-02-26T22:10:50","date_gmt":"2021-02-26T22:10:50","guid":{"rendered":"https:\/\/ouropretoturismo.com.br\/en\/?page_id=4385"},"modified":"2021-04-08T12:28:41","modified_gmt":"2021-04-08T12:28:41","slug":"diamantina","status":"publish","type":"page","link":"https:\/\/ouropretoturismo.com.br\/diamantina\/","title":{"rendered":"Diamantina"},"content":{"rendered":"<p>[vc_row][vc_column][vc_column_text]<\/p>\n<h3 style=\"text-align: center;\">DIAMANTINA<\/h3>\n<p>[\/vc_column_text][\/vc_column][\/vc_row][vc_row][vc_column width=\u00bb1\/2&#8243;][vc_single_image image=\u00bb4749&#8243; img_size=\u00bbfull\u00bb][\/vc_column][vc_column width=\u00bb1\/2&#8243;][vc_column_text]Diamantina est\u00e1 ubicada en el norte de Minas Gerais. Es realmente un lugar encantador, muy distinto de las otras ciudades hist\u00f3ricas, quiz\u00e1s debido a su pasado adornado con diamantes.<\/p>\n<p>Hay un aire de genialidad, ya sea en la delicada y colorida construcci\u00f3n de casas, edificios p\u00fablicos e iglesias y en la insinuaci\u00f3n de una influencia de detalles ornamentales de estilo \u00e1rabe, o en la misma existencia de la ciudad, que parece desafiar su \u00e1rido, prohibido y bello entorno.[\/vc_column_text][\/vc_column][\/vc_row][vc_row][vc_column width=\u00bb1\/3&#8243;][vc_single_image image=\u00bb4393&#8243; img_size=\u00bb300&#215;200&#8243;][\/vc_column][vc_column width=\u00bb1\/3&#8243;][vc_column_text]Un lugar verdaderamente singular. Las noches Diamantinas son acentuadas por el sonido de serenatas, m\u00fasica cl\u00e1sica y barroca.[\/vc_column_text][\/vc_column][vc_column width=\u00bb1\/3&#8243;][vc_column_text]<span style=\"color: #3366ff;\"><a style=\"color: #3366ff;\" href=\"https:\/\/artsandculture.google.com\/streetview\/centro-hist%C3%B3rico-da-cidade-de-diamantina\/igFkwLkkKP-E9A?sv_lng=-43.59823024110557&amp;sv_lat=-18.24400037537023&amp;sv_h=132.03&amp;sv_p=13.969999999999999&amp;sv_pid=iyf9x_wQQccgyeAx5q5h3w&amp;sv_z=1\" target=\"_blank\" rel=\"noopener\"><b>Tour Virtuelle <\/b><\/a><\/span>[\/vc_column_text][\/vc_column][\/vc_row][vc_row][vc_column width=\u00bb1\/3&#8243;][vc_single_image image=\u00bb4750&#8243; img_size=\u00bb300&#215;200&#8243;][\/vc_column][vc_column width=\u00bb1\/3&#8243;][vc_single_image image=\u00bb4394&#8243; img_size=\u00bbfull\u00bb][\/vc_column][vc_column width=\u00bb1\/3&#8243;][vc_single_image image=\u00bb4392&#8243; img_size=\u00bbfull\u00bb][\/vc_column][\/vc_row]<\/p>\n","protected":false},"excerpt":{"rendered":"<p>[vc_row][vc_column][vc_column_text] DIAMANTINA [\/vc_column_text][\/vc_column][\/vc_row][vc_row][vc_column width=\u00bb1\/2&#8243;][vc_single_image image=\u00bb4749&#8243; img_size=\u00bbfull\u00bb][\/vc_column][vc_column width=\u00bb1\/2&#8243;][vc_column_text]Diamantina est\u00e1 ubicada en el norte de Minas Gerais. Es realmente un lugar encantador,&#8230;<\/p>\n","protected":false},"author":2,"featured_media":0,"parent":0,"menu_order":0,"comment_status":"closed","ping_status":"closed","template":"","meta":[],"_links":{"self":[{"href":"https:\/\/ouropretoturismo.com.br\/wp-json\/wp\/v2\/pages\/4385"}],"collection":[{"href":"https:\/\/ouropretoturismo.com.br\/wp-json\/wp\/v2\/pages"}],"about":[{"href":"https:\/\/ouropretoturismo.com.br\/wp-json\/wp\/v2\/types\/page"}],"author":[{"embeddable":true,"href":"https:\/\/ouropretoturismo.com.br\/wp-json\/wp\/v2\/users\/2"}],"replies":[{"embeddable":true,"href":"https:\/\/ouropretoturismo.com.br\/wp-json\/wp\/v2\/comments?post=4385"}],"version-history":[{"count":14,"href":"https:\/\/ouropretoturismo.com.br\/wp-json\/wp\/v2\/pages\/4385\/revisions"}],"predecessor-version":[{"id":4757,"href":"https:\/\/ouropretoturismo.com.br\/wp-json\/wp\/v2\/pages\/4385\/revisions\/4757"}],"wp:attachment":[{"href":"https:\/\/ouropretoturismo.com.br\/wp-json\/wp\/v2\/media?parent=4385"}],"curies":[{"name":"wp","href":"https:\/\/api.w.org\/{rel}","templated":true}]}}