{"id":4373,"date":"2021-02-26T21:56:42","date_gmt":"2021-02-26T21:56:42","guid":{"rendered":"https:\/\/ouropretoturismo.com.br\/en\/?page_id=4373"},"modified":"2021-04-30T15:12:42","modified_gmt":"2021-04-30T15:12:42","slug":"tiradentes","status":"publish","type":"page","link":"https:\/\/ouropretoturismo.com.br\/tiradentes\/","title":{"rendered":"Tiradentes"},"content":{"rendered":"<p>[vc_row][vc_column][vc_column_text]<\/p>\n<h3 style=\"text-align: center;\">TIRADENTES<\/h3>\n<p>[\/vc_column_text][\/vc_column][\/vc_row][vc_row][vc_column width=\u00bb1\/2&#8243;][vc_single_image image=\u00bb4668&#8243; img_size=\u00bbfull\u00bb][\/vc_column][vc_column width=\u00bb1\/2&#8243;][vc_column_text]<\/p>\n<p>La realistica reproduccion de figuras populares tan comun en el arte brasile\u00f1o fue el resultado de contribuciones viniendo desde todas las razas que componian la sociedad colonial. Y, eso es lo que distingue al barroco brasile\u00f1o del modelo europeo.<br \/>Uno delos ultimos proyectos de Aleijadinho,la iglesia de San Antonio en Tiradentes contenia un sofisticado organo delsiglo 18, que todavia se usa en la celebracion de las misas.<br \/>Encuadrado por la esplendida cadena de monta\u00f1as San Jose, esta ciudad conduce un festival de cine anualmente y un festival gastronomico de clase mundial.<\/p>\n<p>Una de las mas encantadores ciudades de Minas, Tiradentes tiene encantadoras posadas,restaurantes de alto nivel, attactivas tiendas y generalmente un ambiente de alto estilo. Un lugar para no perderlo.<br \/>Fue el primer asentamiento en la region de Rio das Montes donde el oro fue encontrado en 1702. Tiradentes, quien nacio aqui, llego a ser nuestro heroe nacional mientras participaba en la Inconfidencia Minera (1789), un movimiento republican de liberacion en Minas Geraisel cual fue reprimido por los portugueses.<\/p>\n<p><b><\/b>[\/vc_column_text][\/vc_column][\/vc_row][vc_row][vc_column width=\u00bb1\/2&#8243;][vc_column_text]<\/p>\n<p><strong>Atracciones Principales:\u00a0<br \/><\/strong>Iglesia de San Antonio (1710) Museo de Padre Toledo<br \/>Fuente de San Jose de las Botas (1749)<br \/><a href=\"https:\/\/museudesantana.org.br\" target=\"_blank\" rel=\"noopener\">Museu de Santana\u2013 museudesantana.org.br<\/a> <br \/><a href=\"https:\/\/museudaliturgia.com.br\" target=\"_blank\" rel=\"noopener\">Museu da Liturgia \u2013 museudaliturgia.com.br<\/a> \u00a0<\/p>\n<p><a href=\"http:\/\/visitas.minasgerais.com.br\/tiradentes\/index.htm\" target=\"_blank\" rel=\"noopener\"><b><span style=\"color: #3366ff;\">Virtual Tour<\/span><\/b><\/a><\/p>\n<p>[\/vc_column_text][\/vc_column][vc_column width=\u00bb1\/2&#8243;][vc_single_image image=\u00bb4588&#8243; img_size=\u00bbmedium\u00bb][\/vc_column][\/vc_row][vc_row][vc_column width=\u00bb1\/3&#8243;][vc_single_image image=\u00bb4604&#8243; img_size=\u00bb360\u00d7242.3&#8243;][\/vc_column][vc_column width=\u00bb1\/3&#8243;][vc_single_image image=\u00bb4607&#8243; img_size=\u00bb360\u00d7242&#8243;][\/vc_column][vc_column width=\u00bb1\/3&#8243;][vc_single_image image=\u00bb4382&#8243; img_size=\u00bb360\u00d7242&#8243;][\/vc_column][\/vc_row][vc_row][vc_column][vc_column_text]<\/p>\n<blockquote>\n<p><span style=\"color: #3366ff;\"><strong><b><span lang=\"ES-TRAD\">Destiler\u00eda de cacha\u00e7a (aguardiente de ca\u00f1a de az\u00facar) con degustaci\u00f3n<\/span><\/b><\/strong><\/span><\/p>\n<\/blockquote>\n<p><b><\/b>Visita guiada &#8211; Todos los d\u00edas a las 10:10 am &#8211; Excepto mi\u00e9rcoles.<br \/>\u00bfQu\u00e9 tal conocer el proceso de producci\u00f3n de una buena <em>cacha\u00e7a<\/em> artesanal? MAZUMA MINEIRA es el lugar ideal para aprender sobre este aguardiente, una bebida cada vez m\u00e1s popular. Desde el ca\u00f1averal hasta el almacenamiento, nuestro equipo explica c\u00f3mo es producida la buena <em>cacha\u00e7a<\/em> artesanal.<br \/>Todo esto con una hermosa vista de la <em>Serra de S\u00e3o Jos\u00e9<\/em>, no solamente una visita tur\u00edstica, como tambi\u00e9n una clase din\u00e1mica para todo tipo de curiosos.<\/p>\n<p>[\/vc_column_text][\/vc_column][\/vc_row][vc_row][vc_column width=\u00bb1\/3&#8243;][vc_single_image image=\u00bb4765&#8243; img_size=\u00bb300&#215;200&#8243;][\/vc_column][vc_column width=\u00bb1\/3&#8243;][vc_single_image image=\u00bb4766&#8243; img_size=\u00bb300&#215;200&#8243;][\/vc_column][vc_column width=\u00bb1\/3&#8243;][vc_single_image image=\u00bb4767&#8243; img_size=\u00bb300&#215;200&#8243;][\/vc_column][\/vc_row]<\/p>\n","protected":false},"excerpt":{"rendered":"<p>[vc_row][vc_column][vc_column_text] TIRADENTES [\/vc_column_text][\/vc_column][\/vc_row][vc_row][vc_column width=\u00bb1\/2&#8243;][vc_single_image image=\u00bb4668&#8243; img_size=\u00bbfull\u00bb][\/vc_column][vc_column width=\u00bb1\/2&#8243;][vc_column_text] La realistica reproduccion de figuras populares tan comun en el arte brasile\u00f1o fue&#8230;<\/p>\n","protected":false},"author":2,"featured_media":0,"parent":0,"menu_order":0,"comment_status":"closed","ping_status":"closed","template":"","meta":[],"_links":{"self":[{"href":"https:\/\/ouropretoturismo.com.br\/wp-json\/wp\/v2\/pages\/4373"}],"collection":[{"href":"https:\/\/ouropretoturismo.com.br\/wp-json\/wp\/v2\/pages"}],"about":[{"href":"https:\/\/ouropretoturismo.com.br\/wp-json\/wp\/v2\/types\/page"}],"author":[{"embeddable":true,"href":"https:\/\/ouropretoturismo.com.br\/wp-json\/wp\/v2\/users\/2"}],"replies":[{"embeddable":true,"href":"https:\/\/ouropretoturismo.com.br\/wp-json\/wp\/v2\/comments?post=4373"}],"version-history":[{"count":52,"href":"https:\/\/ouropretoturismo.com.br\/wp-json\/wp\/v2\/pages\/4373\/revisions"}],"predecessor-version":[{"id":4783,"href":"https:\/\/ouropretoturismo.com.br\/wp-json\/wp\/v2\/pages\/4373\/revisions\/4783"}],"wp:attachment":[{"href":"https:\/\/ouropretoturismo.com.br\/wp-json\/wp\/v2\/media?parent=4373"}],"curies":[{"name":"wp","href":"https:\/\/api.w.org\/{rel}","templated":true}]}}