{"id":4271,"date":"2021-02-18T01:39:43","date_gmt":"2021-02-18T01:39:43","guid":{"rendered":"https:\/\/ouropretoturismo.com.br\/en\/?page_id=4271"},"modified":"2021-04-09T14:01:50","modified_gmt":"2021-04-09T14:01:50","slug":"mariana","status":"publish","type":"page","link":"https:\/\/ouropretoturismo.com.br\/mariana\/","title":{"rendered":"Mariana"},"content":{"rendered":"<p>[vc_row][vc_column][vc_column_text]<\/p>\n<h3 style=\"text-align: center;\">MARIANA<\/h3>\n<p>[\/vc_column_text][\/vc_column][\/vc_row][vc_row][vc_column width=\u00bb1\/2&#8243;][vc_single_image image=\u00bb4228&#8243; img_size=\u00bbfull\u00bb][\/vc_column][vc_column width=\u00bb1\/2&#8243;][vc_column_text]<\/p>\n<div class=\"wp-block-column\">La ciudad encantada, fundada en 1696, fue por un corto periodo la primera capital del estado de Minas Gerais. Fue llamada originalmente Ciudad Real de Nuestra Se\u00f1ora del Carmen; en 1745, recibi\u00f3 su nombre actual en honor a la Reina Mar\u00eda Ana de Austria, esposa del Rey Juan V de Portugal. Sede del primer obispado de Minas Gerais, Mariana mantiene su ambiente colonial del siglo 18, como se puede ver en su arquitectura, calles, monumentos y relajado ritmo de vida.<br \/>Amantes de la m\u00fasica, no pueden perder los conciertos realizados en la Catedral Nuestra Se\u00f1ora de la Asunci\u00f3n, donde est\u00e1 el \u00f3rgano Arp Schnitger, fabricado en 1701. Los conciertos son los viernes a las 11 a.m. y domingos a las 12:15 p.m.<\/div>\n<div>En Minas, la construcci\u00f3n de iglesias barrocas marc\u00f3 el comienzo de m\u00e1s de un siglo de arquitectura religiosa, durante el cual los templos fueron construidos siguiendo la tradici\u00f3n europea, junto al esp\u00edritu regional. El resultado fueron templos con exteriores simples pero rica decoraci\u00f3n interior.<\/div>\n<p>[\/vc_column_text][\/vc_column][\/vc_row][vc_row][vc_column width=\u00bb1\/2&#8243;][vc_single_image image=\u00bb4742&#8243; img_size=\u00bbfull\u00bb][\/vc_column][vc_column width=\u00bb1\/2&#8243;][vc_column_text]<\/p>\n<p><strong>Atracciones Principales<\/strong><br \/>\u2013 El Museo Arquidiocesano.<br \/>\u2013 Iglesias: El Carmen, San Francisco de As\u00eds y la Catedral.<\/p>\n<p>[\/vc_column_text][vc_single_image image=\u00bb4284&#8243; img_size=\u00bbfull\u00bb][\/vc_column][\/vc_row][vc_row][vc_column width=\u00bb1\/4&#8243;][\/vc_column][vc_column width=\u00bb3\/4&#8243;][\/vc_column][\/vc_row]<\/p>\n","protected":false},"excerpt":{"rendered":"<p>[vc_row][vc_column][vc_column_text] MARIANA [\/vc_column_text][\/vc_column][\/vc_row][vc_row][vc_column width=\u00bb1\/2&#8243;][vc_single_image image=\u00bb4228&#8243; img_size=\u00bbfull\u00bb][\/vc_column][vc_column width=\u00bb1\/2&#8243;][vc_column_text] La ciudad encantada, fundada en 1696, fue por un corto periodo la primera&#8230;<\/p>\n","protected":false},"author":2,"featured_media":0,"parent":0,"menu_order":0,"comment_status":"closed","ping_status":"closed","template":"","meta":[],"_links":{"self":[{"href":"https:\/\/ouropretoturismo.com.br\/wp-json\/wp\/v2\/pages\/4271"}],"collection":[{"href":"https:\/\/ouropretoturismo.com.br\/wp-json\/wp\/v2\/pages"}],"about":[{"href":"https:\/\/ouropretoturismo.com.br\/wp-json\/wp\/v2\/types\/page"}],"author":[{"embeddable":true,"href":"https:\/\/ouropretoturismo.com.br\/wp-json\/wp\/v2\/users\/2"}],"replies":[{"embeddable":true,"href":"https:\/\/ouropretoturismo.com.br\/wp-json\/wp\/v2\/comments?post=4271"}],"version-history":[{"count":23,"href":"https:\/\/ouropretoturismo.com.br\/wp-json\/wp\/v2\/pages\/4271\/revisions"}],"predecessor-version":[{"id":4763,"href":"https:\/\/ouropretoturismo.com.br\/wp-json\/wp\/v2\/pages\/4271\/revisions\/4763"}],"wp:attachment":[{"href":"https:\/\/ouropretoturismo.com.br\/wp-json\/wp\/v2\/media?parent=4271"}],"curies":[{"name":"wp","href":"https:\/\/api.w.org\/{rel}","templated":true}]}}