{"id":3762,"date":"2020-12-14T19:58:13","date_gmt":"2020-12-14T19:58:13","guid":{"rendered":"http:\/\/ouropretoturismo.com.br\/?page_id=3762"},"modified":"2021-04-27T20:13:27","modified_gmt":"2021-04-27T20:13:27","slug":"ouropreto","status":"publish","type":"page","link":"https:\/\/ouropretoturismo.com.br\/ouropreto\/","title":{"rendered":"Ouro Preto"},"content":{"rendered":"<p>[vc_row][vc_column][vc_column_text]<\/p>\n<h3 style=\"text-align: center;\"><b>OURO PRETO<\/b><\/h3>\n<p>[\/vc_column_text][\/vc_column][\/vc_row][vc_row][vc_column width=\u00bb1\/2&#8243;][vc_single_image image=\u00bb4707&#8243; img_size=\u00bbfull\u00bb][\/vc_column][vc_column width=\u00bb1\/2&#8243;][vc_column_text]<\/p>\n<p>Una visita a Ouro Preto es un viaje al pasado y a su historia llena de recuerdos. La ciudad tiene 13 grandes iglesias y numerosos monumentos y edificios p\u00fablicos. Las Iglesias m\u00e1s espectaculares son: San Francisco de As\u00eds, Nuestra Se\u00f1ora del Carmen, Nuestra Se\u00f1ora del Rosario, Nuestra Se\u00f1ora del Pilar y Nuestra Se\u00f1ora de la Concepci\u00f3n de Antonio Dias. Aqu\u00ed, los detalles complejos de la construcci\u00f3n y obras de arte reflejan claramente la originalidad y autonom\u00eda de los artesanos y artistas que crearon este monumento barroco brasile\u00f1o.<br \/>La pintura de Manuel da Costa Athaide y las esculturas de Antonio Francisco Lisboa, Aleijadinho, son ejemplos vivientes de este periodo de enorme inspiraci\u00f3n creativa.<\/p>\n<p>[\/vc_column_text][\/vc_column][\/vc_row][vc_row][vc_column width=\u00bb1\/3&#8243;][vc_column_text]<\/p>\n<p>Otros lugares importantes son: La Casa dos Contos, antigua Casa de Fundici\u00f3n; el Museo de la Inconfidencia, que documenta uno de los primeros movimientos de independencia de Brasil; el Museo de Mineralog\u00eda y el Museo del Oratorio, con su magn\u00edfica colecci\u00f3n de arte sacro, especialmente oratorios. <\/p>\n<p>[\/vc_column_text][\/vc_column][vc_column width=\u00bb1\/3&#8243;][vc_single_image image=\u00bb4626&#8243; img_size=\u00bbfull\u00bb][\/vc_column][vc_column width=\u00bb1\/3&#8243;][vc_single_image image=\u00bb4579&#8243; img_size=\u00bbfull\u00bb][\/vc_column][\/vc_row][vc_row][vc_column][\/vc_column][\/vc_row][vc_row][vc_column][vc_column_text]<\/p>\n<p>Una gran s\u00edntesis de historia y arte, eventos culturales, populares y religiosos son tambi\u00e9n otra raz\u00f3n para visitar Ouro Preto. La feria de artesan\u00eda en la plaza frente a la iglesia de San Francisco de As\u00eds; el Festival de Invierno; la procesi\u00f3n del Domingo de Pascua y el Festival de Nuestra Se\u00f1ora del Rosario est\u00e1n entre estas atracciones especiales. Finalmente, la mayor\u00eda de los restaurants locales sirven excelente comida basada en la cocina regional tradicional, la cual refleja su origen brasile\u00f1o, europeo y africano.<\/p>\n<p>[\/vc_column_text][\/vc_column][\/vc_row][vc_row][vc_column][vc_column_text][\/vc_column_text][\/vc_column][\/vc_row][vc_row][vc_column width=\u00bb1\/3&#8243;][vc_column_text]<\/p>\n<p><strong>Atracciones Principales<\/strong><\/p>\n<p>Iglesia de San Francisco de As\u00eds<br \/>Iglesia de Nuestra Se\u00f1ora del Pilar<br \/><a href=\"https:\/\/museudooratorio.org.br\/conheca\/apresentacao\" target=\"_blank\" rel=\"noopener\">Museo del Oratorio<\/a><br \/>Museo de Mineralog\u00eda<br \/>Casa de la \u00d3pera<\/p>\n<p>&nbsp;<\/p>\n<p>[\/vc_column_text][\/vc_column][vc_column width=\u00bb1\/3&#8243;][vc_column_text]<\/p>\n<p><b>Tour Virtual<\/b><\/p>\n<p><span style=\"color: #3366ff;\"><b>&#8211;<\/b><a style=\"color: #3366ff;\" href=\"http:\/\/www.eravirtual.org\/op_eng\/\"> <b>Ouro Preto<\/b><\/a><\/span><\/p>\n<p><span style=\"color: #3366ff;\"><b>&#8211;\u00a0<\/b><a style=\"color: #3366ff;\" href=\"http:\/\/visitas.minasgerais.com.br\/ouropreto\/index57.htm\"><b>Iglesia de Nuestra Se\u00f1ora del Pilar<\/b><\/a><\/span><\/p>\n<p><span style=\"color: #3366ff;\"><b>&#8211;<\/b>\u00a0<\/span><a href=\"http:\/\/visitas.minasgerais.com.br\/ouropreto\/index91.htm\"><b><span style=\"color: #3366ff;\">Iglesia de San Francisco de As\u00eds<\/span><\/b><\/a><\/p>\n<p>[\/vc_column_text][\/vc_column][vc_column width=\u00bb1\/3&#8243;][vc_single_image image=\u00bb4212&#8243; img_size=\u00bbfull\u00bb][\/vc_column][\/vc_row][vc_row][vc_column width=\u00bb1\/4&#8243;][\/vc_column][vc_column width=\u00bb1\/4&#8243;][\/vc_column][vc_column width=\u00bb1\/4&#8243;][\/vc_column][vc_column width=\u00bb1\/4&#8243;][\/vc_column][\/vc_row][vc_row][vc_column][vc_column_text]<\/p>\n<blockquote>\n<p><span style=\"color: #3366ff;\"><b>Mina de Oro<br \/><\/b><\/span><\/p>\n<\/blockquote>\n<p>[\/vc_column_text][\/vc_column][\/vc_row][vc_row][vc_column width=\u00bb2\/3&#8243;][vc_column_text]<\/p>\n<p>La Mina de Oro del Pal\u00e1cio Velho (Palacio Viejo) es parte de uno de los m\u00e1s antiguos y productivos complejos de la industria del oro en el siglo XVIII, en Minas Gerais.<\/p>\n<p>Est\u00e1n ubicadas bajo las ruinas del antiguo palacio de los gobernadores. La estructura utilizada en el pasado por esta industria, a\u00fan se encuentra intacta, son t\u00faneles, galer\u00edas, salones, lavaderos, molinos, apuntalamientos, excavaciones en techos y paredes y, a trav\u00e9s de estos registros podemos conocer las t\u00e9cnicas que trajeron los esclavos africanos y que permitieron la mayor producci\u00f3n de oro en Brasil y, con ello, hacer de Portugal la econom\u00eda europea m\u00e1s important.<\/p>\n<p>[\/vc_column_text][\/vc_column][vc_column width=\u00bb1\/3&#8243;][vc_single_image image=\u00bb4719&#8243; img_size=\u00bbfull\u00bb][\/vc_column][\/vc_row][vc_row][vc_column][vc_column_text]<\/p>\n<blockquote>\n<p><span style=\"color: #3366ff;\"><b>Viaje en tren desde Ouro Preto hasta Mariana<\/b><\/span><\/p>\n<\/blockquote>\n<p>[\/vc_column_text][\/vc_column][\/vc_row][vc_row][vc_column width=\u00bb1\/3&#8243;][vc_column_text]<\/p>\n<p>El viaje en tren desde Ouro Preto hasta Mariana cuenta con una locomotora Diesel y cinco carros de pasajeros, el tren tiene una capacidad de 360 pasajeros por viaje. Entre los carros de pasajeros, que mantienen el mismo dise\u00f1o del tren original, con el interior de madera, se destaca el carro panor\u00e1mico, especialmente, debido a que es todo transparente, lo cual permite una vista completa del paisaje. El viaje dura una hora, todos los viernes, s\u00e1bados, domingos y feriados.<\/p>\n<p>[\/vc_column_text][\/vc_column][vc_column width=\u00bb1\/3&#8243;][vc_single_image image=\u00bb4206&#8243; img_size=\u00bbfull\u00bb][\/vc_column][vc_column width=\u00bb1\/3&#8243;][vc_single_image image=\u00bb4207&#8243; img_size=\u00bbfull\u00bb][\/vc_column][\/vc_row]<\/p>\n","protected":false},"excerpt":{"rendered":"<p>[vc_row][vc_column][vc_column_text] OURO PRETO [\/vc_column_text][\/vc_column][\/vc_row][vc_row][vc_column width=\u00bb1\/2&#8243;][vc_single_image image=\u00bb4707&#8243; img_size=\u00bbfull\u00bb][\/vc_column][vc_column width=\u00bb1\/2&#8243;][vc_column_text] Una visita a Ouro Preto es un viaje al pasado y a&#8230;<\/p>\n","protected":false},"author":2,"featured_media":4503,"parent":0,"menu_order":0,"comment_status":"closed","ping_status":"closed","template":"","meta":[],"_links":{"self":[{"href":"https:\/\/ouropretoturismo.com.br\/wp-json\/wp\/v2\/pages\/3762"}],"collection":[{"href":"https:\/\/ouropretoturismo.com.br\/wp-json\/wp\/v2\/pages"}],"about":[{"href":"https:\/\/ouropretoturismo.com.br\/wp-json\/wp\/v2\/types\/page"}],"author":[{"embeddable":true,"href":"https:\/\/ouropretoturismo.com.br\/wp-json\/wp\/v2\/users\/2"}],"replies":[{"embeddable":true,"href":"https:\/\/ouropretoturismo.com.br\/wp-json\/wp\/v2\/comments?post=3762"}],"version-history":[{"count":118,"href":"https:\/\/ouropretoturismo.com.br\/wp-json\/wp\/v2\/pages\/3762\/revisions"}],"predecessor-version":[{"id":4782,"href":"https:\/\/ouropretoturismo.com.br\/wp-json\/wp\/v2\/pages\/3762\/revisions\/4782"}],"wp:featuredmedia":[{"embeddable":true,"href":"https:\/\/ouropretoturismo.com.br\/wp-json\/wp\/v2\/media\/4503"}],"wp:attachment":[{"href":"https:\/\/ouropretoturismo.com.br\/wp-json\/wp\/v2\/media?parent=3762"}],"curies":[{"name":"wp","href":"https:\/\/api.w.org\/{rel}","templated":true}]}}