{"id":4373,"date":"2021-02-26T21:56:42","date_gmt":"2021-02-26T21:56:42","guid":{"rendered":"https:\/\/ouropretoturismo.com.br\/en\/?page_id=4373"},"modified":"2021-04-30T15:12:42","modified_gmt":"2021-04-30T15:12:42","slug":"tiradentes","status":"publish","type":"page","link":"https:\/\/ouropretoturismo.com.br\/tiradentes\/","title":{"rendered":"Tiradentes"},"content":{"rendered":"<p>[vc_row][vc_column][vc_column_text]<\/p>\n<h3 style=\"text-align: center;\">TIRADENTES<\/h3>\n<p>[\/vc_column_text][\/vc_column][\/vc_row][vc_row][vc_column width=&#8221;1\/2&#8243;][vc_single_image image=&#8221;4668&#8243; img_size=&#8221;full&#8221;][\/vc_column][vc_column width=&#8221;1\/2&#8243;][vc_column_text]The realistic reproduction of popular figures so common in Brazilian art was the result of contributions coming from all the races composing the colonial society. And that is what distinguished Brazilian baroque from the European model.<br \/>\nOne of Aleijadinho\u2019s last projects, the Saint Anthony Church at Tiradentes housed a sophisticated eighteenth-century organ, still used in the celebration of masses. Framed by the splendid S\u00e3o Jos\u00e9 mountain range, this town conducts an annual film festival and a world- class gastronomic festival.[\/vc_column_text][vc_column_text]It was the first settlement in the Rio das Mortes region when gold was found in 1702. Tiradentes, who was born here,became our national hero while participating in the Inconfid\u00eancia Mineira (1789), a republican liberation movement in Minas Gerais that was repressed by the Portuguese.<\/p>\n<p>One of the most charming towns in Minas, Tiradentes has lovely inns, highly-rated restaurants, tempting shops and a generally up-scale ambience. A place not to be missed.<b><\/b>[\/vc_column_text][\/vc_column][\/vc_row][vc_row][vc_column width=&#8221;1\/2&#8243;][vc_column_text]<strong>Main Attractions:<br \/>\n<\/strong>Church of Santo Antonio (1710)<br \/>\nMuseum of Padre Toledo<br \/>\nFountain of S\u00e3o Jos\u00e9 das Botas (1749)<br \/>\n<a href=\"https:\/\/museudesantana.org.br\" target=\"_blank\" rel=\"noopener\">Museu de Santana \u2013 museudesantana.org.br<\/a><br \/>\n<a href=\"https:\/\/museudaliturgia.com.br\" target=\"_blank\" rel=\"noopener\">Museu da Liturgia \u2013 museudaliturgia.com.br<\/a><\/p>\n<p>&nbsp;<\/p>\n<p><a href=\"http:\/\/visitas.minasgerais.com.br\/tiradentes\/index.htm\" target=\"_blank\" rel=\"noopener\"><b><span style=\"color: #0000ff;\">Virtual Tour<\/span><\/b><\/a>[\/vc_column_text][\/vc_column][vc_column width=&#8221;1\/2&#8243;][vc_single_image image=&#8221;4588&#8243; img_size=&#8221;medium&#8221;][\/vc_column][\/vc_row][vc_row][vc_column width=&#8221;1\/3&#8243;][vc_single_image image=&#8221;4604&#8243; img_size=&#8221;360\u00d7242.3&#8243;][\/vc_column][vc_column width=&#8221;1\/3&#8243;][vc_single_image image=&#8221;4607&#8243; img_size=&#8221;360\u00d7242&#8243;][\/vc_column][vc_column width=&#8221;1\/3&#8243;][vc_single_image image=&#8221;4382&#8243; img_size=&#8221;360\u00d7242&#8243;][\/vc_column][\/vc_row][vc_row][vc_column][vc_column_text]<\/p>\n<blockquote><p><strong><span style=\"color: #3366ff;\">Cacha\u00e7a Distillery &amp; Cacha\u00e7a Tasting<\/span> <\/strong><\/p><\/blockquote>\n<p>Guided tour<strong> \u2013 <\/strong>Daily at 10:10am \u2013 Except on Wednesdays<br \/>\nHow about experience the manufacturing of a craft made cacha\u00e7a? The MAZUMA MINEIRA is the ideal place to learn more about the subject which is increasingly being valued. From the cane field to the cellar our team explains how a good artisanal cacha\u00e7a is produced. All this surrounded by a beautiful S\u00e3o Jos\u00e9 Sierra&#8217;s sight. Not only a tour but also a dynamic class for all profiles.[\/vc_column_text][\/vc_column][\/vc_row][vc_row][vc_column width=&#8221;1\/3&#8243;][vc_single_image image=&#8221;4765&#8243; img_size=&#8221;300&#215;200&#8243;][\/vc_column][vc_column width=&#8221;1\/3&#8243;][vc_single_image image=&#8221;4766&#8243; img_size=&#8221;300&#215;200&#8243;][\/vc_column][vc_column width=&#8221;1\/3&#8243;][vc_single_image image=&#8221;4767&#8243; img_size=&#8221;300&#215;200&#8243;][\/vc_column][\/vc_row]<\/p>\n","protected":false},"excerpt":{"rendered":"<p>[vc_row][vc_column][vc_column_text] TIRADENTES [\/vc_column_text][\/vc_column][\/vc_row][vc_row][vc_column width=&#8221;1\/2&#8243;][vc_single_image image=&#8221;4668&#8243; img_size=&#8221;full&#8221;][\/vc_column][vc_column width=&#8221;1\/2&#8243;][vc_column_text]The realistic reproduction of popular figures so common in Brazilian art was the result&#8230;<\/p>\n","protected":false},"author":2,"featured_media":0,"parent":0,"menu_order":0,"comment_status":"closed","ping_status":"closed","template":"","meta":[],"_links":{"self":[{"href":"https:\/\/ouropretoturismo.com.br\/wp-json\/wp\/v2\/pages\/4373"}],"collection":[{"href":"https:\/\/ouropretoturismo.com.br\/wp-json\/wp\/v2\/pages"}],"about":[{"href":"https:\/\/ouropretoturismo.com.br\/wp-json\/wp\/v2\/types\/page"}],"author":[{"embeddable":true,"href":"https:\/\/ouropretoturismo.com.br\/wp-json\/wp\/v2\/users\/2"}],"replies":[{"embeddable":true,"href":"https:\/\/ouropretoturismo.com.br\/wp-json\/wp\/v2\/comments?post=4373"}],"version-history":[{"count":52,"href":"https:\/\/ouropretoturismo.com.br\/wp-json\/wp\/v2\/pages\/4373\/revisions"}],"predecessor-version":[{"id":4783,"href":"https:\/\/ouropretoturismo.com.br\/wp-json\/wp\/v2\/pages\/4373\/revisions\/4783"}],"wp:attachment":[{"href":"https:\/\/ouropretoturismo.com.br\/wp-json\/wp\/v2\/media?parent=4373"}],"curies":[{"name":"wp","href":"https:\/\/api.w.org\/{rel}","templated":true}]}}