{"id":4350,"date":"2021-02-26T21:32:54","date_gmt":"2021-02-26T21:32:54","guid":{"rendered":"https:\/\/ouropretoturismo.com.br\/en\/?page_id=4350"},"modified":"2021-04-30T15:14:12","modified_gmt":"2021-04-30T15:14:12","slug":"sao-joao-del-rey","status":"publish","type":"page","link":"https:\/\/ouropretoturismo.com.br\/sao-joao-del-rey\/","title":{"rendered":"S\u00e3o Jo\u00e3o del Rei"},"content":{"rendered":"<p>[vc_row][vc_column][vc_column_text]<\/p>\n<h3 style=\"text-align: center;\">S\u00c3O JO\u00c3O DEL REI<\/h3>\n<p>[\/vc_column_text][\/vc_column][\/vc_row][vc_row][vc_column width=&#8221;1\/2&#8243;][vc_single_image image=&#8221;4675&#8243; img_size=&#8221;full&#8221;][\/vc_column][vc_column width=&#8221;1\/2&#8243;][vc_column_text]A visit to S\u00e3o Jo\u00e3o del Rei is a must. Here the religious traditions of colonial times live on in the churches, processions and habits of the faithful.<\/p>\n<p>The very air of its winding streets is thick with religious fervor as the church bells toll out their sundry announcements. Also to be admired are the decorative objects made in pewter \u2013 a recently revived local tradition.[\/vc_column_text][vc_column_text]<strong>\u00a0\u00a0\u00a0 Mains <\/strong><strong>attractions:<\/strong><\/p>\n<p>\u2013 Railway Museum<br \/>\n\u2013 Church of Saint Francis of Assisi<br \/>\n\u2013 Church of Our Lady of Pilar<\/p>\n<p><a href=\"http:\/\/visitas.minasgerais.com.br\/sjdr\/index74.htm\" target=\"_blank\" rel=\"noopener\"><span style=\"font-family: Century Gothic;\"><b><span style=\"color: #0000ff;\">Virtual Tour<\/span><\/b><\/span><\/a>[\/vc_column_text][\/vc_column][\/vc_row][vc_row][vc_column][vc_column_text]<\/p>\n<blockquote><p><span style=\"color: #3366ff;\"><strong>Train ride from S\u00e3o Jo\u00e3o del Rei \/ Tiradentes<\/strong><\/span><\/p><\/blockquote>\n<p>A ride from S\u00e3o Jo\u00e3o del Rei to Tiradentes on the narrow-gauge train, affectionately known as Maria Fuma\u00e7a (Puffy Mary) pulled by a nineteenth-century steam locomotive rolls you back into a long-lost past and lets you in on some of the mysteries of Minas Gerais.[\/vc_column_text][\/vc_column][\/vc_row][vc_row][vc_column width=&#8221;1\/3&#8243;][vc_column_text]The trip lasts thirty minutes and runs on Fridays, Saturdays and Sundays.<br \/>\nDepartures from S\u00e3o Jo\u00e3o del Rei are at 10:00 am and 2:30 pm, from Tiradentes at 1:00 pm and 5:00 pm.[\/vc_column_text][\/vc_column][vc_column width=&#8221;1\/3&#8243;][vc_single_image image=&#8221;4359&#8243; img_size=&#8221;full&#8221;][\/vc_column][vc_column width=&#8221;1\/3&#8243;][vc_single_image image=&#8221;4371&#8243; img_size=&#8221;full&#8221;][\/vc_column][\/vc_row][vc_row][vc_column width=&#8221;2\/3&#8243;][vc_single_image image=&#8221;4367&#8243; img_size=&#8221;full&#8221;][\/vc_column][vc_column width=&#8221;1\/3&#8243;][vc_single_image image=&#8221;4596&#8243; img_size=&#8221;full&#8221;][\/vc_column][\/vc_row]<\/p>\n","protected":false},"excerpt":{"rendered":"<p>[vc_row][vc_column][vc_column_text] S\u00c3O JO\u00c3O DEL REI [\/vc_column_text][\/vc_column][\/vc_row][vc_row][vc_column width=&#8221;1\/2&#8243;][vc_single_image image=&#8221;4675&#8243; img_size=&#8221;full&#8221;][\/vc_column][vc_column width=&#8221;1\/2&#8243;][vc_column_text]A visit to S\u00e3o Jo\u00e3o del Rei is a must. Here&#8230;<\/p>\n","protected":false},"author":2,"featured_media":0,"parent":0,"menu_order":0,"comment_status":"closed","ping_status":"closed","template":"","meta":[],"_links":{"self":[{"href":"https:\/\/ouropretoturismo.com.br\/wp-json\/wp\/v2\/pages\/4350"}],"collection":[{"href":"https:\/\/ouropretoturismo.com.br\/wp-json\/wp\/v2\/pages"}],"about":[{"href":"https:\/\/ouropretoturismo.com.br\/wp-json\/wp\/v2\/types\/page"}],"author":[{"embeddable":true,"href":"https:\/\/ouropretoturismo.com.br\/wp-json\/wp\/v2\/users\/2"}],"replies":[{"embeddable":true,"href":"https:\/\/ouropretoturismo.com.br\/wp-json\/wp\/v2\/comments?post=4350"}],"version-history":[{"count":45,"href":"https:\/\/ouropretoturismo.com.br\/wp-json\/wp\/v2\/pages\/4350\/revisions"}],"predecessor-version":[{"id":4784,"href":"https:\/\/ouropretoturismo.com.br\/wp-json\/wp\/v2\/pages\/4350\/revisions\/4784"}],"wp:attachment":[{"href":"https:\/\/ouropretoturismo.com.br\/wp-json\/wp\/v2\/media?parent=4350"}],"curies":[{"name":"wp","href":"https:\/\/api.w.org\/{rel}","templated":true}]}}