{"id":4419,"date":"2021-02-26T22:28:23","date_gmt":"2021-02-26T22:28:23","guid":{"rendered":"https:\/\/ouropretoturismo.com.br\/en\/?page_id=4419"},"modified":"2021-04-07T22:23:44","modified_gmt":"2021-04-07T22:23:44","slug":"belo-horizonte","status":"publish","type":"page","link":"https:\/\/ouropretoturismo.com.br\/belo-horizonte\/","title":{"rendered":"Belo Horizonte"},"content":{"rendered":"<p>[vc_row][vc_column][vc_column_text]<\/p>\n<h3 style=\"text-align: center;\">BELO HORIZONTE<\/h3>\n<p>[\/vc_column_text][\/vc_column][\/vc_row][vc_row][vc_column width=&#8220;1\/2&#8243;][vc_single_image image=&#8220;4734&#8243; img_size=&#8220;full&#8220;][\/vc_column][vc_column width=&#8220;1\/2&#8243;][vc_column_text]<\/p>\n<p>Das Wahrzeichen der Stadt ist der Bezirk Pampulha, an einem k\u00fcnstlich angelegtem See gelegen, wo der weltber\u00fchmte Architekt Oscar Niemeyer seine fr\u00fchen Bauwerke geschaffen hat.<\/p>\n<p>Weiters haben der Gartenarchitekt Roberto Burle Marx und der bedeutendste Maler Brasiliens des 20. Jahrhunderts, C\u00e2ndido Portinari dieses Projekt mitgestaltet<\/p>\n<p>Dieser Stadtteil wird als fr\u00fches Beispiel zeitgen\u00f6ssischer Architektur angesehen, die mit Brasilia ihren H\u00f6hepunkt erreichte.<\/p>\n<p>Dieses Projekt umfasst vier Geb\u00e4ude, die Franz-von-Assisi-Kirche, das Ballhaus, der Jachtklub und das Kunstmuseum, das urspr\u00fcnglich als Spielcasino er\u00f6ffnet wurde.<\/p>\n<p>[\/vc_column_text][\/vc_column][\/vc_row][vc_row][vc_column width=&#8220;1\/2&#8243;][vc_single_image image=&#8220;4736&#8243; img_size=&#8220;full&#8220;][\/vc_column][vc_column width=&#8220;1\/2&#8243;][vc_column_text]<\/p>\n<p>Die Stadt erfreut sich eines ausgedehnten Kulturprogramms, das vor allem den Kunstpalast (Pal\u00e1cio das Artes) mit Opern-, Theater- und Konzertauff\u00fchrungen belohnt. Das Nachtleben konzentriert sich in den Bars, Nachtklubs und Restaurants des Stadtteils Savassi.<\/p>\n<p><strong>Virtual Tour<br \/>\u2013 <\/strong><a href=\"http:\/\/visitas.minasgerais.com.br\/bh\/index.htm\" target=\"_blank\" rel=\"noopener\">Belo Horizonte <\/a><br \/>\u2013 <a href=\"http:\/\/visitas.minasgerais.com.br\/bhpampulha\/index01.htm\" target=\"_blank\" rel=\"noopener\">Pampulha \u2013 01<\/a><br \/>\u2013 <a href=\"http:\/\/visitas.minasgerais.com.br\/bh\/index.htm\" target=\"_blank\" rel=\"noopener\">Pampulha \u2013 02<\/a><br \/>\u2013 <a href=\"http:\/\/visitas.minasgerais.com.br\/bhliberdade\/index35.htm\" target=\"_blank\" rel=\"noopener\">Liberty Circuit \u2013 01<\/a><br \/>\u2013 <a href=\"http:\/\/visitas.minasgerais.com.br\/bhliberdade\/index.htm\" target=\"_blank\" rel=\"noopener\">Liberty Circuit \u2013 02<\/a><\/p>\n<p>[\/vc_column_text][\/vc_column][\/vc_row]<\/p>\n","protected":false},"excerpt":{"rendered":"<p>[vc_row][vc_column][vc_column_text] BELO HORIZONTE [\/vc_column_text][\/vc_column][\/vc_row][vc_row][vc_column width=&#8220;1\/2&#8243;][vc_single_image image=&#8220;4734&#8243; img_size=&#8220;full&#8220;][\/vc_column][vc_column width=&#8220;1\/2&#8243;][vc_column_text] Das Wahrzeichen der Stadt ist der Bezirk Pampulha, an einem k\u00fcnstlich angelegtem&#8230;<\/p>\n","protected":false},"author":2,"featured_media":0,"parent":0,"menu_order":0,"comment_status":"closed","ping_status":"closed","template":"","meta":[],"_links":{"self":[{"href":"https:\/\/ouropretoturismo.com.br\/wp-json\/wp\/v2\/pages\/4419"}],"collection":[{"href":"https:\/\/ouropretoturismo.com.br\/wp-json\/wp\/v2\/pages"}],"about":[{"href":"https:\/\/ouropretoturismo.com.br\/wp-json\/wp\/v2\/types\/page"}],"author":[{"embeddable":true,"href":"https:\/\/ouropretoturismo.com.br\/wp-json\/wp\/v2\/users\/2"}],"replies":[{"embeddable":true,"href":"https:\/\/ouropretoturismo.com.br\/wp-json\/wp\/v2\/comments?post=4419"}],"version-history":[{"count":21,"href":"https:\/\/ouropretoturismo.com.br\/wp-json\/wp\/v2\/pages\/4419\/revisions"}],"predecessor-version":[{"id":4739,"href":"https:\/\/ouropretoturismo.com.br\/wp-json\/wp\/v2\/pages\/4419\/revisions\/4739"}],"wp:attachment":[{"href":"https:\/\/ouropretoturismo.com.br\/wp-json\/wp\/v2\/media?parent=4419"}],"curies":[{"name":"wp","href":"https:\/\/api.w.org\/{rel}","templated":true}]}}