{"id":4407,"date":"2021-02-26T22:22:07","date_gmt":"2021-02-26T22:22:07","guid":{"rendered":"https:\/\/ouropretoturismo.com.br\/en\/?page_id=4407"},"modified":"2021-03-11T19:41:57","modified_gmt":"2021-03-11T19:41:57","slug":"inhotim","status":"publish","type":"page","link":"https:\/\/ouropretoturismo.com.br\/inhotim\/","title":{"rendered":"Inhotim"},"content":{"rendered":"<p>[vc_row][vc_column][vc_column_text]<\/p>\n<h3 style=\"text-align: center;\">INHOTIM<\/h3>\n<p>[\/vc_column_text][\/vc_column][\/vc_row]<\/p>\n<p>[vc_row][vc_column width=&#8220;1\/4&#8243;][vc_single_image image=&#8220;4414&#8243; img_size=&#8220;full&#8220;][\/vc_column][vc_column width=&#8220;3\/4&#8243;][vc_column_text]Diese weltweit einzigartige Sammlung von Werken zeitgen\u00f6ssischer K\u00fcnstlern aus allen Teilen der Welt verstreut sich gro\u00dfz\u00fcgig, teils in Galerien, teils im Freien eines Gartens von 140 ha. Hier \u00fcberschreiten wir deutlich die Grenzen jedes herk\u00f6mmlichen Museums.<br \/>INHOTIM gibt den Kunstwerken Raum sich zu entfalten und \u00fcberl\u00e4sst dem Besucher Platz f\u00fcr seine Phantasie \u2013 und beides ist nicht zu viel versprochen.<\/p>\n<p>\u00a0<a href=\"https:\/\/artsandculture.google.com\/streetview\/inhotim\/ugEcCOCZkq1_4A?sv_lng=-44.2188001394141&amp;sv_lat=-20.12396623579023&amp;sv_h=330&amp;sv_p=0&amp;sv_pid=6O6d8dFawd97EwRBp2oGWQ&amp;sv_z=1.0000000000000002\" target=\"_blank\" rel=\"noopener\"><strong>Virtuelle Tour<\/strong><\/a><\/p>\n<p><strong>\u00d6ffnungszeiten<\/strong>: <br \/>Dienstag-Freitag 9:30-16:30, Samstag und Sonntag 9:30-17:30<br \/>Montags geschlossen[\/vc_column_text][\/vc_column][\/vc_row][vc_row][vc_column width=&#8220;1\/4&#8243;][vc_single_image image=&#8220;4413&#8243; img_size=&#8220;full&#8220;][\/vc_column][vc_column width=&#8220;1\/4&#8243;][vc_single_image image=&#8220;4415&#8243; img_size=&#8220;full&#8220;][\/vc_column][vc_column width=&#8220;1\/4&#8243;][vc_single_image image=&#8220;4416&#8243; img_size=&#8220;full&#8220;][\/vc_column][vc_column width=&#8220;1\/4&#8243;][vc_single_image image=&#8220;4417&#8243; img_size=&#8220;full&#8220;][\/vc_column][\/vc_row]<\/p>\n","protected":false},"excerpt":{"rendered":"<p>[vc_row][vc_column][vc_column_text] INHOTIM [\/vc_column_text][\/vc_column][\/vc_row] [vc_row][vc_column width=&#8220;1\/4&#8243;][vc_single_image image=&#8220;4414&#8243; img_size=&#8220;full&#8220;][\/vc_column][vc_column width=&#8220;3\/4&#8243;][vc_column_text]Diese weltweit einzigartige Sammlung von Werken zeitgen\u00f6ssischer K\u00fcnstlern aus allen Teilen der Welt&#8230;<\/p>\n","protected":false},"author":2,"featured_media":0,"parent":0,"menu_order":0,"comment_status":"closed","ping_status":"closed","template":"","meta":[],"_links":{"self":[{"href":"https:\/\/ouropretoturismo.com.br\/wp-json\/wp\/v2\/pages\/4407"}],"collection":[{"href":"https:\/\/ouropretoturismo.com.br\/wp-json\/wp\/v2\/pages"}],"about":[{"href":"https:\/\/ouropretoturismo.com.br\/wp-json\/wp\/v2\/types\/page"}],"author":[{"embeddable":true,"href":"https:\/\/ouropretoturismo.com.br\/wp-json\/wp\/v2\/users\/2"}],"replies":[{"embeddable":true,"href":"https:\/\/ouropretoturismo.com.br\/wp-json\/wp\/v2\/comments?post=4407"}],"version-history":[{"count":5,"href":"https:\/\/ouropretoturismo.com.br\/wp-json\/wp\/v2\/pages\/4407\/revisions"}],"predecessor-version":[{"id":4515,"href":"https:\/\/ouropretoturismo.com.br\/wp-json\/wp\/v2\/pages\/4407\/revisions\/4515"}],"wp:attachment":[{"href":"https:\/\/ouropretoturismo.com.br\/wp-json\/wp\/v2\/media?parent=4407"}],"curies":[{"name":"wp","href":"https:\/\/api.w.org\/{rel}","templated":true}]}}