{"id":4396,"date":"2021-02-26T22:16:35","date_gmt":"2021-02-26T22:16:35","guid":{"rendered":"https:\/\/ouropretoturismo.com.br\/en\/?page_id=4396"},"modified":"2021-03-11T19:43:26","modified_gmt":"2021-03-11T19:43:26","slug":"sabara","status":"publish","type":"page","link":"https:\/\/ouropretoturismo.com.br\/sabara\/","title":{"rendered":"Sabar\u00e1"},"content":{"rendered":"<p>[vc_row][vc_column][vc_column_text]<\/p>\n<h3 style=\"text-align: center;\">SABAR\u00c1<\/h3>\n<p>[\/vc_column_text][\/vc_column][\/vc_row]<\/p>\n<p>[vc_row][vc_column width=&#8220;1\/4&#8243;][vc_single_image image=&#8220;4401&#8243; img_size=&#8220;full&#8220;][\/vc_column][vc_column width=&#8220;3\/4&#8243;][vc_column_text]Sabar\u00e1 zeigt vor allem ihre Entwicklung religi\u00f6ser Kunst in Minas Gerais anhand von ornamentalen Formen und architektonischem Reichtum. Hier wird das barocke Erbe deutlich.<br \/>Einige der hochwertigsten Schnitzereiarbeiten findet man im Stadtkern. Vieles zieht den Besucher in seinen Bann. Das Theater, die vereinzelten Brunnen, die Maria-Empf\u00e4ngnis-Hauptpfarrkirche und die Kapelle zur Lieben Frau von O mit chinesischen Malereien sind au\u00dfergew\u00f6hnliche Beispiele des barocken Einflusses w\u00e4hrend der Kolonialzeit.[\/vc_column_text][\/vc_column][\/vc_row][vc_row][vc_column width=&#8220;1\/2&#8243;][vc_single_image image=&#8220;4403&#8243; img_size=&#8220;full&#8220; alignment=&#8220;center&#8220;][\/vc_column][vc_column width=&#8220;1\/2&#8243;][vc_single_image image=&#8220;4404&#8243; img_size=&#8220;full&#8220;][\/vc_column][\/vc_row]<\/p>\n","protected":false},"excerpt":{"rendered":"<p>[vc_row][vc_column][vc_column_text] SABAR\u00c1 [\/vc_column_text][\/vc_column][\/vc_row] [vc_row][vc_column width=&#8220;1\/4&#8243;][vc_single_image image=&#8220;4401&#8243; img_size=&#8220;full&#8220;][\/vc_column][vc_column width=&#8220;3\/4&#8243;][vc_column_text]Sabar\u00e1 zeigt vor allem ihre Entwicklung religi\u00f6ser Kunst in Minas Gerais anhand von&#8230;<\/p>\n","protected":false},"author":2,"featured_media":0,"parent":0,"menu_order":0,"comment_status":"closed","ping_status":"closed","template":"","meta":[],"_links":{"self":[{"href":"https:\/\/ouropretoturismo.com.br\/wp-json\/wp\/v2\/pages\/4396"}],"collection":[{"href":"https:\/\/ouropretoturismo.com.br\/wp-json\/wp\/v2\/pages"}],"about":[{"href":"https:\/\/ouropretoturismo.com.br\/wp-json\/wp\/v2\/types\/page"}],"author":[{"embeddable":true,"href":"https:\/\/ouropretoturismo.com.br\/wp-json\/wp\/v2\/users\/2"}],"replies":[{"embeddable":true,"href":"https:\/\/ouropretoturismo.com.br\/wp-json\/wp\/v2\/comments?post=4396"}],"version-history":[{"count":6,"href":"https:\/\/ouropretoturismo.com.br\/wp-json\/wp\/v2\/pages\/4396\/revisions"}],"predecessor-version":[{"id":4402,"href":"https:\/\/ouropretoturismo.com.br\/wp-json\/wp\/v2\/pages\/4396\/revisions\/4402"}],"wp:attachment":[{"href":"https:\/\/ouropretoturismo.com.br\/wp-json\/wp\/v2\/media?parent=4396"}],"curies":[{"name":"wp","href":"https:\/\/api.w.org\/{rel}","templated":true}]}}