{"id":4373,"date":"2021-02-26T21:56:42","date_gmt":"2021-02-26T21:56:42","guid":{"rendered":"https:\/\/ouropretoturismo.com.br\/en\/?page_id=4373"},"modified":"2021-04-30T15:12:42","modified_gmt":"2021-04-30T15:12:42","slug":"tiradentes","status":"publish","type":"page","link":"https:\/\/ouropretoturismo.com.br\/tiradentes\/","title":{"rendered":"Tiradentes"},"content":{"rendered":"<p>[vc_row][vc_column][vc_column_text]<\/p>\n<h3 style=\"text-align: center;\">TIRADENTES<\/h3>\n<p>[\/vc_column_text][\/vc_column][\/vc_row][vc_row][vc_column width=&#8220;1\/2&#8243;][vc_single_image image=&#8220;4668&#8243; img_size=&#8220;full&#8220;][\/vc_column][vc_column width=&#8220;1\/2&#8243;][vc_column_text]<\/p>\n<p>Wirklichkeitsnahe Nachbildungen volkst\u00fcmlicher Figuren ist charakteristisch f\u00fcr brasilianische Kunst und ihre unterschiedlichen Gesellschaftseinfl\u00fcsse zur Kolonialzeit. Das unterschied den Barock Brasiliens von ihrem europ\u00e4ischen Vorbild. \u00dcber dem Eingangstor der Kirche zum Hl. Antonius befindet sich Aleijadinhos letzter Portalentwurf. Im Inneren untermalt eine portugiesische Orgel aus dem 18. Jahrhundert musikalisch weiterhin die Sonntagsmessen.<br \/>Die Bergkette zum Hl. Josef erhebt sich seitlich der Stadt. Einen gro\u00dfen Bekanntheitsgrad erlangte Tiradentes durch die Filmfestwochen im Januar und das Gastronomie-Festival im August, bei dem K\u00fcchenchefs mit Weltruhm Jahr f\u00fcr Jahr neue Gerichte vorstellen.<\/p>\n<p>Tiradentes ist eines der charmantesten St\u00e4dtchen in Minas Gerais mit klassischen Tavernen, hochgradigen Restaurants, verf\u00fchrerischen Gesch\u00e4ften und einem allgemeinen Flair von Noblesse. Ein Ort, den man nicht missen sollte.<br \/>Diese Ansiedlung entlang des Rio-das-Mortes-Flusses geht auf das Jahr 1702 zur\u00fcck, als erstmals Gold gefunden wurde. Hier wurde der Volksheld Tiradentes (Zahnzieher) geboren, der die Unabh\u00e4ngigkeitsbewegung von 1789 (Inconfid\u00eancia Mineira) anf\u00fchrte, die jedoch von der Portugiesischen Krone niedergeschlagen wurde.<\/p>\n<p><b><\/b>[\/vc_column_text][\/vc_column][\/vc_row][vc_row][vc_column width=&#8220;1\/2&#8243;][vc_column_text]<\/p>\n<p><strong><br \/><\/strong>Kirche zum Hl. Antonius (1710) <br \/>Padre-Toledo-Museum<br \/>S\u00e3o-Jos\u00e9-das Botas-Brunnen (1749) <br \/><a href=\"https:\/\/museudesantana.org.br\" target=\"_blank\" rel=\"noopener\">Museum de Santana \u2013 museudesantana.org.br<\/a> <br \/><a href=\"https:\/\/museudaliturgia.com.br\" target=\"_blank\" rel=\"noopener\">Liturgiemuseum \u2013 museudaliturgia.com.br<\/a> \u00a0<\/p>\n<p><span style=\"color: #3366ff;\"><a style=\"color: #3366ff;\" href=\"http:\/\/visitas.minasgerais.com.br\/tiradentes\/index.htm\" target=\"_blank\" rel=\"noopener\"><b>Tour Virtuelle<\/b><\/a><\/span><\/p>\n<p>[\/vc_column_text][\/vc_column][vc_column width=&#8220;1\/2&#8243;][vc_single_image image=&#8220;4588&#8243; img_size=&#8220;medium&#8220;][\/vc_column][\/vc_row][vc_row][vc_column width=&#8220;1\/3&#8243;][vc_single_image image=&#8220;4604&#8243; img_size=&#8220;360\u00d7242.3&#8243;][\/vc_column][vc_column width=&#8220;1\/3&#8243;][vc_single_image image=&#8220;4607&#8243; img_size=&#8220;360\u00d7242&#8243;][\/vc_column][vc_column width=&#8220;1\/3&#8243;][vc_single_image image=&#8220;4382&#8243; img_size=&#8220;360\u00d7242&#8243;][\/vc_column][\/vc_row][vc_row][vc_column][vc_column_text]<\/p>\n<blockquote>\n<p><span style=\"color: #3366ff;\"><b><i>Cacha\u00e7a \u2014 Zuckerrohrschnaps Destillation &amp; Verkostung<\/i><\/b><\/span><\/p>\n<\/blockquote>\n<p>Besichtigungen t\u00e4glich um 10:10 Uhr (au\u00dfer Mittwoch)<br \/>Wie w\u00e4re es in den Herstellungsprozess von hochwertigem Zuckerrohrschnaps einblicken zu k\u00f6nnen? Die Schnapsbrennerei MAZUMA MINEIRA ist leicht zu erreichen um alles \u00fcber den begehrten Cacha\u00e7a zu erfahren.<br \/>Vom Zuckerrohrfeld bis hin zur Lagerung des wertvollen Destillats, erfahren Sie alles was unmittelbar bei der Ernte (Pr\u00e4dikat Silber) und nach einer langj\u00e4hrige Reife (Pr\u00e4dikat Gold) zu einem erlesenen Geschmack f\u00fchrt. Dabei liegt Ihnen die Bergkette der Serra de S\u00e3o Jos\u00e9 als stimmungsvoller Rahmen zu F\u00fc\u00dfen. Alle Begeisterten \u2013 und die es werden wollen \u2013 befinden sich ab nun inmitten der spannenden Welt des Klassikers der brasilianischen Getr\u00e4nke, der Caipirinha<\/p>\n<p>[\/vc_column_text][\/vc_column][\/vc_row][vc_row][vc_column width=&#8220;1\/3&#8243;][vc_single_image image=&#8220;4765&#8243; img_size=&#8220;300&#215;200&#8243;][\/vc_column][vc_column width=&#8220;1\/3&#8243;][vc_single_image image=&#8220;4766&#8243; img_size=&#8220;300&#215;200&#8243;][\/vc_column][vc_column width=&#8220;1\/3&#8243;][vc_single_image image=&#8220;4767&#8243; img_size=&#8220;300&#215;200&#8243;][\/vc_column][\/vc_row]<\/p>\n","protected":false},"excerpt":{"rendered":"<p>[vc_row][vc_column][vc_column_text] TIRADENTES [\/vc_column_text][\/vc_column][\/vc_row][vc_row][vc_column width=&#8220;1\/2&#8243;][vc_single_image image=&#8220;4668&#8243; img_size=&#8220;full&#8220;][\/vc_column][vc_column width=&#8220;1\/2&#8243;][vc_column_text] Wirklichkeitsnahe Nachbildungen volkst\u00fcmlicher Figuren ist charakteristisch f\u00fcr brasilianische Kunst und ihre unterschiedlichen Gesellschaftseinfl\u00fcsse&#8230;<\/p>\n","protected":false},"author":2,"featured_media":0,"parent":0,"menu_order":0,"comment_status":"closed","ping_status":"closed","template":"","meta":[],"_links":{"self":[{"href":"https:\/\/ouropretoturismo.com.br\/wp-json\/wp\/v2\/pages\/4373"}],"collection":[{"href":"https:\/\/ouropretoturismo.com.br\/wp-json\/wp\/v2\/pages"}],"about":[{"href":"https:\/\/ouropretoturismo.com.br\/wp-json\/wp\/v2\/types\/page"}],"author":[{"embeddable":true,"href":"https:\/\/ouropretoturismo.com.br\/wp-json\/wp\/v2\/users\/2"}],"replies":[{"embeddable":true,"href":"https:\/\/ouropretoturismo.com.br\/wp-json\/wp\/v2\/comments?post=4373"}],"version-history":[{"count":52,"href":"https:\/\/ouropretoturismo.com.br\/wp-json\/wp\/v2\/pages\/4373\/revisions"}],"predecessor-version":[{"id":4783,"href":"https:\/\/ouropretoturismo.com.br\/wp-json\/wp\/v2\/pages\/4373\/revisions\/4783"}],"wp:attachment":[{"href":"https:\/\/ouropretoturismo.com.br\/wp-json\/wp\/v2\/media?parent=4373"}],"curies":[{"name":"wp","href":"https:\/\/api.w.org\/{rel}","templated":true}]}}