{"id":4350,"date":"2021-02-26T21:32:54","date_gmt":"2021-02-26T21:32:54","guid":{"rendered":"https:\/\/ouropretoturismo.com.br\/en\/?page_id=4350"},"modified":"2021-04-30T15:14:12","modified_gmt":"2021-04-30T15:14:12","slug":"sao-joao-del-rey","status":"publish","type":"page","link":"https:\/\/ouropretoturismo.com.br\/sao-joao-del-rey\/","title":{"rendered":"S\u00e3o Jo\u00e3o del Rei"},"content":{"rendered":"<p>[vc_row][vc_column][vc_column_text]<\/p>\n<h3 style=\"text-align: center;\">S\u00c3O JO\u00c3O DEL REI<\/h3>\n<p>[\/vc_column_text][\/vc_column][\/vc_row][vc_row][vc_column width=&#8220;1\/2&#8243;][vc_single_image image=&#8220;4675&#8243; img_size=&#8220;full&#8220;][\/vc_column][vc_column width=&#8220;1\/2&#8243;][vc_column_text]<\/p>\n<p>Die Besichtigung von S\u00e3o Jo\u00e3o del Rei ist ein Pflichtprogramm. Hier leben weiterhin die religi\u00f6sen Traditionen der Epoche der Kolonie, die sich durch Kirchen, Prozessionen und die Gewohnheiten der Gl\u00e4ubigen erhalten hat. Aus den engen, gewunden Stra\u00dfen erklingen an Sonntagen die Kirchenglocken, die zur Messe rufen. Die Zinnmanufaktur Brasiliens ist hier zu Hause.<\/p>\n<p>[\/vc_column_text][vc_column_text]<strong>\u00a0\u00a0\u00a0<\/strong><\/p>\n<p><strong>Sehensw\u00fcrdigkeiten:<\/strong> <br \/>\u2013 Pilar-Kirche (Unsere Liebe Frau auf dem Pfeiler)<br \/>\u2013 Eisenbahn-Museum<\/p>\n<p><span style=\"color: #3366ff;\"><a style=\"color: #3366ff;\" href=\"http:\/\/visitas.minasgerais.com.br\/sjdr\/index74.htm\" target=\"_blank\" rel=\"noopener\"><b>Virtual Tour<\/b><\/a><\/span><\/p>\n<p>[\/vc_column_text][\/vc_column][\/vc_row][vc_row][vc_column][vc_column_text]<\/p>\n<blockquote><p><span style=\"color: #3366ff;\"><strong>Zugfahrt zwischen S\u00e3o Jo\u00e3o del Rei und Tiradentes <\/strong><\/span><\/p><\/blockquote>\n<p>[\/vc_column_text][\/vc_column][\/vc_row][vc_row][vc_column width=&#8220;1\/3&#8243;][vc_column_text]<\/p>\n<p>Die dampfend schnaubende Lokomotive macht ihrem Namen \u201eMaria Fuma\u00e7a\u201c (RauchendeMaria) volle Ehren und f\u00e4hrt mehrmals an Wochenenden und Feiertagen. Ein Spektakel f\u00fcr sich ist das manuelle Umdrehen der Lokomotive auf einer Drehscheibe um sie auf der anderen Seite der Wagongarnitur zur 30 min\u00fctigen R\u00fcckfahrt anzukoppeln<\/p>\n<p>[\/vc_column_text][\/vc_column][vc_column width=&#8220;1\/3&#8243;][vc_single_image image=&#8220;4359&#8243; img_size=&#8220;full&#8220;][\/vc_column][vc_column width=&#8220;1\/3&#8243;][vc_single_image image=&#8220;4371&#8243; img_size=&#8220;full&#8220;][\/vc_column][\/vc_row][vc_row][vc_column width=&#8220;2\/3&#8243;][vc_single_image image=&#8220;4367&#8243; img_size=&#8220;full&#8220;][\/vc_column][vc_column width=&#8220;1\/3&#8243;][vc_single_image image=&#8220;4596&#8243; img_size=&#8220;full&#8220;][\/vc_column][\/vc_row]<\/p>\n","protected":false},"excerpt":{"rendered":"<p>[vc_row][vc_column][vc_column_text] S\u00c3O JO\u00c3O DEL REI [\/vc_column_text][\/vc_column][\/vc_row][vc_row][vc_column width=&#8220;1\/2&#8243;][vc_single_image image=&#8220;4675&#8243; img_size=&#8220;full&#8220;][\/vc_column][vc_column width=&#8220;1\/2&#8243;][vc_column_text] Die Besichtigung von S\u00e3o Jo\u00e3o del Rei ist ein Pflichtprogramm&#8230;.<\/p>\n","protected":false},"author":2,"featured_media":0,"parent":0,"menu_order":0,"comment_status":"closed","ping_status":"closed","template":"","meta":[],"_links":{"self":[{"href":"https:\/\/ouropretoturismo.com.br\/wp-json\/wp\/v2\/pages\/4350"}],"collection":[{"href":"https:\/\/ouropretoturismo.com.br\/wp-json\/wp\/v2\/pages"}],"about":[{"href":"https:\/\/ouropretoturismo.com.br\/wp-json\/wp\/v2\/types\/page"}],"author":[{"embeddable":true,"href":"https:\/\/ouropretoturismo.com.br\/wp-json\/wp\/v2\/users\/2"}],"replies":[{"embeddable":true,"href":"https:\/\/ouropretoturismo.com.br\/wp-json\/wp\/v2\/comments?post=4350"}],"version-history":[{"count":45,"href":"https:\/\/ouropretoturismo.com.br\/wp-json\/wp\/v2\/pages\/4350\/revisions"}],"predecessor-version":[{"id":4784,"href":"https:\/\/ouropretoturismo.com.br\/wp-json\/wp\/v2\/pages\/4350\/revisions\/4784"}],"wp:attachment":[{"href":"https:\/\/ouropretoturismo.com.br\/wp-json\/wp\/v2\/media?parent=4350"}],"curies":[{"name":"wp","href":"https:\/\/api.w.org\/{rel}","templated":true}]}}