{"id":4286,"date":"2021-02-18T01:57:26","date_gmt":"2021-02-18T01:57:26","guid":{"rendered":"https:\/\/ouropretoturismo.com.br\/en\/?page_id=4286"},"modified":"2021-04-05T19:25:59","modified_gmt":"2021-04-05T19:25:59","slug":"congonhas","status":"publish","type":"page","link":"https:\/\/ouropretoturismo.com.br\/congonhas\/","title":{"rendered":"Congonhas"},"content":{"rendered":"<p>[vc_row][vc_column][vc_column_text]<\/p>\n<h3 style=\"text-align: center;\">CONGONHAS<\/h3>\n<p>[\/vc_column_text][\/vc_column][\/vc_row][vc_row][vc_column width=&#8220;1\/2&#8243;][vc_single_image image=&#8220;4237&#8243; img_size=&#8220;full&#8220;][\/vc_column][vc_column width=&#8220;1\/2&#8243;][vc_column_text]<\/p>\n<div>Ausdrucksvolle Ornamentik und \u00fcberladene Formen dargestellter Liturgie kennzeichnen den Barock und ihre religi\u00f6sen Geb\u00e4ude. \u00dcppige Engelgestalten und pausb\u00e4ckige Engelsk\u00f6pfe wurden Zeichen seiner Arbeit und des Brasilianischen Barocks.<\/div>\n<div>\u00a0<\/div>\n<div>Den gr\u00f6\u00dfte Kunstschatz Brasiliens dieser Zeit stellen die 12 Propheten aus Speckstein und eine Gruppe holzgeschnitzter, bemalter Figuren in Lebensgr\u00f6\u00dfe dar \u2013 der Passionsweg Christi \u2013 f\u00fcr dessen Arbeit der Bildhauer 10 Jahre in Congonhas lebte.<\/div>\n<div>\u00a0<\/div>\n<div class=\"wp-block-column\"><span style=\"color: #3366ff;\"><a style=\"color: #3366ff;\" href=\"https:\/\/artsandculture.google.com\/streetview\/santu%C3%A1rio-de-bom-jesus-de-congonhas\/MwGTltMfXQigaQ?sv_lng=-43.86091160699232&amp;sv_lat=-20.50764132347302&amp;sv_h=144.75684248704727&amp;sv_p=-3.5021434070478534&amp;sv_pid=mowh8kenUtPJxXZtHu4ICg&amp;sv_z=1\" target=\"_blank\" rel=\"noreferrer noopener\"><strong>Virtual Tour<\/strong><\/a><\/span><\/div>\n<p>[\/vc_column_text][\/vc_column][\/vc_row][vc_row][vc_column width=&#8220;1\/4&#8243;][\/vc_column][vc_column width=&#8220;3\/4&#8243;][\/vc_column][\/vc_row][vc_row][vc_column width=&#8220;1\/3&#8243;][vc_single_image image=&#8220;4287&#8243; img_size=&#8220;full&#8220;][\/vc_column][vc_column width=&#8220;1\/3&#8243;][vc_single_image image=&#8220;4534&#8243; img_size=&#8220;medium&#8220;][\/vc_column][vc_column width=&#8220;1\/3&#8243;][vc_single_image image=&#8220;4288&#8243; img_size=&#8220;full&#8220;][\/vc_column][\/vc_row]<\/p>\n","protected":false},"excerpt":{"rendered":"<p>[vc_row][vc_column][vc_column_text] CONGONHAS [\/vc_column_text][\/vc_column][\/vc_row][vc_row][vc_column width=&#8220;1\/2&#8243;][vc_single_image image=&#8220;4237&#8243; img_size=&#8220;full&#8220;][\/vc_column][vc_column width=&#8220;1\/2&#8243;][vc_column_text] Ausdrucksvolle Ornamentik und \u00fcberladene Formen dargestellter Liturgie kennzeichnen den Barock und ihre religi\u00f6sen&#8230;<\/p>\n","protected":false},"author":2,"featured_media":0,"parent":0,"menu_order":0,"comment_status":"closed","ping_status":"closed","template":"","meta":[],"_links":{"self":[{"href":"https:\/\/ouropretoturismo.com.br\/wp-json\/wp\/v2\/pages\/4286"}],"collection":[{"href":"https:\/\/ouropretoturismo.com.br\/wp-json\/wp\/v2\/pages"}],"about":[{"href":"https:\/\/ouropretoturismo.com.br\/wp-json\/wp\/v2\/types\/page"}],"author":[{"embeddable":true,"href":"https:\/\/ouropretoturismo.com.br\/wp-json\/wp\/v2\/users\/2"}],"replies":[{"embeddable":true,"href":"https:\/\/ouropretoturismo.com.br\/wp-json\/wp\/v2\/comments?post=4286"}],"version-history":[{"count":25,"href":"https:\/\/ouropretoturismo.com.br\/wp-json\/wp\/v2\/pages\/4286\/revisions"}],"predecessor-version":[{"id":4659,"href":"https:\/\/ouropretoturismo.com.br\/wp-json\/wp\/v2\/pages\/4286\/revisions\/4659"}],"wp:attachment":[{"href":"https:\/\/ouropretoturismo.com.br\/wp-json\/wp\/v2\/media?parent=4286"}],"curies":[{"name":"wp","href":"https:\/\/api.w.org\/{rel}","templated":true}]}}