{"id":4271,"date":"2021-02-18T01:39:43","date_gmt":"2021-02-18T01:39:43","guid":{"rendered":"https:\/\/ouropretoturismo.com.br\/en\/?page_id=4271"},"modified":"2021-04-09T14:01:50","modified_gmt":"2021-04-09T14:01:50","slug":"mariana","status":"publish","type":"page","link":"https:\/\/ouropretoturismo.com.br\/mariana\/","title":{"rendered":"Mariana"},"content":{"rendered":"<p>[vc_row][vc_column][vc_column_text]<\/p>\n<h3 style=\"text-align: center;\">MARIANA<\/h3>\n<p>[\/vc_column_text][\/vc_column][\/vc_row][vc_row][vc_column width=&#8220;1\/2&#8243;][vc_single_image image=&#8220;4228&#8243; img_size=&#8220;full&#8220;][\/vc_column][vc_column width=&#8220;1\/2&#8243;][vc_column_text]<\/p>\n<div class=\"wp-block-column\">Dieses entz\u00fcckende St\u00e4dtchen wurde 1696 gegr\u00fcndet und war f\u00fcr kurze Zeit die erste Hauptstadt von Minas Gerais. \u00dcbersetzt hie\u00df sie urspr\u00fcnglich K\u00f6nigliche Ortschaft zu Unserer Lieben Frau auf dem Berge Karmel, als sie 1745 zu Ehren der portugiesischen K\u00f6nigin Maria Ana von \u00d6sterreich umbenannt wurde.<br \/>Mariana wurde zum ersten Bischofsitz von Minas Gerais und erhielt den Ortscharakter des 18. Jahrhunderts, durch ihre gepflegte Architektur, das Originalpflaster aus rundgerollten Flusssteinen und Denkm\u00e4lern. Der gr\u00fcne, schattige Platz der Erzdi\u00f6zese unterstreicht die ruhige und romantischen Kleinstadtatmosph\u00e4re.<\/div>\n<div>Musikliebhabern wird hier ein Genuss der Sonderklasse geboten. Zweimal w\u00f6chentlich veranstaltet die Kathedrale ein Konzert auf einer deutschen Arp-Schnitger-Orgel aus dem Jahre 1701 (freitags um 11:00 Uhr, sonntags um 12:15 Uhr).<\/div>\n<div>In Minas Gerais war der Auftakt einer Kirchenbautradition, die sich \u2013 vom portugiesischen Mutterland gepr\u00e4gt \u2013 \u00fcber mehr als ein Jahrhundert erstrecken sollte. Das schlichte \u00c4u\u00dfere kontrastiert zum pomp\u00f6s \u00fcberladenen Innendekor.<\/div>\n<div>\u00a0<\/div>\n<div>[\/vc_column_text][\/vc_column][\/vc_row][vc_row][vc_column width=&#8220;1\/2&#8243;][vc_single_image image=&#8220;4742&#8243; img_size=&#8220;full&#8220;][\/vc_column][vc_column width=&#8220;1\/2&#8243;][vc_column_text]<br \/><strong>Sehensw\u00fcrdigkeiten<br \/><\/strong>\u2013 Erzbisch\u00f6fliches Museum<br \/>\u2013 Karmeliter- und Franz-von-Assisi-Kirche sowie die Kathedrale Mari\u00e4 Himmelfahrt.[\/vc_column_text][vc_single_image image=&#8220;4284&#8243; img_size=&#8220;full&#8220;][\/vc_column][\/vc_row][vc_row][vc_column width=&#8220;1\/4&#8243;][\/vc_column][vc_column width=&#8220;3\/4&#8243;][\/vc_column][\/vc_row]<\/div>\n","protected":false},"excerpt":{"rendered":"<p>[vc_row][vc_column][vc_column_text] MARIANA [\/vc_column_text][\/vc_column][\/vc_row][vc_row][vc_column width=&#8220;1\/2&#8243;][vc_single_image image=&#8220;4228&#8243; img_size=&#8220;full&#8220;][\/vc_column][vc_column width=&#8220;1\/2&#8243;][vc_column_text] Dieses entz\u00fcckende St\u00e4dtchen wurde 1696 gegr\u00fcndet und war f\u00fcr kurze Zeit die erste&#8230;<\/p>\n","protected":false},"author":2,"featured_media":0,"parent":0,"menu_order":0,"comment_status":"closed","ping_status":"closed","template":"","meta":[],"_links":{"self":[{"href":"https:\/\/ouropretoturismo.com.br\/wp-json\/wp\/v2\/pages\/4271"}],"collection":[{"href":"https:\/\/ouropretoturismo.com.br\/wp-json\/wp\/v2\/pages"}],"about":[{"href":"https:\/\/ouropretoturismo.com.br\/wp-json\/wp\/v2\/types\/page"}],"author":[{"embeddable":true,"href":"https:\/\/ouropretoturismo.com.br\/wp-json\/wp\/v2\/users\/2"}],"replies":[{"embeddable":true,"href":"https:\/\/ouropretoturismo.com.br\/wp-json\/wp\/v2\/comments?post=4271"}],"version-history":[{"count":23,"href":"https:\/\/ouropretoturismo.com.br\/wp-json\/wp\/v2\/pages\/4271\/revisions"}],"predecessor-version":[{"id":4763,"href":"https:\/\/ouropretoturismo.com.br\/wp-json\/wp\/v2\/pages\/4271\/revisions\/4763"}],"wp:attachment":[{"href":"https:\/\/ouropretoturismo.com.br\/wp-json\/wp\/v2\/media?parent=4271"}],"curies":[{"name":"wp","href":"https:\/\/api.w.org\/{rel}","templated":true}]}}