{"id":3762,"date":"2020-12-14T19:58:13","date_gmt":"2020-12-14T19:58:13","guid":{"rendered":"http:\/\/ouropretoturismo.com.br\/?page_id=3762"},"modified":"2021-04-27T20:13:27","modified_gmt":"2021-04-27T20:13:27","slug":"ouropreto","status":"publish","type":"page","link":"https:\/\/ouropretoturismo.com.br\/ouropreto\/","title":{"rendered":"Ouro Preto"},"content":{"rendered":"<p>[vc_row][vc_column][vc_column_text]<\/p>\n<h3><b>OURO PRETO<\/b><\/h3>\n<p>[\/vc_column_text][\/vc_column][\/vc_row][vc_row][vc_column width=&#8220;1\/2&#8243;][vc_single_image image=&#8220;4707&#8243; img_size=&#8220;full&#8220;][\/vc_column][vc_column width=&#8220;1\/2&#8243;][vc_column_text]<\/p>\n<p>Die Besichtigung von Ouro Preto ist ein Schritt hinein in die Geschichte menschlicher M\u00f6glichkeiten und ihrer Verwirklichung zur Zeit der gro\u00dfen Goldfunde. 13 Kirchen und zahlreiche \u00f6ffentliche Geb\u00e4ude erg\u00e4nzen den besterhaltenen Baustil der charmanten H\u00e4userfluchten. Die Franz-von-Assisi-, Karmeliter-, Rosenkranz-, Pilar- und Mari\u00e4-Empf\u00e4ngnis-Kirche sind wahre H\u00f6hepunkte.<\/p>\n<p>Zu den weiteren Bausch\u00e4tzen z\u00e4hlen das ehemalige Goldamt (Casa dos Contos), das Museum da Inconfid\u00eancia (darin wird u.a.<\/p>\n<p>Brasiliens fr\u00fcheste Unabh\u00e4ngigkeitsbewegung dokumentiert), das Mineralogische Museum und das Museum der Oratorien (mit einer umfangreichen Sammlung an Hausalt\u00e4ren).<\/p>\n<p>[\/vc_column_text][\/vc_column][\/vc_row][vc_row][vc_column width=&#8220;1\/3&#8243;][vc_column_text]<\/p>\n<p>Das Zusammenwirken von Geschichte und Kunst setzt den Rahmen, der von popul\u00e4ren, kulturellen wie auch religi\u00f6sen Anl\u00e4ssen das ganze Jahr \u00fcberflutet wird. Der Handarbeitsmarkt vor der Franz-von-Assisi-Kirche, das Winter-Festival, die Osterprozessionen und die Festlichkeit der Rosenkranz-Kirche sind einige der besonderen Ereignisse, die nicht vers\u00e4umt werden sollten.<\/p>\n<p>[\/vc_column_text][\/vc_column][vc_column width=&#8220;1\/3&#8243;][vc_single_image image=&#8220;4626&#8243; img_size=&#8220;full&#8220;][\/vc_column][vc_column width=&#8220;1\/3&#8243;][vc_single_image image=&#8220;4579&#8243; img_size=&#8220;full&#8220;][\/vc_column][\/vc_row][vc_row][vc_column][\/vc_column][\/vc_row][vc_row][vc_column][vc_column_text]<\/p>\n<p>Zuletzt erw\u00e4hnt \u2013 jedoch keinesfalls an letzter Stelle einzuordnen \u2013 sind die \u00f6rtlichen Restaurants, die vor allem, aber nicht ausschlie\u00dflich, die ber\u00fchmten Gerichte der regionalen Kochkunst anbieten, wo die Urspr\u00fcnge europ\u00e4ischer, afrikanischer und brasilianischer K\u00fcchentradition in Ihrem Gaumen zu einem kulinarischen Leckerbissen verschmelzen. Malereien von Manuel da Costa Atha\u00edde und Schnitzereiarbeiten von Ant\u00f4nio Francisco Lisboa, Aleijadinho genannt, sind lebende Beispiele enormer Kreativit\u00e4t einer \u00f6rtlichen Kunstschule bereits zur damaligen Zeit. Ouro Preto wurde zu Beginn des 18. Jahrhunderts gegr\u00fcndet und ist ein Meisterwerk brasilianischer Kunst und Architektur. Aus diesen Gr\u00fcnden wurde die Stadt von der UNESCO zum Kulturerbe der Menschheit erhoben. Ihre k\u00fcnstlerischen Details bezeugen von Originalit\u00e4t und Selbst\u00e4ndigkeit der Handwerker und K\u00fcnstler, die damit dem Brasilianischen Barock ein Denkmal setzten<\/p>\n<p>[\/vc_column_text][\/vc_column][\/vc_row][vc_row][vc_column][vc_column_text][\/vc_column_text][\/vc_column][\/vc_row][vc_row][vc_column width=&#8220;1\/3&#8243;][vc_column_text]<\/p>\n<p><strong>Sehensw\u00fcrdigkeiten<\/strong><\/p>\n<p>Franz-von-Assisi-Kirche<br \/>Pilar-Kirche<br \/>Museum der Oratorien (Hausalt\u00e4re)<br \/>Mineralogisches Museum<br \/>Opernhaus (Stadttheater)<\/p>\n<p>&nbsp;<\/p>\n<p>[\/vc_column_text][\/vc_column][vc_column width=&#8220;1\/3&#8243;][vc_column_text]<\/p>\n<p><strong>Virtuelle Tour<\/strong><strong><br \/><\/strong><\/p>\n<p><span style=\"color: #3366ff;\"><b>&#8211;<\/b><a style=\"color: #3366ff;\" href=\"http:\/\/www.eravirtual.org\/op_eng\/\"> <b>Ouro Preto<\/b><\/a><\/span><\/p>\n<p><span style=\"color: #3366ff;\"><b>&#8211; <\/b><strong><a style=\"color: #3366ff;\" href=\"http:\/\/visitas.minasgerais.com.br\/ouropreto\/index57.htm\" target=\"_blank\" rel=\"noopener\">Pilar-Kirche<\/a><\/strong><\/span><\/p>\n<p><span style=\"color: #3366ff;\"><b>&#8211;<\/b>\u00a0<b><\/b><\/span><b><strong><a href=\"http:\/\/visitas.minasgerais.com.br\/ouropreto\/index91.htm\" target=\"_blank\" rel=\"noopener\"><span style=\"color: #3366ff;\">Franz-von-Assisi-Kirche<\/span><\/a><\/strong><\/b>[\/vc_column_text][\/vc_column][vc_column width=&#8220;1\/3&#8243;][vc_single_image image=&#8220;4212&#8243; img_size=&#8220;full&#8220;][\/vc_column][\/vc_row][vc_row][vc_column width=&#8220;1\/4&#8243;][\/vc_column][vc_column width=&#8220;1\/4&#8243;][\/vc_column][vc_column width=&#8220;1\/4&#8243;][\/vc_column][vc_column width=&#8220;1\/4&#8243;][\/vc_column][\/vc_row][vc_row][vc_column][vc_column_text]<\/p>\n<blockquote>\n<p><b><span style=\"color: #3366ff;\">\u201cMine des Alten Palastes\u201d<\/span><br \/><\/b><\/p>\n<\/blockquote>\n<p>[\/vc_column_text][\/vc_column][\/vc_row][vc_row][vc_column width=&#8220;2\/3&#8243;][vc_column_text]<\/p>\n<p>Die \u201cMine des Alten Palastes\u201d [Minas do Pal\u00e1cio Velho] ist Bestandteil der \u00e4ltesten und produktivsten Goldf\u00f6rderung des 18. Jahrhunderts in Minas Gerais. Sie befindet sich genau unterhalb der Ruinen des urspr\u00fcnglichen Gouverneurspalastes. Die gesamte dabei verwendete Struktur des Goldabbaus ist erhalten geblieben. Zu sehen sind Stollen, G\u00e4nge, Gro\u00dfr\u00e4ume und ebenso Pl\u00e4tze wo Gold aus dem Stein gewaschen und das Muttergestein in einem Zerkleinerungsprozess zerschlagen und gemahlen wurde. Sch\u00e4chte aus solidem Stein bilden einen bequemen Weg der durch den st\u00e4ndigen Wechsel von Innen und Au\u00dfen die Mine und ihre Besucher atmen l\u00e4sst. Die Furchen der alten Werkzeuge schrieben sichtbar die Geschichte der Sklavenkraft in die W\u00e4nde der Galerien und erlauben einen Vergleich mit den Bergbaumethoden Afrikas aus dieser Zeit. Das Gold aus Brasilien machte Portugal zum wirtschaftlich bedeutendsten Land Europas..<\/p>\n<p>[\/vc_column_text][\/vc_column][vc_column width=&#8220;1\/3&#8243;][vc_single_image image=&#8220;4719&#8243; img_size=&#8220;full&#8220;][\/vc_column][\/vc_row][vc_row][vc_column][vc_column_text]<\/p>\n<blockquote>\n<p><span style=\"color: #3366ff;\">Bahnfahrt zwischen <strong>Ouro Preto und Mariana<\/strong><\/span><\/p>\n<\/blockquote>\n<p>[\/vc_column_text][\/vc_column][\/vc_row][vc_row][vc_column width=&#8220;1\/3&#8243;][vc_column_text]<\/p>\n<p>Eine Diesellok zieht f\u00fcnf Passagierwagone mit jeweils 360 G\u00e4sten pro Fahrt. Die alten Wagone haben noch ihre urspr\u00fcngliche Holzausstattung, und dazu gibt es einen speziell angefertigten. \u201cPanorama-Wagon\u201c, der durch seine transparente Struktur einen Rundum-Blick auf die vor\u00fcberziehende Landschaft erlaubt. Die anderthalb st\u00fcndige Fahrt findet an Freitagen, Samstagen und Sonntagen statt.<\/p>\n<p>[\/vc_column_text][\/vc_column][vc_column width=&#8220;1\/3&#8243;][vc_single_image image=&#8220;4206&#8243; img_size=&#8220;full&#8220;][\/vc_column][vc_column width=&#8220;1\/3&#8243;][vc_single_image image=&#8220;4207&#8243; img_size=&#8220;full&#8220;][\/vc_column][\/vc_row]<\/p>\n","protected":false},"excerpt":{"rendered":"<p>[vc_row][vc_column][vc_column_text] OURO PRETO [\/vc_column_text][\/vc_column][\/vc_row][vc_row][vc_column width=&#8220;1\/2&#8243;][vc_single_image image=&#8220;4707&#8243; img_size=&#8220;full&#8220;][\/vc_column][vc_column width=&#8220;1\/2&#8243;][vc_column_text] Die Besichtigung von Ouro Preto ist ein Schritt hinein in die Geschichte&#8230;<\/p>\n","protected":false},"author":2,"featured_media":4503,"parent":0,"menu_order":0,"comment_status":"closed","ping_status":"closed","template":"","meta":[],"_links":{"self":[{"href":"https:\/\/ouropretoturismo.com.br\/wp-json\/wp\/v2\/pages\/3762"}],"collection":[{"href":"https:\/\/ouropretoturismo.com.br\/wp-json\/wp\/v2\/pages"}],"about":[{"href":"https:\/\/ouropretoturismo.com.br\/wp-json\/wp\/v2\/types\/page"}],"author":[{"embeddable":true,"href":"https:\/\/ouropretoturismo.com.br\/wp-json\/wp\/v2\/users\/2"}],"replies":[{"embeddable":true,"href":"https:\/\/ouropretoturismo.com.br\/wp-json\/wp\/v2\/comments?post=3762"}],"version-history":[{"count":118,"href":"https:\/\/ouropretoturismo.com.br\/wp-json\/wp\/v2\/pages\/3762\/revisions"}],"predecessor-version":[{"id":4782,"href":"https:\/\/ouropretoturismo.com.br\/wp-json\/wp\/v2\/pages\/3762\/revisions\/4782"}],"wp:featuredmedia":[{"embeddable":true,"href":"https:\/\/ouropretoturismo.com.br\/wp-json\/wp\/v2\/media\/4503"}],"wp:attachment":[{"href":"https:\/\/ouropretoturismo.com.br\/wp-json\/wp\/v2\/media?parent=3762"}],"curies":[{"name":"wp","href":"https:\/\/api.w.org\/{rel}","templated":true}]}}