{"id":3586,"date":"2019-04-23T10:15:27","date_gmt":"2019-04-23T10:15:27","guid":{"rendered":"http:\/\/keenitsolutions.com\/products\/wordpress\/batiment\/?page_id=3467"},"modified":"2021-04-09T14:01:14","modified_gmt":"2021-04-09T14:01:14","slug":"cleaning-onepage","status":"publish","type":"page","link":"https:\/\/ouropretoturismo.com.br\/","title":{"rendered":"Cleaning &#8211; Onepage"},"content":{"rendered":"<p>[vc_row full_width=&#8220;stretch_row&#8220; css=&#8220;.vc_custom_1529492547476{padding-top: 0px !important;padding-bottom: 5px !important;}&#8220; el_id=&#8220;rs-we-work&#8220; el_class=&#8220;rs-we-work-clean&#8220;][vc_column][vc_column_text]-[\/vc_column_text][\/vc_column][\/vc_row][vc_row full_width=&#8220;stretch_row&#8220; css=&#8220;.vc_custom_1529902399527{padding-top: 55px !important;padding-bottom: 40px !important;background-color: #f0f0f0 !important;}&#8220; el_id=&#8220;rs-services&#8220; el_class=&#8220;services-three&#8220;][vc_column][vc_column_text]<\/p>\n<h2 style=\"text-align: center;\"><strong>KOLONIALST\u00c4DTE<\/strong><\/h2>\n<p>[\/vc_column_text][vc_row_inner][vc_column_inner width=&#8220;1\/3&#8243;]<div class=\"rs-services\"><div class=\"service-inner services-style-3 center  \">\n\t\t<div class=\"services-wrap\"> \n         <div class=\"services-item\">\n            <div class=\"services-icon\">\n                <a href=\"http:\/\/ouropretoturismo.com.br\/ouropreto\/\" title=\"Ouro Preto\"><img src=\"https:\/\/ouropretoturismo.com.br\/wp-content\/uploads\/Destaque-home-OuroPreto.jpg\" alt=\"OURO PRETO\" \/><\/a>\n             <\/div>\n        \n\t\t<div class=\"services-desc\">\n\t\t\t<h3 class=\"services-title services-title2\"><a href=\"http:\/\/ouropretoturismo.com.br\/ouropreto\/\" title=\"Ouro Preto\">OURO PRETO<\/a><\/h3>\n\t\t\t<p>Ouro Preto ist das Meisterwerk brasilianischer Kolonialarchitektur, wurde zu Beginn des 18. Jahrhunderts gegr\u00fcndet und verdient es, als allererste Stadt des Landes von der UNESCO bereits 1980 zum Weltkulturerbe ernannt worden zu sein.\u00a0<a href=\"http:\/\/ouropretoturismo.com.br\/de\/ouropreto\/\"><strong> WEITERLESEN<\/strong><\/a><\/p>\n\t\t\t\n\t\t<\/div>\t\t\n\t\t<\/div>\t\n\t<\/div>\n\t<\/div><\/div><div class=\"rs-services\"><div class=\"service-inner services-style-3 center  \">\n\t\t<div class=\"services-wrap\"> \n         <div class=\"services-item\">\n            <div class=\"services-icon\">\n                <a href=\"https:\/\/ouropretoturismo.com.br\/sao-joao-del-rey\/\" title=\"S\u00e3o Jo\u00e3o del Rey\"><img src=\"https:\/\/ouropretoturismo.com.br\/wp-content\/uploads\/Destaque-home-sao-joao-del-rei.jpg\" alt=\"S\u00c3O JO\u00c3O DEL REY\" \/><\/a>\n             <\/div>\n        \n\t\t<div class=\"services-desc\">\n\t\t\t<h3 class=\"services-title services-title2\"><a href=\"https:\/\/ouropretoturismo.com.br\/sao-joao-del-rey\/\" title=\"S\u00e3o Jo\u00e3o del Rey\">S\u00c3O JO\u00c3O DEL REY<\/a><\/h3>\n\t\t\t<p>Die Besichtigung von S\u00e3o Jo\u00e3o del Rei ist ein Pflichtprogramm. Hier leben weiterhin die religi\u00f6sen Traditionen der Epoche der Kolonie, die sich durch Kirchen, Prozessionen und die Gewohnheiten der Gl\u00e4ubigen erhalten hat. \u00a0\u00a0<strong><a href=\"https:\/\/ouropretoturismo.com.br\/de\/sao-joao-del-rey\/\"> WEITERLESEN<\/a><\/strong><\/p>\n\t\t\t\n\t\t<\/div>\t\t\n\t\t<\/div>\t\n\t<\/div>\n\t<\/div><\/div><div class=\"rs-services\"><div class=\"service-inner services-style-3 center  \">\n\t\t<div class=\"services-wrap\"> \n         <div class=\"services-item\">\n            <div class=\"services-icon\">\n                <a href=\"https:\/\/ouropretoturismo.com.br\/diamantina\/\" title=\"Diamantina\"><img src=\"https:\/\/ouropretoturismo.com.br\/wp-content\/uploads\/Destaque-home-diamantina.jpg\" alt=\"DIAMANTINA\" \/><\/a>\n             <\/div>\n        \n\t\t<div class=\"services-desc\">\n\t\t\t<h3 class=\"services-title services-title2\"><a href=\"https:\/\/ouropretoturismo.com.br\/diamantina\/\" title=\"Diamantina\">DIAMANTINA<\/a><\/h3>\n\t\t\t<p>Diamantina liegt im Norden von Minas Gerais, eine hochgelegene Stadt (1200 m), die sich von allen anderen sehr unterscheidet, nicht zuletzt deshalb, da sie sehr abgelegen ist und ihren Reichtum von den Diamantfunden bezog.<\/p>\n<p>&nbsp;<\/p>\n<p>&nbsp;<\/p>\n<p>\u00a0 \u00a0\u00a0<strong><a href=\"https:\/\/ouropretoturismo.com.br\/de\/diamantina\/\"> WEITERLESEN<\/a><\/strong><\/p>\n\t\t\t\n\t\t<\/div>\t\t\n\t\t<\/div>\t\n\t<\/div>\n\t<\/div><\/div>[\/vc_column_inner][vc_column_inner width=&#8220;1\/3&#8243;]<div class=\"rs-services\"><div class=\"service-inner services-style-3 center  vc_custom_1614540979701 \">\n\t\t<div class=\"services-wrap\"> \n         <div class=\"services-item\">\n            <div class=\"services-icon\">\n                <a href=\"https:\/\/ouropretoturismo.com.br\/mariana\/\" title=\"Mariana\"><img src=\"https:\/\/ouropretoturismo.com.br\/wp-content\/uploads\/Destaque-home-Mariana.jpg\" alt=\"MARIANA\" \/><\/a>\n             <\/div>\n        \n\t\t<div class=\"services-desc\">\n\t\t\t<h3 class=\"services-title services-title2\"><a href=\"https:\/\/ouropretoturismo.com.br\/mariana\/\" title=\"Mariana\">MARIANA<\/a><\/h3>\n\t\t\t<p>Dieses entz\u00fcckende St\u00e4dtchen wurde 1696 gegr\u00fcndet und war f\u00fcr kurze Zeit die erste Hauptstadt von Minas Gerais. \u00dcbersetzt hie\u00df sie urspr\u00fcnglich K\u00f6nigliche Ortschaft zu Unserer Lieben Frau auf dem Berge Karmel.<\/p>\n<p>&nbsp;<\/p>\n<p><strong><a href=\"https:\/\/ouropretoturismo.com.br\/de\/mariana\/\">WEITERLESEN<\/a><\/strong><\/p>\n\t\t\t\n\t\t<\/div>\t\t\n\t\t<\/div>\t\n\t<\/div>\n\t<\/div><\/div><div class=\"rs-services\"><div class=\"service-inner services-style-3 center  \">\n\t\t<div class=\"services-wrap\"> \n         <div class=\"services-item\">\n            <div class=\"services-icon\">\n                <a href=\"https:\/\/ouropretoturismo.com.br\/tiradentes\/\" title=\"Tiradentes\"><img src=\"https:\/\/ouropretoturismo.com.br\/wp-content\/uploads\/Destaque-home-Tiradentes.jpg\" alt=\"TIRADENTES\" \/><\/a>\n             <\/div>\n        \n\t\t<div class=\"services-desc\">\n\t\t\t<h3 class=\"services-title services-title2\"><a href=\"https:\/\/ouropretoturismo.com.br\/tiradentes\/\" title=\"Tiradentes\">TIRADENTES<\/a><\/h3>\n\t\t\t<p>Komfort, Luxus und Stil machen aus Tiradentes einen der faszinierendsten Orte von Minas Gerais. Restaurants mit ausgew\u00e4hlter K\u00fcche geben diesem kleinen Pl\u00e4tzchen eine besondere romantische Note.\u00a0<\/p>\n<p><strong><a href=\"https:\/\/ouropretoturismo.com.br\/de\/tiradentes\/\">WEITERLESEN<\/a><\/strong><\/p>\n\t\t\t\n\t\t<\/div>\t\t\n\t\t<\/div>\t\n\t<\/div>\n\t<\/div><\/div><div class=\"rs-services\"><div class=\"service-inner services-style-3 center  \">\n\t\t<div class=\"services-wrap\"> \n         <div class=\"services-item\">\n            <div class=\"services-icon\">\n                <a href=\"https:\/\/ouropretoturismo.com.br\/inhotim\/\" title=\"Inhotim\"><img src=\"https:\/\/ouropretoturismo.com.br\/wp-content\/uploads\/Destaque-home-inhotim.jpg\" alt=\"INHOTIM\" \/><\/a>\n             <\/div>\n        \n\t\t<div class=\"services-desc\">\n\t\t\t<h3 class=\"services-title services-title2\"><a href=\"https:\/\/ouropretoturismo.com.br\/inhotim\/\" title=\"Inhotim\">INHOTIM<\/a><\/h3>\n\t\t\t<p>Diese weltweit einzigartige Sammlung von Werken zeitgen\u00f6ssischer K\u00fcnstlern aus allen Teilen der Welt verstreut sich gro\u00dfz\u00fcgig, teils in Galerien, teils im Freien eines Gartens von 140 ha. Hier \u00fcberschreiten wir deutlich die Grenzen jedes herk\u00f6mmlichen Museums.\u00a0<\/p>\n<p><strong><a href=\"https:\/\/ouropretoturismo.com.br\/de\/inhotim\/\">WEITERLESEN<\/a><\/strong><\/p>\n\t\t\t\n\t\t<\/div>\t\t\n\t\t<\/div>\t\n\t<\/div>\n\t<\/div><\/div>[\/vc_column_inner][vc_column_inner width=&#8220;1\/3&#8243;]<div class=\"rs-services\"><div class=\"service-inner services-style-3 center  \">\n\t\t<div class=\"services-wrap\"> \n         <div class=\"services-item\">\n            <div class=\"services-icon\">\n                <a href=\"https:\/\/ouropretoturismo.com.br\/congonhas\/\" title=\"Congonhas\"><img src=\"https:\/\/ouropretoturismo.com.br\/wp-content\/uploads\/Destaque-home-Congonhas.jpg\" alt=\"CONGONHAS\" \/><\/a>\n             <\/div>\n        \n\t\t<div class=\"services-desc\">\n\t\t\t<h3 class=\"services-title services-title2\"><a href=\"https:\/\/ouropretoturismo.com.br\/congonhas\/\" title=\"Congonhas\">CONGONHAS<\/a><\/h3>\n\t\t\t<p>Dieser Wallfahrtsort birgt die Skulpturen von Aleijadinho, die den Stufenaufgang zur Bom-Jesus-do-Matozinhos-Kirche verzieren und kr\u00f6nte mit dem Leidensweg Christi seinen menschlichen und sch\u00f6pferischen H\u00f6hepunkt.<\/p>\n<p>&nbsp;<\/p>\n<p><strong><a href=\"https:\/\/ouropretoturismo.com.br\/de\/congonhas\/\">WEITERLESEN<\/a><\/strong><\/p>\n\t\t\t\n\t\t<\/div>\t\t\n\t\t<\/div>\t\n\t<\/div>\n\t<\/div><\/div><div class=\"rs-services\"><div class=\"service-inner services-style-3 center  \">\n\t\t<div class=\"services-wrap\"> \n         <div class=\"services-item\">\n            <div class=\"services-icon\">\n                <a href=\"https:\/\/ouropretoturismo.com.br\/sabara\/\" title=\"Leishmanioses\"><img src=\"https:\/\/ouropretoturismo.com.br\/wp-content\/uploads\/Destaque-home-sabara.jpg\" alt=\"SABAR\u00c1\" \/><\/a>\n             <\/div>\n        \n\t\t<div class=\"services-desc\">\n\t\t\t<h3 class=\"services-title services-title2\"><a href=\"https:\/\/ouropretoturismo.com.br\/sabara\/\" title=\"Leishmanioses\">SABAR\u00c1<\/a><\/h3>\n\t\t\t<p>Sabar\u00e1 zeigt vor allem ihre Entwicklung religi\u00f6ser Kunst in Minas Gerais anhand von ornamentalen Formen und architektonischem Reichtum. Hier wird das barocke Erbe deutlich. \u00a0<\/p>\n<p>&nbsp;<\/p>\n<p><strong><a href=\"https:\/\/ouropretoturismo.com.br\/de\/sabara\/\"> WEITERLESEN<\/a><\/strong><\/p>\n\t\t\t\n\t\t<\/div>\t\t\n\t\t<\/div>\t\n\t<\/div>\n\t<\/div><\/div><div class=\"rs-services\"><div class=\"service-inner services-style-3 center  \">\n\t\t<div class=\"services-wrap\"> \n         <div class=\"services-item\">\n            <div class=\"services-icon\">\n                <a href=\"https:\/\/ouropretoturismo.com.br\/belo-horizonte\/\" title=\"Leishmanioses\"><img src=\"https:\/\/ouropretoturismo.com.br\/wp-content\/uploads\/Destaque-home-belo-horizonte.jpg\" alt=\"BELO HORIZONTE\" \/><\/a>\n             <\/div>\n        \n\t\t<div class=\"services-desc\">\n\t\t\t<h3 class=\"services-title services-title2\"><a href=\"https:\/\/ouropretoturismo.com.br\/belo-horizonte\/\" title=\"Leishmanioses\">BELO HORIZONTE<\/a><\/h3>\n\t\t\t<p>Belo Horizonte wurde 1897 gegr\u00fcndet und entwickelte sich zur drittgr\u00f6\u00dften Stadt und zu einem wichtigem Industriezentrum des Landes. Das Wahrzeichen der Stadt ist der Bezirk Pampulha, an einem k\u00fcnstlich angelegtem See gelegen, wo der weltber\u00fchmte Architekt Oscar Niemeyer\u00a0<strong><a href=\"https:\/\/ouropretoturismo.com.br\/de\/belo-horizonte\/\"> WEITERLESEN<\/a><\/strong><\/p>\n\t\t\t\n\t\t<\/div>\t\t\n\t\t<\/div>\t\n\t<\/div>\n\t<\/div><\/div>[\/vc_column_inner][\/vc_row_inner][\/vc_column][\/vc_row][vc_row][vc_column][\/vc_column][\/vc_row][vc_row full_width=&#8220;stretch_row&#8220; gap=&#8220;3&#8243; css=&#8220;.vc_custom_1614179378587{padding-top: 0px !important;padding-bottom: 0px !important;background-color: #fbc02d !important;}&#8220; el_id=&#8220;cleaning-sec-contact&#8220;][vc_column css=&#8220;.vc_custom_1526105721477{padding-top: 0px !important;padding-bottom: 0px !important;}&#8220;][\/vc_column][\/vc_row][vc_row][vc_column][\/vc_column][\/vc_row]<\/p>\n","protected":false},"excerpt":{"rendered":"<p>[vc_row full_width=&#8220;stretch_row&#8220; css=&#8220;.vc_custom_1529492547476{padding-top: 0px !important;padding-bottom: 5px !important;}&#8220; el_id=&#8220;rs-we-work&#8220; el_class=&#8220;rs-we-work-clean&#8220;][vc_column][vc_column_text]-[\/vc_column_text][\/vc_column][\/vc_row][vc_row full_width=&#8220;stretch_row&#8220; css=&#8220;.vc_custom_1529902399527{padding-top: 55px !important;padding-bottom: 40px !important;background-color: #f0f0f0 !important;}&#8220; el_id=&#8220;rs-services&#8220; el_class=&#8220;services-three&#8220;][vc_column][vc_column_text] KOLONIALST\u00c4DTE&#8230;<\/p>\n","protected":false},"author":2,"featured_media":0,"parent":0,"menu_order":0,"comment_status":"closed","ping_status":"closed","template":"","meta":[],"_links":{"self":[{"href":"https:\/\/ouropretoturismo.com.br\/wp-json\/wp\/v2\/pages\/3586"}],"collection":[{"href":"https:\/\/ouropretoturismo.com.br\/wp-json\/wp\/v2\/pages"}],"about":[{"href":"https:\/\/ouropretoturismo.com.br\/wp-json\/wp\/v2\/types\/page"}],"author":[{"embeddable":true,"href":"https:\/\/ouropretoturismo.com.br\/wp-json\/wp\/v2\/users\/2"}],"replies":[{"embeddable":true,"href":"https:\/\/ouropretoturismo.com.br\/wp-json\/wp\/v2\/comments?post=3586"}],"version-history":[{"count":126,"href":"https:\/\/ouropretoturismo.com.br\/wp-json\/wp\/v2\/pages\/3586\/revisions"}],"predecessor-version":[{"id":4762,"href":"https:\/\/ouropretoturismo.com.br\/wp-json\/wp\/v2\/pages\/3586\/revisions\/4762"}],"wp:attachment":[{"href":"https:\/\/ouropretoturismo.com.br\/wp-json\/wp\/v2\/media?parent=3586"}],"curies":[{"name":"wp","href":"https:\/\/api.w.org\/{rel}","templated":true}]}}